{"id":1476,"date":"2025-02-05T02:20:12","date_gmt":"2025-02-05T02:20:12","guid":{"rendered":"https:\/\/artisansignages.com\/?post_type=product&#038;p=1476"},"modified":"2025-02-05T03:15:10","modified_gmt":"2025-02-05T03:15:10","slug":"custom-stainless-steel-letters-for-commercial-sign-advertising-production","status":"publish","type":"product","link":"https:\/\/artisansignages.com\/de\/produkt\/custom-stainless-steel-letters-for-commercial-sign-advertising-production\/","title":{"rendered":"Kundenspezifische Edelstahlbuchstaben f\u00fcr die Produktion kommerzieller Schilderwerbung"},"content":{"rendered":"<table>\n<tbody>\n<tr>\n<td width=\"85\"><strong><b>Artikel<\/b><\/strong><\/td>\n<td width=\"477\">Kundenspezifische Edelstahlbuchstaben f\u00fcr die Produktion kommerzieller Schilderwerbung<\/td>\n<\/tr>\n<tr>\n<td width=\"85\"><strong><b>Material<\/b><\/strong><\/td>\n<td width=\"477\">Edelstahl der G\u00fcteklasse 201\/304\/316<\/td>\n<\/tr>\n<tr>\n<td width=\"85\"><strong><b>Gr\u00f6\u00dfe und Form<\/b><\/strong><\/td>\n<td width=\"477\">Ma\u00dfgeschneidertes Design<\/td>\n<\/tr>\n<tr>\n<td width=\"85\"><strong><b>Lichtquelle<\/b><\/strong><\/td>\n<td width=\"477\">\u00a0\/<\/td>\n<\/tr>\n<tr>\n<td width=\"85\"><strong><b>Transformator<\/b><\/strong><\/td>\n<td width=\"477\">\u00a0\/<\/td>\n<\/tr>\n<tr>\n<td width=\"85\"><strong><b>Verarbeitung<\/b><\/strong><\/td>\n<td width=\"477\">Laserschneiden, L\u00f6ten, Polieren, Lackieren und Montieren<\/td>\n<\/tr>\n<tr>\n<td width=\"85\"><strong><b>Garantiezeit<\/b><\/strong><\/td>\n<td width=\"477\">Edelstahl und Acryl sind 5 Jahre<\/td>\n<\/tr>\n<tr>\n<td width=\"85\"><strong><b>Verpackung<\/b><\/strong><\/td>\n<td width=\"477\">Innen besteht es aus Kunststoff und Schaumstoff, au\u00dfen aus Holzverpackung; au\u00dfen besteht das Holz aus einem Metallrohr.<\/td>\n<\/tr>\n<tr>\n<td width=\"85\"><strong><b>Zahlung<\/b><\/strong><\/td>\n<td width=\"477\">50% Anzahlung vor der Produktion, 50% Restbetrag vor dem Versand; T\/T, Western Union, Paypal<\/td>\n<\/tr>\n<tr>\n<td width=\"85\"><strong><b>Produktzeit<\/b><\/strong><\/td>\n<td width=\"477\">Normalerweise 5\u20137 Werktage, je nach Menge.<\/td>\n<\/tr>\n<tr>\n<td rowspan=\"3\" width=\"85\"><strong><b>Versand<\/b><\/strong><\/td>\n<td width=\"477\">Per Express: (DHL, FedEx, TNT, UPS usw.), 3-5 Tage<\/td>\n<\/tr>\n<tr>\n<td width=\"477\">Mit dem Flugzeug: 5-7 Tage<\/td>\n<\/tr>\n<tr>\n<td width=\"477\">Auf dem Seeweg: 20-30 Tage<\/td>\n<\/tr>\n<\/tbody>\n<\/table>\n<p><img loading=\"lazy\" decoding=\"async\" class=\"alignnone wp-image-1494\" src=\"https:\/\/artisansignages.com\/wp-content\/uploads\/2025\/02\/59-300x225.jpg\" alt=\"\" width=\"1200\" height=\"900\" srcset=\"https:\/\/artisansignages.com\/wp-content\/uploads\/2025\/02\/59-300x225.jpg 300w, https:\/\/artisansignages.com\/wp-content\/uploads\/2025\/02\/59-1024x768.jpg 1024w, https:\/\/artisansignages.com\/wp-content\/uploads\/2025\/02\/59-768x576.jpg 768w, https:\/\/artisansignages.com\/wp-content\/uploads\/2025\/02\/59-16x12.jpg 16w, https:\/\/artisansignages.com\/wp-content\/uploads\/2025\/02\/59-600x450.jpg 600w, https:\/\/artisansignages.com\/wp-content\/uploads\/2025\/02\/59.jpg 1440w\" sizes=\"auto, (max-width: 1200px) 100vw, 1200px\" \/> <img loading=\"lazy\" decoding=\"async\" class=\"alignnone wp-image-1496\" src=\"https:\/\/artisansignages.com\/wp-content\/uploads\/2025\/02\/511-300x225.jpg\" alt=\"\" width=\"1200\" height=\"900\" srcset=\"https:\/\/artisansignages.com\/wp-content\/uploads\/2025\/02\/511-300x225.jpg 300w, https:\/\/artisansignages.com\/wp-content\/uploads\/2025\/02\/511-1024x768.jpg 1024w, https:\/\/artisansignages.com\/wp-content\/uploads\/2025\/02\/511-768x576.jpg 768w, https:\/\/artisansignages.com\/wp-content\/uploads\/2025\/02\/511-16x12.jpg 16w, https:\/\/artisansignages.com\/wp-content\/uploads\/2025\/02\/511-600x450.jpg 600w, https:\/\/artisansignages.com\/wp-content\/uploads\/2025\/02\/511.jpg 1440w\" sizes=\"auto, (max-width: 1200px) 100vw, 1200px\" \/> <img loading=\"lazy\" decoding=\"async\" class=\"alignnone wp-image-1492\" src=\"https:\/\/artisansignages.com\/wp-content\/uploads\/2025\/02\/57-300x225.jpg\" alt=\"\" width=\"1200\" height=\"900\" srcset=\"https:\/\/artisansignages.com\/wp-content\/uploads\/2025\/02\/57-300x225.jpg 300w, https:\/\/artisansignages.com\/wp-content\/uploads\/2025\/02\/57-1024x768.jpg 1024w, https:\/\/artisansignages.com\/wp-content\/uploads\/2025\/02\/57-768x576.jpg 768w, https:\/\/artisansignages.com\/wp-content\/uploads\/2025\/02\/57-16x12.jpg 16w, https:\/\/artisansignages.com\/wp-content\/uploads\/2025\/02\/57-600x450.jpg 600w, https:\/\/artisansignages.com\/wp-content\/uploads\/2025\/02\/57.jpg 1440w\" sizes=\"auto, (max-width: 1200px) 100vw, 1200px\" \/><\/p>\n<h6>1. W\u00e4hlen Sie die Edelstahlfarbe.\uff08<span style=\"color: #ff0000;\"><strong>Andere Farbe kann lackiert werden<\/strong><\/span>\uff09<\/h6>\n<p><img loading=\"lazy\" decoding=\"async\" class=\"alignnone wp-image-1498\" src=\"https:\/\/artisansignages.com\/wp-content\/uploads\/2025\/02\/eb9358aaeb76bcff9cc61233144dd5e-e1738724636345-300x225.jpg\" alt=\"\" width=\"1200\" height=\"900\" srcset=\"https:\/\/artisansignages.com\/wp-content\/uploads\/2025\/02\/eb9358aaeb76bcff9cc61233144dd5e-e1738724636345-300x225.jpg 300w, https:\/\/artisansignages.com\/wp-content\/uploads\/2025\/02\/eb9358aaeb76bcff9cc61233144dd5e-e1738724636345-1024x768.jpg 1024w, https:\/\/artisansignages.com\/wp-content\/uploads\/2025\/02\/eb9358aaeb76bcff9cc61233144dd5e-e1738724636345-768x576.jpg 768w, https:\/\/artisansignages.com\/wp-content\/uploads\/2025\/02\/eb9358aaeb76bcff9cc61233144dd5e-e1738724636345-1536x1152.jpg 1536w, https:\/\/artisansignages.com\/wp-content\/uploads\/2025\/02\/eb9358aaeb76bcff9cc61233144dd5e-e1738724636345-16x12.jpg 16w, https:\/\/artisansignages.com\/wp-content\/uploads\/2025\/02\/eb9358aaeb76bcff9cc61233144dd5e-e1738724636345-600x450.jpg 600w, https:\/\/artisansignages.com\/wp-content\/uploads\/2025\/02\/eb9358aaeb76bcff9cc61233144dd5e-e1738724636345.jpg 1706w\" sizes=\"auto, (max-width: 1200px) 100vw, 1200px\" \/><\/p>\n<h6>2. Produktionsprozess<\/h6>\n<p><img loading=\"lazy\" decoding=\"async\" class=\"alignnone wp-image-1452\" src=\"https:\/\/artisansignages.com\/wp-content\/uploads\/2022\/03\/\u5de5\u827a\u6d41\u7a0b-300x266.jpg\" alt=\"\" width=\"1200\" height=\"1062\" srcset=\"https:\/\/artisansignages.com\/wp-content\/uploads\/2022\/03\/\u5de5\u827a\u6d41\u7a0b-300x266.jpg 300w, https:\/\/artisansignages.com\/wp-content\/uploads\/2022\/03\/\u5de5\u827a\u6d41\u7a0b-600x531.jpg 600w, https:\/\/artisansignages.com\/wp-content\/uploads\/2022\/03\/\u5de5\u827a\u6d41\u7a0b-14x12.jpg 14w, https:\/\/artisansignages.com\/wp-content\/uploads\/2022\/03\/\u5de5\u827a\u6d41\u7a0b.jpg 750w\" sizes=\"auto, (max-width: 1200px) 100vw, 1200px\" \/><\/p>\n<h6>4. Effekt ein-\/ausschalten<\/h6>\n<p><img loading=\"lazy\" decoding=\"async\" class=\"alignnone wp-image-1453\" src=\"https:\/\/artisansignages.com\/wp-content\/uploads\/2022\/03\/\u5f00\u706f\u5173\u706f\u5c55\u793a-300x130.jpg\" alt=\"\" width=\"1200\" height=\"518\" srcset=\"https:\/\/artisansignages.com\/wp-content\/uploads\/2022\/03\/\u5f00\u706f\u5173\u706f\u5c55\u793a-300x130.jpg 300w, https:\/\/artisansignages.com\/wp-content\/uploads\/2022\/03\/\u5f00\u706f\u5173\u706f\u5c55\u793a-600x259.jpg 600w, https:\/\/artisansignages.com\/wp-content\/uploads\/2022\/03\/\u5f00\u706f\u5173\u706f\u5c55\u793a-18x8.jpg 18w, https:\/\/artisansignages.com\/wp-content\/uploads\/2022\/03\/\u5f00\u706f\u5173\u706f\u5c55\u793a.jpg 725w\" sizes=\"auto, (max-width: 1200px) 100vw, 1200px\" \/><\/p>\n<h6>5. Verpackungsdetails<\/h6>\n<p><img loading=\"lazy\" decoding=\"async\" class=\"alignnone wp-image-1455\" src=\"https:\/\/artisansignages.com\/wp-content\/uploads\/2022\/03\/\u914d\u4ef6\u6253\u5305\u56fe-300x187.jpg\" alt=\"\" width=\"1200\" height=\"749\" srcset=\"https:\/\/artisansignages.com\/wp-content\/uploads\/2022\/03\/\u914d\u4ef6\u6253\u5305\u56fe-300x187.jpg 300w, https:\/\/artisansignages.com\/wp-content\/uploads\/2022\/03\/\u914d\u4ef6\u6253\u5305\u56fe-600x375.jpg 600w, https:\/\/artisansignages.com\/wp-content\/uploads\/2022\/03\/\u914d\u4ef6\u6253\u5305\u56fe-18x12.jpg 18w, https:\/\/artisansignages.com\/wp-content\/uploads\/2022\/03\/\u914d\u4ef6\u6253\u5305\u56fe.jpg 753w\" sizes=\"auto, (max-width: 1200px) 100vw, 1200px\" \/><\/p>","protected":false},"excerpt":{"rendered":"<p>Artikel: Kundenspezifische Edelstahlbuchstaben f\u00fcr die Produktion von Werbeschildern. Material: Edelstahl der G\u00fcteklasse 201\/304\/316. Gr\u00f6\u00dfe und Form: Kundenspezifisches Design. Lichtquelle\/Transformator\/Verarbeitung: Laserschneiden, L\u00f6ten, Polieren, Lackieren und Zusammenbauen. Garantiezeit: 5 Jahre. Verpackung: Innen: Kunststoff und Schaumstoff, au\u00dfen: Holzverpackung; au\u00dfen: Holz\u2026<\/p>","protected":false},"featured_media":1495,"comment_status":"closed","ping_status":"closed","template":"","meta":{"_kad_blocks_custom_css":"","_kad_blocks_head_custom_js":"","_kad_blocks_body_custom_js":"","_kad_blocks_footer_custom_js":"","_kadence_starter_templates_imported_post":true,"_kad_post_transparent":"default","_kad_post_title":"","_kad_post_layout":"default","_kad_post_sidebar_id":"","_kad_post_content_style":"default","_kad_post_vertical_padding":"default","_kad_post_feature":"","_kad_post_feature_position":"","_kad_post_header":false,"_kad_post_footer":false},"product_brand":[],"product_cat":[15],"product_tag":[33,30,28,27,29,32,31],"class_list":{"0":"post-1476","1":"product","2":"type-product","3":"status-publish","4":"has-post-thumbnail","6":"product_cat-15","7":"product_tag-3d-sign","8":"product_tag-business-sign","9":"product_tag-channel-letter","10":"product_tag-channel-letters","11":"product_tag-led-sign","12":"product_tag-lightup-sign","13":"product_tag-storefront","15":"first","16":"instock","17":"shipping-taxable","18":"purchasable","19":"product-type-simple","20":"entry","21":"content-bg","22":"loop-entry"},"taxonomy_info":{"product_cat":[{"value":15,"label":"Channel Letter"}],"product_tag":[{"value":33,"label":"3d sign"},{"value":30,"label":"business sign"},{"value":28,"label":"channel letter"},{"value":27,"label":"channel letters"},{"value":29,"label":"led sign"},{"value":32,"label":"lightup sign"},{"value":31,"label":"storefront"}]},"featured_image_src_large":["https:\/\/artisansignages.com\/wp-content\/uploads\/2025\/02\/510-1-1024x768.jpg",1024,768,true],"author_info":[],"comment_info":0,"_links":{"self":[{"href":"https:\/\/artisansignages.com\/de\/wp-json\/wp\/v2\/product\/1476","targetHints":{"allow":["GET"]}}],"collection":[{"href":"https:\/\/artisansignages.com\/de\/wp-json\/wp\/v2\/product"}],"about":[{"href":"https:\/\/artisansignages.com\/de\/wp-json\/wp\/v2\/types\/product"}],"replies":[{"embeddable":true,"href":"https:\/\/artisansignages.com\/de\/wp-json\/wp\/v2\/comments?post=1476"}],"wp:featuredmedia":[{"embeddable":true,"href":"https:\/\/artisansignages.com\/de\/wp-json\/wp\/v2\/media\/1495"}],"wp:attachment":[{"href":"https:\/\/artisansignages.com\/de\/wp-json\/wp\/v2\/media?parent=1476"}],"wp:term":[{"taxonomy":"product_brand","embeddable":true,"href":"https:\/\/artisansignages.com\/de\/wp-json\/wp\/v2\/product_brand?post=1476"},{"taxonomy":"product_cat","embeddable":true,"href":"https:\/\/artisansignages.com\/de\/wp-json\/wp\/v2\/product_cat?post=1476"},{"taxonomy":"product_tag","embeddable":true,"href":"https:\/\/artisansignages.com\/de\/wp-json\/wp\/v2\/product_tag?post=1476"}],"curies":[{"name":"wp","href":"https:\/\/api.w.org\/{rel}","templated":true}]}}