{"id":1566,"date":"2025-02-05T05:25:22","date_gmt":"2025-02-05T05:25:22","guid":{"rendered":"https:\/\/artisansignages.com\/?post_type=product&#038;p=1566"},"modified":"2025-02-05T08:28:40","modified_gmt":"2025-02-05T08:28:40","slug":"ultra-slim-lightbox","status":"publish","type":"product","link":"https:\/\/artisansignages.com\/de\/produkt\/ultra-slim-lightbox\/","title":{"rendered":"Ultraschlanke Leuchtbox"},"content":{"rendered":"<table>\n<tbody>\n<tr>\n<td width=\"85\"><strong><b>Artikel<\/b><\/strong><\/td>\n<td width=\"477\">Ultraschlanke Leuchtbox<\/td>\n<\/tr>\n<tr>\n<td width=\"85\"><strong><b>Material<\/b><\/strong><\/td>\n<td width=\"477\">\u00a0Aluminium<\/td>\n<\/tr>\n<tr>\n<td width=\"85\"><strong><b>Gr\u00f6\u00dfe und Form<\/b><\/strong><\/td>\n<td width=\"477\">Ma\u00dfgeschneidertes Design<\/td>\n<\/tr>\n<tr>\n<td width=\"85\"><strong><b>Lichtquelle<\/b><\/strong><\/td>\n<td width=\"477\">Wasserdichte LED-Module<\/td>\n<\/tr>\n<tr>\n<td width=\"85\"><strong><b>Transformator<\/b><\/strong><\/td>\n<td width=\"477\">\u00a0\/<\/td>\n<\/tr>\n<tr>\n<td width=\"85\"><strong><b>Verarbeitung<\/b><\/strong><\/td>\n<td width=\"477\">Schneiden, Zusammenbauen<\/td>\n<\/tr>\n<tr>\n<td width=\"85\"><strong><b>Garantiezeit<\/b><\/strong><\/td>\n<td width=\"477\">LED und Transformator haben eine Garantie von 1 Jahr;<\/td>\n<\/tr>\n<tr>\n<td width=\"85\"><strong><b>Verpackung<\/b><\/strong><\/td>\n<td width=\"477\">Innen besteht es aus Kunststoff und Schaumstoff, au\u00dfen aus Holzverpackung; au\u00dfen besteht das Holz aus einem Metallrohr.<\/td>\n<\/tr>\n<tr>\n<td width=\"85\"><strong><b>Zahlung<\/b><\/strong><\/td>\n<td width=\"477\">50% Anzahlung vor der Produktion, 50% Restbetrag vor dem Versand; T\/T, Western Union, Paypal<\/td>\n<\/tr>\n<tr>\n<td width=\"85\"><strong><b>Produktzeit<\/b><\/strong><\/td>\n<td width=\"477\">Normalerweise 5\u20137 Werktage, je nach Menge.<\/td>\n<\/tr>\n<tr>\n<td rowspan=\"3\" width=\"85\"><strong><b>Versand<\/b><\/strong><\/td>\n<td width=\"477\">Per Express: (DHL, FedEx, TNT, UPS usw.), 3-5 Tage<\/td>\n<\/tr>\n<tr>\n<td width=\"477\">Mit dem Flugzeug: 5-7 Tage<\/td>\n<\/tr>\n<tr>\n<td width=\"477\">Auf dem Seeweg: 20-30 Tage<\/td>\n<\/tr>\n<\/tbody>\n<\/table>\n<p><img loading=\"lazy\" decoding=\"async\" class=\"alignnone wp-image-1594\" src=\"https:\/\/artisansignages.com\/wp-content\/uploads\/2025\/02\/414-300x239.png\" alt=\"\" width=\"1000\" height=\"798\" srcset=\"https:\/\/artisansignages.com\/wp-content\/uploads\/2025\/02\/414-300x239.png 300w, https:\/\/artisansignages.com\/wp-content\/uploads\/2025\/02\/414-768x613.png 768w, https:\/\/artisansignages.com\/wp-content\/uploads\/2025\/02\/414-15x12.png 15w, https:\/\/artisansignages.com\/wp-content\/uploads\/2025\/02\/414-600x479.png 600w, https:\/\/artisansignages.com\/wp-content\/uploads\/2025\/02\/414.png 786w\" sizes=\"auto, (max-width: 1000px) 100vw, 1000px\" \/> <img loading=\"lazy\" decoding=\"async\" class=\"alignnone wp-image-1595\" src=\"https:\/\/artisansignages.com\/wp-content\/uploads\/2025\/02\/415-300x294.png\" alt=\"\" width=\"1000\" height=\"981\" srcset=\"https:\/\/artisansignages.com\/wp-content\/uploads\/2025\/02\/415-300x294.png 300w, https:\/\/artisansignages.com\/wp-content\/uploads\/2025\/02\/415-768x753.png 768w, https:\/\/artisansignages.com\/wp-content\/uploads\/2025\/02\/415-12x12.png 12w, https:\/\/artisansignages.com\/wp-content\/uploads\/2025\/02\/415-600x589.png 600w, https:\/\/artisansignages.com\/wp-content\/uploads\/2025\/02\/415.png 787w\" sizes=\"auto, (max-width: 1000px) 100vw, 1000px\" \/> <img loading=\"lazy\" decoding=\"async\" class=\"alignnone wp-image-1596\" src=\"https:\/\/artisansignages.com\/wp-content\/uploads\/2025\/02\/416-300x300.png\" alt=\"\" width=\"1000\" height=\"1001\" srcset=\"https:\/\/artisansignages.com\/wp-content\/uploads\/2025\/02\/416-300x300.png 300w, https:\/\/artisansignages.com\/wp-content\/uploads\/2025\/02\/416-150x150.png 150w, https:\/\/artisansignages.com\/wp-content\/uploads\/2025\/02\/416-768x769.png 768w, https:\/\/artisansignages.com\/wp-content\/uploads\/2025\/02\/416-12x12.png 12w, https:\/\/artisansignages.com\/wp-content\/uploads\/2025\/02\/416-600x601.png 600w, https:\/\/artisansignages.com\/wp-content\/uploads\/2025\/02\/416-100x100.png 100w, https:\/\/artisansignages.com\/wp-content\/uploads\/2025\/02\/416.png 786w\" sizes=\"auto, (max-width: 1000px) 100vw, 1000px\" \/> <img loading=\"lazy\" decoding=\"async\" class=\"alignnone wp-image-1597\" src=\"https:\/\/artisansignages.com\/wp-content\/uploads\/2025\/02\/417-262x300.png\" alt=\"\" width=\"1000\" height=\"1146\" srcset=\"https:\/\/artisansignages.com\/wp-content\/uploads\/2025\/02\/417-262x300.png 262w, https:\/\/artisansignages.com\/wp-content\/uploads\/2025\/02\/417-768x880.png 768w, https:\/\/artisansignages.com\/wp-content\/uploads\/2025\/02\/417-10x12.png 10w, https:\/\/artisansignages.com\/wp-content\/uploads\/2025\/02\/417-600x688.png 600w, https:\/\/artisansignages.com\/wp-content\/uploads\/2025\/02\/417.png 779w\" sizes=\"auto, (max-width: 1000px) 100vw, 1000px\" \/> <img loading=\"lazy\" decoding=\"async\" class=\"alignnone wp-image-1598\" src=\"https:\/\/artisansignages.com\/wp-content\/uploads\/2025\/02\/418-300x288.png\" alt=\"\" width=\"1000\" height=\"959\" srcset=\"https:\/\/artisansignages.com\/wp-content\/uploads\/2025\/02\/418-300x288.png 300w, https:\/\/artisansignages.com\/wp-content\/uploads\/2025\/02\/418-768x737.png 768w, https:\/\/artisansignages.com\/wp-content\/uploads\/2025\/02\/418-13x12.png 13w, https:\/\/artisansignages.com\/wp-content\/uploads\/2025\/02\/418-600x576.png 600w, https:\/\/artisansignages.com\/wp-content\/uploads\/2025\/02\/418.png 784w\" sizes=\"auto, (max-width: 1000px) 100vw, 1000px\" \/> <img loading=\"lazy\" decoding=\"async\" class=\"alignnone wp-image-1589\" src=\"https:\/\/artisansignages.com\/wp-content\/uploads\/2025\/02\/49-300x294.png\" alt=\"\" width=\"1000\" height=\"980\" srcset=\"https:\/\/artisansignages.com\/wp-content\/uploads\/2025\/02\/49-300x294.png 300w, https:\/\/artisansignages.com\/wp-content\/uploads\/2025\/02\/49-768x752.png 768w, https:\/\/artisansignages.com\/wp-content\/uploads\/2025\/02\/49-12x12.png 12w, https:\/\/artisansignages.com\/wp-content\/uploads\/2025\/02\/49-600x588.png 600w, https:\/\/artisansignages.com\/wp-content\/uploads\/2025\/02\/49.png 786w\" sizes=\"auto, (max-width: 1000px) 100vw, 1000px\" \/> <img loading=\"lazy\" decoding=\"async\" class=\"alignnone wp-image-1590\" src=\"https:\/\/artisansignages.com\/wp-content\/uploads\/2025\/02\/410-300x166.png\" alt=\"\" width=\"1000\" height=\"554\" srcset=\"https:\/\/artisansignages.com\/wp-content\/uploads\/2025\/02\/410-300x166.png 300w, https:\/\/artisansignages.com\/wp-content\/uploads\/2025\/02\/410-768x425.png 768w, https:\/\/artisansignages.com\/wp-content\/uploads\/2025\/02\/410-18x10.png 18w, https:\/\/artisansignages.com\/wp-content\/uploads\/2025\/02\/410-600x332.png 600w, https:\/\/artisansignages.com\/wp-content\/uploads\/2025\/02\/410.png 789w\" sizes=\"auto, (max-width: 1000px) 100vw, 1000px\" \/> <img loading=\"lazy\" decoding=\"async\" class=\"alignnone wp-image-1593\" src=\"https:\/\/artisansignages.com\/wp-content\/uploads\/2025\/02\/413-1-300x219.png\" alt=\"\" width=\"1000\" height=\"731\" srcset=\"https:\/\/artisansignages.com\/wp-content\/uploads\/2025\/02\/413-1-300x219.png 300w, https:\/\/artisansignages.com\/wp-content\/uploads\/2025\/02\/413-1-768x562.png 768w, https:\/\/artisansignages.com\/wp-content\/uploads\/2025\/02\/413-1-16x12.png 16w, https:\/\/artisansignages.com\/wp-content\/uploads\/2025\/02\/413-1-600x439.png 600w, https:\/\/artisansignages.com\/wp-content\/uploads\/2025\/02\/413-1.png 789w\" sizes=\"auto, (max-width: 1000px) 100vw, 1000px\" \/><\/p>\n<p>&nbsp;<\/p>","protected":false},"excerpt":{"rendered":"<p>Artikel Ultraschlanker Leuchtkasten Material Aluminium Gr\u00f6\u00dfe und Form Kundenspezifisches Design Lichtquelle Wasserdichte LED-Module Transformator \/ Verarbeitung Schneiden, Zusammenbauen Garantiezeit LED und Transformator betr\u00e4gt 1 Jahr; Verpackung Innen ist Kunststoff und Schaumstoff, au\u00dfen ist Holzverpackung; au\u00dfen ist das Holz mit dem Metallrohr. Zahlung 50% Anzahlung vor Produktion, 50% Restbetrag vor Versand;\u2026<\/p>","protected":false},"featured_media":1593,"comment_status":"closed","ping_status":"closed","template":"","meta":{"_kad_blocks_custom_css":"","_kad_blocks_head_custom_js":"","_kad_blocks_body_custom_js":"","_kad_blocks_footer_custom_js":"","_kadence_starter_templates_imported_post":true,"_kad_post_transparent":"default","_kad_post_title":"","_kad_post_layout":"default","_kad_post_sidebar_id":"","_kad_post_content_style":"default","_kad_post_vertical_padding":"default","_kad_post_feature":"","_kad_post_feature_position":"","_kad_post_header":false,"_kad_post_footer":false},"product_brand":[],"product_cat":[17],"product_tag":[33,30,28,27,29,34,32,31],"class_list":{"0":"post-1566","1":"product","2":"type-product","3":"status-publish","4":"has-post-thumbnail","6":"product_cat-17","7":"product_tag-3d-sign","8":"product_tag-business-sign","9":"product_tag-channel-letter","10":"product_tag-channel-letters","11":"product_tag-led-sign","12":"product_tag-lightbox","13":"product_tag-lightup-sign","14":"product_tag-storefront","16":"first","17":"instock","18":"shipping-taxable","19":"purchasable","20":"product-type-variable","21":"entry","22":"content-bg","23":"loop-entry"},"taxonomy_info":{"product_cat":[{"value":17,"label":"Lightbox"}],"product_tag":[{"value":33,"label":"3d sign"},{"value":30,"label":"business sign"},{"value":28,"label":"channel letter"},{"value":27,"label":"channel letters"},{"value":29,"label":"led sign"},{"value":34,"label":"lightbox"},{"value":32,"label":"lightup sign"},{"value":31,"label":"storefront"}]},"featured_image_src_large":["https:\/\/artisansignages.com\/wp-content\/uploads\/2025\/02\/413-1.png",789,577,false],"author_info":[],"comment_info":0,"_links":{"self":[{"href":"https:\/\/artisansignages.com\/de\/wp-json\/wp\/v2\/product\/1566","targetHints":{"allow":["GET"]}}],"collection":[{"href":"https:\/\/artisansignages.com\/de\/wp-json\/wp\/v2\/product"}],"about":[{"href":"https:\/\/artisansignages.com\/de\/wp-json\/wp\/v2\/types\/product"}],"replies":[{"embeddable":true,"href":"https:\/\/artisansignages.com\/de\/wp-json\/wp\/v2\/comments?post=1566"}],"wp:featuredmedia":[{"embeddable":true,"href":"https:\/\/artisansignages.com\/de\/wp-json\/wp\/v2\/media\/1593"}],"wp:attachment":[{"href":"https:\/\/artisansignages.com\/de\/wp-json\/wp\/v2\/media?parent=1566"}],"wp:term":[{"taxonomy":"product_brand","embeddable":true,"href":"https:\/\/artisansignages.com\/de\/wp-json\/wp\/v2\/product_brand?post=1566"},{"taxonomy":"product_cat","embeddable":true,"href":"https:\/\/artisansignages.com\/de\/wp-json\/wp\/v2\/product_cat?post=1566"},{"taxonomy":"product_tag","embeddable":true,"href":"https:\/\/artisansignages.com\/de\/wp-json\/wp\/v2\/product_tag?post=1566"}],"curies":[{"name":"wp","href":"https:\/\/api.w.org\/{rel}","templated":true}]}}