{"id":1636,"date":"2025-02-06T05:30:33","date_gmt":"2025-02-06T05:30:33","guid":{"rendered":"https:\/\/artisansignages.com\/?post_type=product&#038;p=1636"},"modified":"2025-02-06T05:39:52","modified_gmt":"2025-02-06T05:39:52","slug":"custom-neon-sign","status":"publish","type":"product","link":"https:\/\/artisansignages.com\/de\/produkt\/custom-neon-sign\/","title":{"rendered":"Benutzerdefiniertes Neonschild"},"content":{"rendered":"<table>\n<tbody>\n<tr>\n<td width=\"85\"><strong><b>Artikel<\/b><\/strong><\/td>\n<td width=\"477\">Benutzerdefiniertes Neonschild<\/td>\n<\/tr>\n<tr>\n<td width=\"85\"><strong><b>Material<\/b><\/strong><\/td>\n<td width=\"477\">\u00a0Acryl<\/td>\n<\/tr>\n<tr>\n<td width=\"85\"><strong><b>Gr\u00f6\u00dfe und Form<\/b><\/strong><\/td>\n<td width=\"477\">Ma\u00dfgeschneidertes Design<\/td>\n<\/tr>\n<tr>\n<td width=\"85\"><strong><b>Lichtquelle<\/b><\/strong><\/td>\n<td width=\"477\">Wasserdichte LED-Module<\/td>\n<\/tr>\n<tr>\n<td width=\"85\"><strong><b>Transformator<\/b><\/strong><\/td>\n<td width=\"477\">Marke MeanWell<\/td>\n<\/tr>\n<tr>\n<td width=\"85\"><strong><b>Verarbeitung<\/b><\/strong><\/td>\n<td width=\"477\">Gravur, Montage<\/td>\n<\/tr>\n<tr>\n<td width=\"85\"><strong><b>Garantiezeit<\/b><\/strong><\/td>\n<td width=\"477\">LED und Transformator haben eine Garantie von 1 Jahr;<\/td>\n<\/tr>\n<tr>\n<td width=\"85\"><strong><b>Verpackung<\/b><\/strong><\/td>\n<td width=\"477\">Innen besteht es aus Kunststoff und Schaumstoff, au\u00dfen aus Holzverpackung; au\u00dfen besteht das Holz aus einem Metallrohr.<\/td>\n<\/tr>\n<tr>\n<td width=\"85\"><strong><b>Zahlung<\/b><\/strong><\/td>\n<td width=\"477\">50% Anzahlung vor der Produktion, 50% Restbetrag vor dem Versand; T\/T, Western Union, Paypal<\/td>\n<\/tr>\n<tr>\n<td width=\"85\"><strong><b>Produktzeit<\/b><\/strong><\/td>\n<td width=\"477\">Normalerweise 5\u20137 Werktage, je nach Menge.<\/td>\n<\/tr>\n<tr>\n<td rowspan=\"3\" width=\"85\"><strong><b>Versand<\/b><\/strong><\/td>\n<td width=\"477\">Per Express: (DHL, FedEx, TNT, UPS usw.), 3-5 Tage<\/td>\n<\/tr>\n<tr>\n<td width=\"477\">Mit dem Flugzeug: 5-7 Tage<\/td>\n<\/tr>\n<tr>\n<td width=\"477\">Auf dem Seeweg: 20-30 Tage<\/td>\n<\/tr>\n<\/tbody>\n<\/table>\n<p><img loading=\"lazy\" decoding=\"async\" class=\"alignnone wp-image-1637\" src=\"https:\/\/artisansignages.com\/wp-content\/uploads\/2025\/02\/neon1-300x248.jpg\" alt=\"\" width=\"1200\" height=\"991\" srcset=\"https:\/\/artisansignages.com\/wp-content\/uploads\/2025\/02\/neon1-300x248.jpg 300w, https:\/\/artisansignages.com\/wp-content\/uploads\/2025\/02\/neon1-768x635.jpg 768w, https:\/\/artisansignages.com\/wp-content\/uploads\/2025\/02\/neon1-15x12.jpg 15w, https:\/\/artisansignages.com\/wp-content\/uploads\/2025\/02\/neon1-600x496.jpg 600w, https:\/\/artisansignages.com\/wp-content\/uploads\/2025\/02\/neon1.jpg 794w\" sizes=\"auto, (max-width: 1200px) 100vw, 1200px\" \/> <img loading=\"lazy\" decoding=\"async\" class=\"alignnone wp-image-1640\" src=\"https:\/\/artisansignages.com\/wp-content\/uploads\/2025\/02\/NEON4-225x300.jpg\" alt=\"\" width=\"1200\" height=\"1599\" srcset=\"https:\/\/artisansignages.com\/wp-content\/uploads\/2025\/02\/NEON4-225x300.jpg 225w, https:\/\/artisansignages.com\/wp-content\/uploads\/2025\/02\/NEON4-769x1024.jpg 769w, https:\/\/artisansignages.com\/wp-content\/uploads\/2025\/02\/NEON4-768x1023.jpg 768w, https:\/\/artisansignages.com\/wp-content\/uploads\/2025\/02\/NEON4-9x12.jpg 9w, https:\/\/artisansignages.com\/wp-content\/uploads\/2025\/02\/NEON4-600x799.jpg 600w, https:\/\/artisansignages.com\/wp-content\/uploads\/2025\/02\/NEON4.jpg 867w\" sizes=\"auto, (max-width: 1200px) 100vw, 1200px\" \/> <img loading=\"lazy\" decoding=\"async\" class=\"alignnone wp-image-1643\" src=\"https:\/\/artisansignages.com\/wp-content\/uploads\/2025\/02\/neon7-1-300x300.jpg\" alt=\"\" width=\"1200\" height=\"1200\" srcset=\"https:\/\/artisansignages.com\/wp-content\/uploads\/2025\/02\/neon7-1-300x300.jpg 300w, https:\/\/artisansignages.com\/wp-content\/uploads\/2025\/02\/neon7-1-1024x1024.jpg 1024w, https:\/\/artisansignages.com\/wp-content\/uploads\/2025\/02\/neon7-1-150x150.jpg 150w, https:\/\/artisansignages.com\/wp-content\/uploads\/2025\/02\/neon7-1-768x768.jpg 768w, https:\/\/artisansignages.com\/wp-content\/uploads\/2025\/02\/neon7-1-12x12.jpg 12w, https:\/\/artisansignages.com\/wp-content\/uploads\/2025\/02\/neon7-1-1200x1200.jpg 1200w, https:\/\/artisansignages.com\/wp-content\/uploads\/2025\/02\/neon7-1-600x600.jpg 600w, https:\/\/artisansignages.com\/wp-content\/uploads\/2025\/02\/neon7-1-100x100.jpg 100w, https:\/\/artisansignages.com\/wp-content\/uploads\/2025\/02\/neon7-1-170x170.jpg 170w, https:\/\/artisansignages.com\/wp-content\/uploads\/2025\/02\/neon7-1-85x85.jpg 85w, https:\/\/artisansignages.com\/wp-content\/uploads\/2025\/02\/neon7-1.jpg 1500w\" sizes=\"auto, (max-width: 1200px) 100vw, 1200px\" \/> <img loading=\"lazy\" decoding=\"async\" class=\"alignnone wp-image-1642\" src=\"https:\/\/artisansignages.com\/wp-content\/uploads\/2025\/02\/neon6-300x300.jpg\" alt=\"\" width=\"1200\" height=\"1200\" srcset=\"https:\/\/artisansignages.com\/wp-content\/uploads\/2025\/02\/neon6-300x300.jpg 300w, https:\/\/artisansignages.com\/wp-content\/uploads\/2025\/02\/neon6-1024x1024.jpg 1024w, https:\/\/artisansignages.com\/wp-content\/uploads\/2025\/02\/neon6-150x150.jpg 150w, https:\/\/artisansignages.com\/wp-content\/uploads\/2025\/02\/neon6-768x768.jpg 768w, https:\/\/artisansignages.com\/wp-content\/uploads\/2025\/02\/neon6-12x12.jpg 12w, https:\/\/artisansignages.com\/wp-content\/uploads\/2025\/02\/neon6-1200x1200.jpg 1200w, https:\/\/artisansignages.com\/wp-content\/uploads\/2025\/02\/neon6-600x600.jpg 600w, https:\/\/artisansignages.com\/wp-content\/uploads\/2025\/02\/neon6-100x100.jpg 100w, https:\/\/artisansignages.com\/wp-content\/uploads\/2025\/02\/neon6-170x170.jpg 170w, https:\/\/artisansignages.com\/wp-content\/uploads\/2025\/02\/neon6-85x85.jpg 85w, https:\/\/artisansignages.com\/wp-content\/uploads\/2025\/02\/neon6.jpg 1500w\" sizes=\"auto, (max-width: 1200px) 100vw, 1200px\" \/> <img loading=\"lazy\" decoding=\"async\" class=\"alignnone wp-image-1646\" src=\"https:\/\/artisansignages.com\/wp-content\/uploads\/2025\/02\/neon10-300x300.jpg\" alt=\"\" width=\"1200\" height=\"1200\" srcset=\"https:\/\/artisansignages.com\/wp-content\/uploads\/2025\/02\/neon10-300x300.jpg 300w, https:\/\/artisansignages.com\/wp-content\/uploads\/2025\/02\/neon10-1024x1024.jpg 1024w, https:\/\/artisansignages.com\/wp-content\/uploads\/2025\/02\/neon10-150x150.jpg 150w, https:\/\/artisansignages.com\/wp-content\/uploads\/2025\/02\/neon10-768x768.jpg 768w, https:\/\/artisansignages.com\/wp-content\/uploads\/2025\/02\/neon10-12x12.jpg 12w, https:\/\/artisansignages.com\/wp-content\/uploads\/2025\/02\/neon10-1200x1200.jpg 1200w, https:\/\/artisansignages.com\/wp-content\/uploads\/2025\/02\/neon10-600x600.jpg 600w, https:\/\/artisansignages.com\/wp-content\/uploads\/2025\/02\/neon10-100x100.jpg 100w, https:\/\/artisansignages.com\/wp-content\/uploads\/2025\/02\/neon10-170x170.jpg 170w, https:\/\/artisansignages.com\/wp-content\/uploads\/2025\/02\/neon10-85x85.jpg 85w, https:\/\/artisansignages.com\/wp-content\/uploads\/2025\/02\/neon10.jpg 1500w\" sizes=\"auto, (max-width: 1200px) 100vw, 1200px\" \/><\/p>\n<h6>1. W\u00e4hlen Sie eine Neonfarbe.<\/h6>\n<p><img loading=\"lazy\" decoding=\"async\" class=\"alignnone wp-image-1641\" src=\"https:\/\/artisansignages.com\/wp-content\/uploads\/2025\/02\/NEON5-300x225.jpg\" alt=\"\" width=\"1200\" height=\"900\" srcset=\"https:\/\/artisansignages.com\/wp-content\/uploads\/2025\/02\/NEON5-300x225.jpg 300w, https:\/\/artisansignages.com\/wp-content\/uploads\/2025\/02\/NEON5-1024x768.jpg 1024w, https:\/\/artisansignages.com\/wp-content\/uploads\/2025\/02\/NEON5-768x576.jpg 768w, https:\/\/artisansignages.com\/wp-content\/uploads\/2025\/02\/NEON5-1536x1152.jpg 1536w, https:\/\/artisansignages.com\/wp-content\/uploads\/2025\/02\/NEON5-16x12.jpg 16w, https:\/\/artisansignages.com\/wp-content\/uploads\/2025\/02\/NEON5-600x450.jpg 600w, https:\/\/artisansignages.com\/wp-content\/uploads\/2025\/02\/NEON5.jpg 1706w\" sizes=\"auto, (max-width: 1200px) 100vw, 1200px\" \/><\/p>\n<h6>2. Produktionsprozess<\/h6>\n<p><img loading=\"lazy\" decoding=\"async\" class=\"alignnone wp-image-1452\" src=\"https:\/\/artisansignages.com\/wp-content\/uploads\/2022\/03\/\u5de5\u827a\u6d41\u7a0b-300x266.jpg\" alt=\"\" width=\"1200\" height=\"1062\" srcset=\"https:\/\/artisansignages.com\/wp-content\/uploads\/2022\/03\/\u5de5\u827a\u6d41\u7a0b-300x266.jpg 300w, https:\/\/artisansignages.com\/wp-content\/uploads\/2022\/03\/\u5de5\u827a\u6d41\u7a0b-600x531.jpg 600w, https:\/\/artisansignages.com\/wp-content\/uploads\/2022\/03\/\u5de5\u827a\u6d41\u7a0b-14x12.jpg 14w, https:\/\/artisansignages.com\/wp-content\/uploads\/2022\/03\/\u5de5\u827a\u6d41\u7a0b.jpg 750w\" sizes=\"auto, (max-width: 1200px) 100vw, 1200px\" \/><\/p>\n<h6>3. Verpackungsdetails<\/h6>\n<p><img loading=\"lazy\" decoding=\"async\" class=\"alignnone wp-image-1647\" src=\"https:\/\/artisansignages.com\/wp-content\/uploads\/2025\/02\/packing-212x300.png\" alt=\"\" width=\"1200\" height=\"1696\" srcset=\"https:\/\/artisansignages.com\/wp-content\/uploads\/2025\/02\/packing-212x300.png 212w, https:\/\/artisansignages.com\/wp-content\/uploads\/2025\/02\/packing-725x1024.png 725w, https:\/\/artisansignages.com\/wp-content\/uploads\/2025\/02\/packing-8x12.png 8w, https:\/\/artisansignages.com\/wp-content\/uploads\/2025\/02\/packing-600x848.png 600w, https:\/\/artisansignages.com\/wp-content\/uploads\/2025\/02\/packing.png 750w\" sizes=\"auto, (max-width: 1200px) 100vw, 1200px\" \/><\/p>","protected":false},"excerpt":{"rendered":"<p>Artikel: Benutzerdefiniertes Neonschild. Material: Acryl. Gr\u00f6\u00dfe und Form: Benutzerdefiniertes Design. Lichtquelle: Wasserdichte LED-Module. Transformator: Marke MeanWell. Verarbeitung: Gravur, Montage. Garantiezeit: 1 Jahr f\u00fcr LED und Transformator. Verpackung: Innen: Kunststoff und Schaumstoff, au\u00dfen: Holzverpackung. Au\u00dfen: Holz mit Metallrohr. Zahlung: 50% Anzahlung vor Produktion, 50% Restbetrag vor \u2026<\/p>","protected":false},"featured_media":1637,"comment_status":"closed","ping_status":"closed","template":"","meta":{"_kad_blocks_custom_css":"","_kad_blocks_head_custom_js":"","_kad_blocks_body_custom_js":"","_kad_blocks_footer_custom_js":"","_kadence_starter_templates_imported_post":true,"_kad_post_transparent":"default","_kad_post_title":"","_kad_post_layout":"default","_kad_post_sidebar_id":"","_kad_post_content_style":"default","_kad_post_vertical_padding":"default","_kad_post_feature":"","_kad_post_feature_position":"","_kad_post_header":false,"_kad_post_footer":false},"product_brand":[],"product_cat":[19],"product_tag":[33,30,28,27,29,34,32,31],"class_list":{"0":"post-1636","1":"product","2":"type-product","3":"status-publish","4":"has-post-thumbnail","6":"product_cat-19","7":"product_tag-3d-sign","8":"product_tag-business-sign","9":"product_tag-channel-letter","10":"product_tag-channel-letters","11":"product_tag-led-sign","12":"product_tag-lightbox","13":"product_tag-lightup-sign","14":"product_tag-storefront","16":"first","17":"instock","18":"shipping-taxable","19":"purchasable","20":"product-type-simple","21":"entry","22":"content-bg","23":"loop-entry"},"taxonomy_info":{"product_cat":[{"value":19,"label":"Neon Sign"}],"product_tag":[{"value":33,"label":"3d sign"},{"value":30,"label":"business sign"},{"value":28,"label":"channel letter"},{"value":27,"label":"channel letters"},{"value":29,"label":"led sign"},{"value":34,"label":"lightbox"},{"value":32,"label":"lightup sign"},{"value":31,"label":"storefront"}]},"featured_image_src_large":["https:\/\/artisansignages.com\/wp-content\/uploads\/2025\/02\/neon1.jpg",794,656,false],"author_info":[],"comment_info":0,"_links":{"self":[{"href":"https:\/\/artisansignages.com\/de\/wp-json\/wp\/v2\/product\/1636","targetHints":{"allow":["GET"]}}],"collection":[{"href":"https:\/\/artisansignages.com\/de\/wp-json\/wp\/v2\/product"}],"about":[{"href":"https:\/\/artisansignages.com\/de\/wp-json\/wp\/v2\/types\/product"}],"replies":[{"embeddable":true,"href":"https:\/\/artisansignages.com\/de\/wp-json\/wp\/v2\/comments?post=1636"}],"wp:featuredmedia":[{"embeddable":true,"href":"https:\/\/artisansignages.com\/de\/wp-json\/wp\/v2\/media\/1637"}],"wp:attachment":[{"href":"https:\/\/artisansignages.com\/de\/wp-json\/wp\/v2\/media?parent=1636"}],"wp:term":[{"taxonomy":"product_brand","embeddable":true,"href":"https:\/\/artisansignages.com\/de\/wp-json\/wp\/v2\/product_brand?post=1636"},{"taxonomy":"product_cat","embeddable":true,"href":"https:\/\/artisansignages.com\/de\/wp-json\/wp\/v2\/product_cat?post=1636"},{"taxonomy":"product_tag","embeddable":true,"href":"https:\/\/artisansignages.com\/de\/wp-json\/wp\/v2\/product_tag?post=1636"}],"curies":[{"name":"wp","href":"https:\/\/api.w.org\/{rel}","templated":true}]}}