{"id":1477,"date":"2025-02-05T02:23:26","date_gmt":"2025-02-05T02:23:26","guid":{"rendered":"https:\/\/artisansignages.com\/?post_type=product&#038;p=1477"},"modified":"2025-02-05T02:43:59","modified_gmt":"2025-02-05T02:43:59","slug":"custom-made-business-advertising-frontlit-led-logo-sign-conspicuous-frame-style","status":"publish","type":"product","link":"https:\/\/artisansignages.com\/es\/producto\/custom-made-business-advertising-frontlit-led-logo-sign-conspicuous-frame-style\/","title":{"rendered":"Letrero con logotipo LED iluminado desde el frente para publicidad comercial hecho a medida: estilo con iluminaci\u00f3n lateral"},"content":{"rendered":"<table>\n<tbody>\n<tr>\n<td width=\"85\"><strong><b>Elementos<\/b><\/strong><\/td>\n<td width=\"477\">Letrero con logotipo LED iluminado desde el frente para publicidad comercial hecho a medida: estilo con iluminaci\u00f3n lateral<\/td>\n<\/tr>\n<tr>\n<td width=\"85\"><strong><b>Material<\/b><\/strong><\/td>\n<td width=\"477\">Acr\u00edlico de 3 mm\/5 mm\/8 mm, acero inoxidable de grado 304\/316<\/td>\n<\/tr>\n<tr>\n<td width=\"85\"><strong><b>Tama\u00f1o y forma<\/b><\/strong><\/td>\n<td width=\"477\">Dise\u00f1o personalizado<\/td>\n<\/tr>\n<tr>\n<td width=\"85\"><strong><b>Fuente de luz<\/b><\/strong><\/td>\n<td width=\"477\">M\u00f3dulos LED a prueba de agua<\/td>\n<\/tr>\n<tr>\n<td width=\"85\"><strong><b>Transformador<\/b><\/strong><\/td>\n<td width=\"477\">Marca MeanWell<\/td>\n<\/tr>\n<tr>\n<td width=\"85\"><strong><b>Tratamiento<\/b><\/strong><\/td>\n<td width=\"477\">Corte por l\u00e1ser, pulido, pintura y montaje.<\/td>\n<\/tr>\n<tr>\n<td width=\"85\"><strong><b>Tiempo de garant\u00eda<\/b><\/strong><\/td>\n<td width=\"477\">El acero inoxidable y el acr\u00edlico duran 5 a\u00f1os, el LED y el transformador duran 2 a\u00f1os;<\/td>\n<\/tr>\n<tr>\n<td width=\"85\"><strong><b>Embalaje<\/b><\/strong><\/td>\n<td width=\"477\">El interior es de pl\u00e1stico y espuma, el exterior es de embalaje de madera y el exterior de madera con el tubo de metal.<\/td>\n<\/tr>\n<tr>\n<td width=\"85\"><strong><b>Pago<\/b><\/strong><\/td>\n<td width=\"477\">Dep\u00f3sito 50% antes de la producci\u00f3n, saldo 50% antes del env\u00edo; T\/T, Western Union, Paypal<\/td>\n<\/tr>\n<tr>\n<td width=\"85\"><strong><b>Tiempo de producto<\/b><\/strong><\/td>\n<td width=\"477\">Generalmente 5-7 d\u00edas h\u00e1biles, seg\u00fan cantidad.<\/td>\n<\/tr>\n<tr>\n<td rowspan=\"3\" width=\"85\"><strong><b>Env\u00edo<\/b><\/strong><\/td>\n<td width=\"477\">Por expreso: (DHL, FedEx, TNT, UPS, etc.), 3-5 d\u00edas<\/td>\n<\/tr>\n<tr>\n<td width=\"477\">Por aire: 5-7 d\u00edas<\/td>\n<\/tr>\n<tr>\n<td width=\"477\">Por mar: 20-30 d\u00edas<\/td>\n<\/tr>\n<\/tbody>\n<\/table>\n<p><img loading=\"lazy\" decoding=\"async\" class=\"alignnone wp-image-1479\" src=\"https:\/\/artisansignages.com\/wp-content\/uploads\/2025\/02\/\u4fa7\u8fb9\u51b2\u5b54\u5e73\u9762\u5b572-1-225x300.png\" alt=\"\" width=\"1200\" height=\"1600\" srcset=\"https:\/\/artisansignages.com\/wp-content\/uploads\/2025\/02\/\u4fa7\u8fb9\u51b2\u5b54\u5e73\u9762\u5b572-1-225x300.png 225w, https:\/\/artisansignages.com\/wp-content\/uploads\/2025\/02\/\u4fa7\u8fb9\u51b2\u5b54\u5e73\u9762\u5b572-1-768x1024.png 768w, https:\/\/artisansignages.com\/wp-content\/uploads\/2025\/02\/\u4fa7\u8fb9\u51b2\u5b54\u5e73\u9762\u5b572-1-1152x1536.png 1152w, https:\/\/artisansignages.com\/wp-content\/uploads\/2025\/02\/\u4fa7\u8fb9\u51b2\u5b54\u5e73\u9762\u5b572-1-1536x2048.png 1536w, https:\/\/artisansignages.com\/wp-content\/uploads\/2025\/02\/\u4fa7\u8fb9\u51b2\u5b54\u5e73\u9762\u5b572-1-9x12.png 9w\" sizes=\"auto, (max-width: 1200px) 100vw, 1200px\" \/> <img loading=\"lazy\" decoding=\"async\" class=\"alignnone wp-image-1481\" src=\"https:\/\/artisansignages.com\/wp-content\/uploads\/2025\/02\/\u4fa7\u8fb9\u51b2\u5b54\u5e73\u9762\u5b574-225x300.png\" alt=\"\" width=\"1200\" height=\"1600\" srcset=\"https:\/\/artisansignages.com\/wp-content\/uploads\/2025\/02\/\u4fa7\u8fb9\u51b2\u5b54\u5e73\u9762\u5b574-225x300.png 225w, https:\/\/artisansignages.com\/wp-content\/uploads\/2025\/02\/\u4fa7\u8fb9\u51b2\u5b54\u5e73\u9762\u5b574-768x1024.png 768w, https:\/\/artisansignages.com\/wp-content\/uploads\/2025\/02\/\u4fa7\u8fb9\u51b2\u5b54\u5e73\u9762\u5b574-1152x1536.png 1152w, https:\/\/artisansignages.com\/wp-content\/uploads\/2025\/02\/\u4fa7\u8fb9\u51b2\u5b54\u5e73\u9762\u5b574-1536x2048.png 1536w, https:\/\/artisansignages.com\/wp-content\/uploads\/2025\/02\/\u4fa7\u8fb9\u51b2\u5b54\u5e73\u9762\u5b574-9x12.png 9w\" sizes=\"auto, (max-width: 1200px) 100vw, 1200px\" \/> <img loading=\"lazy\" decoding=\"async\" class=\"alignnone wp-image-1482\" src=\"https:\/\/artisansignages.com\/wp-content\/uploads\/2025\/02\/\u4fa7\u8fb9\u51b2\u5b54\u5e73\u9762\u5b575-225x300.png\" alt=\"\" width=\"1200\" height=\"1600\" \/><\/p>\n<ol>\n<li>\n<h6>Elija el color del panel frontal<\/h6>\n<\/li>\n<\/ol>\n<p><img loading=\"lazy\" decoding=\"async\" class=\"alignnone wp-image-1457\" src=\"https:\/\/artisansignages.com\/wp-content\/uploads\/2022\/03\/AAA-300x300.png\" alt=\"\" width=\"1200\" height=\"1200\" srcset=\"https:\/\/artisansignages.com\/wp-content\/uploads\/2022\/03\/AAA-300x300.png 300w, https:\/\/artisansignages.com\/wp-content\/uploads\/2022\/03\/AAA-100x100.png 100w, https:\/\/artisansignages.com\/wp-content\/uploads\/2022\/03\/AAA-600x600.png 600w, https:\/\/artisansignages.com\/wp-content\/uploads\/2022\/03\/AAA-150x150.png 150w, https:\/\/artisansignages.com\/wp-content\/uploads\/2022\/03\/AAA-768x768.png 768w, https:\/\/artisansignages.com\/wp-content\/uploads\/2022\/03\/AAA-12x12.png 12w, https:\/\/artisansignages.com\/wp-content\/uploads\/2022\/03\/AAA-170x170.png 170w, https:\/\/artisansignages.com\/wp-content\/uploads\/2022\/03\/AAA-85x85.png 85w, https:\/\/artisansignages.com\/wp-content\/uploads\/2022\/03\/AAA.png 800w\" sizes=\"auto, (max-width: 1200px) 100vw, 1200px\" \/><\/p>\n<p><img loading=\"lazy\" decoding=\"async\" class=\"alignnone wp-image-1454\" src=\"https:\/\/artisansignages.com\/wp-content\/uploads\/2022\/03\/\u9762\u677f\u989c\u8272-300x184.jpg\" alt=\"\" width=\"1200\" height=\"734\" srcset=\"https:\/\/artisansignages.com\/wp-content\/uploads\/2022\/03\/\u9762\u677f\u989c\u8272-300x184.jpg 300w, https:\/\/artisansignages.com\/wp-content\/uploads\/2022\/03\/\u9762\u677f\u989c\u8272-600x367.jpg 600w, https:\/\/artisansignages.com\/wp-content\/uploads\/2022\/03\/\u9762\u677f\u989c\u8272-18x12.jpg 18w, https:\/\/artisansignages.com\/wp-content\/uploads\/2022\/03\/\u9762\u677f\u989c\u8272.jpg 724w\" sizes=\"auto, (max-width: 1200px) 100vw, 1200px\" \/><\/p>\n<h6>2. Elija el color del acero inoxidable.<\/h6>\n<p><img loading=\"lazy\" decoding=\"async\" class=\"alignnone wp-image-1450\" style=\"font-family: var(--global-body-font-family);\" src=\"https:\/\/artisansignages.com\/wp-content\/uploads\/2022\/03\/\u4e0d\u9508\u94a2\u989c\u8272-300x283.jpg\" alt=\"\" width=\"1200\" height=\"1133\" srcset=\"https:\/\/artisansignages.com\/wp-content\/uploads\/2022\/03\/\u4e0d\u9508\u94a2\u989c\u8272-300x283.jpg 300w, https:\/\/artisansignages.com\/wp-content\/uploads\/2022\/03\/\u4e0d\u9508\u94a2\u989c\u8272-600x567.jpg 600w, https:\/\/artisansignages.com\/wp-content\/uploads\/2022\/03\/\u4e0d\u9508\u94a2\u989c\u8272-768x725.jpg 768w, https:\/\/artisansignages.com\/wp-content\/uploads\/2022\/03\/\u4e0d\u9508\u94a2\u989c\u8272-13x12.jpg 13w, https:\/\/artisansignages.com\/wp-content\/uploads\/2022\/03\/\u4e0d\u9508\u94a2\u989c\u8272.jpg 772w\" sizes=\"auto, (max-width: 1200px) 100vw, 1200px\" \/><\/p>\n<h6>3. Proceso de producci\u00f3n<\/h6>\n<p><img loading=\"lazy\" decoding=\"async\" class=\"alignnone wp-image-1452\" src=\"https:\/\/artisansignages.com\/wp-content\/uploads\/2022\/03\/\u5de5\u827a\u6d41\u7a0b-300x266.jpg\" alt=\"\" width=\"1200\" height=\"1062\" srcset=\"https:\/\/artisansignages.com\/wp-content\/uploads\/2022\/03\/\u5de5\u827a\u6d41\u7a0b-300x266.jpg 300w, https:\/\/artisansignages.com\/wp-content\/uploads\/2022\/03\/\u5de5\u827a\u6d41\u7a0b-600x531.jpg 600w, https:\/\/artisansignages.com\/wp-content\/uploads\/2022\/03\/\u5de5\u827a\u6d41\u7a0b-14x12.jpg 14w, https:\/\/artisansignages.com\/wp-content\/uploads\/2022\/03\/\u5de5\u827a\u6d41\u7a0b.jpg 750w\" sizes=\"auto, (max-width: 1200px) 100vw, 1200px\" \/><\/p>\n<h6>4. Activar\/desactivar efecto<\/h6>\n<p><img loading=\"lazy\" decoding=\"async\" class=\"alignnone wp-image-1453\" src=\"https:\/\/artisansignages.com\/wp-content\/uploads\/2022\/03\/\u5f00\u706f\u5173\u706f\u5c55\u793a-300x130.jpg\" alt=\"\" width=\"1200\" height=\"518\" srcset=\"https:\/\/artisansignages.com\/wp-content\/uploads\/2022\/03\/\u5f00\u706f\u5173\u706f\u5c55\u793a-300x130.jpg 300w, https:\/\/artisansignages.com\/wp-content\/uploads\/2022\/03\/\u5f00\u706f\u5173\u706f\u5c55\u793a-600x259.jpg 600w, https:\/\/artisansignages.com\/wp-content\/uploads\/2022\/03\/\u5f00\u706f\u5173\u706f\u5c55\u793a-18x8.jpg 18w, https:\/\/artisansignages.com\/wp-content\/uploads\/2022\/03\/\u5f00\u706f\u5173\u706f\u5c55\u793a.jpg 725w\" sizes=\"auto, (max-width: 1200px) 100vw, 1200px\" \/><\/p>\n<h6>5. Detalles del embalaje<\/h6>\n<p><img loading=\"lazy\" decoding=\"async\" class=\"alignnone wp-image-1455\" src=\"https:\/\/artisansignages.com\/wp-content\/uploads\/2022\/03\/\u914d\u4ef6\u6253\u5305\u56fe-300x187.jpg\" alt=\"\" width=\"1200\" height=\"749\" srcset=\"https:\/\/artisansignages.com\/wp-content\/uploads\/2022\/03\/\u914d\u4ef6\u6253\u5305\u56fe-300x187.jpg 300w, https:\/\/artisansignages.com\/wp-content\/uploads\/2022\/03\/\u914d\u4ef6\u6253\u5305\u56fe-600x375.jpg 600w, https:\/\/artisansignages.com\/wp-content\/uploads\/2022\/03\/\u914d\u4ef6\u6253\u5305\u56fe-18x12.jpg 18w, https:\/\/artisansignages.com\/wp-content\/uploads\/2022\/03\/\u914d\u4ef6\u6253\u5305\u56fe.jpg 753w\" sizes=\"auto, (max-width: 1200px) 100vw, 1200px\" \/><\/p>","protected":false},"excerpt":{"rendered":"<p>Art\u00edculos Letrero con logotipo LED iluminado frontal para publicidad comercial hecho a medida - Estilo iluminado lateral Material Acr\u00edlico de 3MM\/5MM\/8MM, acero inoxidable de grado 304\/316 Tama\u00f1o y forma Dise\u00f1o personalizado Fuente de luz M\u00f3dulos LED a prueba de agua Transformador Marca MeanWell Procesamiento Corte por l\u00e1ser, pulido, pintura y montaje Tiempo de garant\u00eda El acero inoxidable y el acr\u00edlico son de 5 a\u00f1os, el LED y el transformador son de 2 a\u00f1os;\u2026<\/p>","protected":false},"featured_media":1481,"comment_status":"closed","ping_status":"closed","template":"","meta":{"_kad_blocks_custom_css":"","_kad_blocks_head_custom_js":"","_kad_blocks_body_custom_js":"","_kad_blocks_footer_custom_js":"","_kadence_starter_templates_imported_post":true,"_kad_post_transparent":"default","_kad_post_title":"","_kad_post_layout":"default","_kad_post_sidebar_id":"","_kad_post_content_style":"default","_kad_post_vertical_padding":"default","_kad_post_feature":"","_kad_post_feature_position":"","_kad_post_header":false,"_kad_post_footer":false},"product_brand":[],"product_cat":[15],"product_tag":[33,30,28,27,29,32,31],"class_list":{"0":"post-1477","1":"product","2":"type-product","3":"status-publish","4":"has-post-thumbnail","6":"product_cat-15","7":"product_tag-3d-sign","8":"product_tag-business-sign","9":"product_tag-channel-letter","10":"product_tag-channel-letters","11":"product_tag-led-sign","12":"product_tag-lightup-sign","13":"product_tag-storefront","15":"first","16":"instock","17":"shipping-taxable","18":"purchasable","19":"product-type-simple","20":"entry","21":"content-bg","22":"loop-entry"},"taxonomy_info":{"product_cat":[{"value":15,"label":"Channel Letter"}],"product_tag":[{"value":33,"label":"3d sign"},{"value":30,"label":"business sign"},{"value":28,"label":"channel letter"},{"value":27,"label":"channel letters"},{"value":29,"label":"led sign"},{"value":32,"label":"lightup sign"},{"value":31,"label":"storefront"}]},"featured_image_src_large":["https:\/\/artisansignages.com\/wp-content\/uploads\/2025\/02\/\u4fa7\u8fb9\u51b2\u5b54\u5e73\u9762\u5b574-768x1024.png",768,1024,true],"author_info":[],"comment_info":0,"_links":{"self":[{"href":"https:\/\/artisansignages.com\/es\/wp-json\/wp\/v2\/product\/1477","targetHints":{"allow":["GET"]}}],"collection":[{"href":"https:\/\/artisansignages.com\/es\/wp-json\/wp\/v2\/product"}],"about":[{"href":"https:\/\/artisansignages.com\/es\/wp-json\/wp\/v2\/types\/product"}],"replies":[{"embeddable":true,"href":"https:\/\/artisansignages.com\/es\/wp-json\/wp\/v2\/comments?post=1477"}],"wp:featuredmedia":[{"embeddable":true,"href":"https:\/\/artisansignages.com\/es\/wp-json\/wp\/v2\/media\/1481"}],"wp:attachment":[{"href":"https:\/\/artisansignages.com\/es\/wp-json\/wp\/v2\/media?parent=1477"}],"wp:term":[{"taxonomy":"product_brand","embeddable":true,"href":"https:\/\/artisansignages.com\/es\/wp-json\/wp\/v2\/product_brand?post=1477"},{"taxonomy":"product_cat","embeddable":true,"href":"https:\/\/artisansignages.com\/es\/wp-json\/wp\/v2\/product_cat?post=1477"},{"taxonomy":"product_tag","embeddable":true,"href":"https:\/\/artisansignages.com\/es\/wp-json\/wp\/v2\/product_tag?post=1477"}],"curies":[{"name":"wp","href":"https:\/\/api.w.org\/{rel}","templated":true}]}}