{"id":1513,"date":"2025-02-05T03:29:36","date_gmt":"2025-02-05T03:29:36","guid":{"rendered":"https:\/\/artisansignages.com\/?post_type=product&#038;p=1513"},"modified":"2025-02-05T03:40:40","modified_gmt":"2025-02-05T03:40:40","slug":"custom-backlit-signs-stainless-steel-business-shop-3d-letter-signage-crystal-backlit-style","status":"publish","type":"product","link":"https:\/\/artisansignages.com\/es\/producto\/custom-backlit-signs-stainless-steel-business-shop-3d-letter-signage-crystal-backlit-style\/","title":{"rendered":"Letreros retroiluminados personalizados de acero inoxidable para tiendas comerciales, letreros con letras en 3D, estilo retroiluminado de cristal"},"content":{"rendered":"<table>\n<tbody>\n<tr>\n<td width=\"85\"><strong><b>Elementos<\/b><\/strong><\/td>\n<td width=\"477\">Letreros retroiluminados personalizados de acero inoxidable para tiendas comerciales, letreros con letras en 3D, estilo retroiluminado de cristal<\/td>\n<\/tr>\n<tr>\n<td width=\"85\"><strong><b>Material<\/b><\/strong><\/td>\n<td width=\"477\">#201\/304 Acero inoxidable + acr\u00edlico<\/td>\n<\/tr>\n<tr>\n<td width=\"85\"><strong><b>Tama\u00f1o y forma<\/b><\/strong><\/td>\n<td width=\"477\">Dise\u00f1o personalizado<\/td>\n<\/tr>\n<tr>\n<td width=\"85\"><strong><b>Fuente de luz<\/b><\/strong><\/td>\n<td width=\"477\">M\u00f3dulos LED a prueba de agua<\/td>\n<\/tr>\n<tr>\n<td width=\"85\"><strong><b>Transformador<\/b><\/strong><\/td>\n<td width=\"477\">Marca MeanWell<\/td>\n<\/tr>\n<tr>\n<td width=\"85\"><strong><b>Tratamiento<\/b><\/strong><\/td>\n<td width=\"477\">Corte por l\u00e1ser, pulido, pintura y montaje<\/td>\n<\/tr>\n<tr>\n<td width=\"85\"><strong><b>Tiempo de garant\u00eda<\/b><\/strong><\/td>\n<td width=\"477\">El acero inoxidable y el acr\u00edlico duran 5 a\u00f1os, el LED y el transformador duran 2 a\u00f1os;<\/td>\n<\/tr>\n<tr>\n<td width=\"85\"><strong><b>Embalaje<\/b><\/strong><\/td>\n<td width=\"477\">El interior es de pl\u00e1stico y espuma, el exterior es de embalaje de madera y el exterior de madera con el tubo de metal.<\/td>\n<\/tr>\n<tr>\n<td width=\"85\"><strong><b>Pago<\/b><\/strong><\/td>\n<td width=\"477\">Dep\u00f3sito 50% antes de la producci\u00f3n, saldo 50% antes del env\u00edo; T\/T, Western Union, Paypal<\/td>\n<\/tr>\n<tr>\n<td width=\"85\"><strong><b>Tiempo de producto<\/b><\/strong><\/td>\n<td width=\"477\">Generalmente 5-7 d\u00edas h\u00e1biles, seg\u00fan cantidad.<\/td>\n<\/tr>\n<tr>\n<td rowspan=\"3\" width=\"85\"><strong><b>Env\u00edo<\/b><\/strong><\/td>\n<td width=\"477\">Por expreso: (DHL, FedEx, TNT, UPS, etc.), 3-5 d\u00edas<\/td>\n<\/tr>\n<tr>\n<td width=\"477\">Por aire: 5-7 d\u00edas<\/td>\n<\/tr>\n<tr>\n<td width=\"477\">Por mar: 20-30 d\u00edas<\/td>\n<\/tr>\n<\/tbody>\n<\/table>\n<p><img loading=\"lazy\" decoding=\"async\" class=\"alignnone wp-image-1518\" src=\"https:\/\/artisansignages.com\/wp-content\/uploads\/2025\/02\/\u6c34\u6676\u5e95\u80cc\u5149\u5b575-300x300.jpg\" alt=\"\" width=\"1200\" height=\"1200\" srcset=\"https:\/\/artisansignages.com\/wp-content\/uploads\/2025\/02\/\u6c34\u6676\u5e95\u80cc\u5149\u5b575-300x300.jpg 300w, https:\/\/artisansignages.com\/wp-content\/uploads\/2025\/02\/\u6c34\u6676\u5e95\u80cc\u5149\u5b575-1024x1024.jpg 1024w, https:\/\/artisansignages.com\/wp-content\/uploads\/2025\/02\/\u6c34\u6676\u5e95\u80cc\u5149\u5b575-150x150.jpg 150w, https:\/\/artisansignages.com\/wp-content\/uploads\/2025\/02\/\u6c34\u6676\u5e95\u80cc\u5149\u5b575-768x768.jpg 768w, https:\/\/artisansignages.com\/wp-content\/uploads\/2025\/02\/\u6c34\u6676\u5e95\u80cc\u5149\u5b575-12x12.jpg 12w, https:\/\/artisansignages.com\/wp-content\/uploads\/2025\/02\/\u6c34\u6676\u5e95\u80cc\u5149\u5b575-600x600.jpg 600w, https:\/\/artisansignages.com\/wp-content\/uploads\/2025\/02\/\u6c34\u6676\u5e95\u80cc\u5149\u5b575-100x100.jpg 100w, https:\/\/artisansignages.com\/wp-content\/uploads\/2025\/02\/\u6c34\u6676\u5e95\u80cc\u5149\u5b575-170x170.jpg 170w, https:\/\/artisansignages.com\/wp-content\/uploads\/2025\/02\/\u6c34\u6676\u5e95\u80cc\u5149\u5b575-85x85.jpg 85w, https:\/\/artisansignages.com\/wp-content\/uploads\/2025\/02\/\u6c34\u6676\u5e95\u80cc\u5149\u5b575.jpg 1200w\" sizes=\"auto, (max-width: 1200px) 100vw, 1200px\" \/> <img loading=\"lazy\" decoding=\"async\" class=\"alignnone wp-image-1517\" src=\"https:\/\/artisansignages.com\/wp-content\/uploads\/2025\/02\/\u6c34\u6676\u5e95\u80cc\u5149\u5b574-300x300.jpg\" alt=\"\" width=\"1200\" height=\"1200\" srcset=\"https:\/\/artisansignages.com\/wp-content\/uploads\/2025\/02\/\u6c34\u6676\u5e95\u80cc\u5149\u5b574-300x300.jpg 300w, https:\/\/artisansignages.com\/wp-content\/uploads\/2025\/02\/\u6c34\u6676\u5e95\u80cc\u5149\u5b574-1024x1024.jpg 1024w, https:\/\/artisansignages.com\/wp-content\/uploads\/2025\/02\/\u6c34\u6676\u5e95\u80cc\u5149\u5b574-150x150.jpg 150w, https:\/\/artisansignages.com\/wp-content\/uploads\/2025\/02\/\u6c34\u6676\u5e95\u80cc\u5149\u5b574-768x768.jpg 768w, https:\/\/artisansignages.com\/wp-content\/uploads\/2025\/02\/\u6c34\u6676\u5e95\u80cc\u5149\u5b574-12x12.jpg 12w, https:\/\/artisansignages.com\/wp-content\/uploads\/2025\/02\/\u6c34\u6676\u5e95\u80cc\u5149\u5b574-600x600.jpg 600w, https:\/\/artisansignages.com\/wp-content\/uploads\/2025\/02\/\u6c34\u6676\u5e95\u80cc\u5149\u5b574-100x100.jpg 100w, https:\/\/artisansignages.com\/wp-content\/uploads\/2025\/02\/\u6c34\u6676\u5e95\u80cc\u5149\u5b574-170x170.jpg 170w, https:\/\/artisansignages.com\/wp-content\/uploads\/2025\/02\/\u6c34\u6676\u5e95\u80cc\u5149\u5b574-85x85.jpg 85w, https:\/\/artisansignages.com\/wp-content\/uploads\/2025\/02\/\u6c34\u6676\u5e95\u80cc\u5149\u5b574.jpg 1200w\" sizes=\"auto, (max-width: 1200px) 100vw, 1200px\" \/> <img loading=\"lazy\" decoding=\"async\" class=\"alignnone wp-image-1515\" src=\"https:\/\/artisansignages.com\/wp-content\/uploads\/2025\/02\/\u6c34\u6676\u5e95\u80cc\u5149\u5b572-300x225.jpg\" alt=\"\" width=\"1200\" height=\"900\" srcset=\"https:\/\/artisansignages.com\/wp-content\/uploads\/2025\/02\/\u6c34\u6676\u5e95\u80cc\u5149\u5b572-300x225.jpg 300w, https:\/\/artisansignages.com\/wp-content\/uploads\/2025\/02\/\u6c34\u6676\u5e95\u80cc\u5149\u5b572-1024x768.jpg 1024w, https:\/\/artisansignages.com\/wp-content\/uploads\/2025\/02\/\u6c34\u6676\u5e95\u80cc\u5149\u5b572-768x576.jpg 768w, https:\/\/artisansignages.com\/wp-content\/uploads\/2025\/02\/\u6c34\u6676\u5e95\u80cc\u5149\u5b572-1536x1152.jpg 1536w, https:\/\/artisansignages.com\/wp-content\/uploads\/2025\/02\/\u6c34\u6676\u5e95\u80cc\u5149\u5b572-16x12.jpg 16w, https:\/\/artisansignages.com\/wp-content\/uploads\/2025\/02\/\u6c34\u6676\u5e95\u80cc\u5149\u5b572-600x450.jpg 600w, https:\/\/artisansignages.com\/wp-content\/uploads\/2025\/02\/\u6c34\u6676\u5e95\u80cc\u5149\u5b572.jpg 1706w\" sizes=\"auto, (max-width: 1200px) 100vw, 1200px\" \/><\/p>\n<ol>\n<li>\n<h6>Elija el color del acero inoxidable. (Se puede pintar en otros colores)<\/h6>\n<\/li>\n<\/ol>\n<p><img loading=\"lazy\" decoding=\"async\" class=\"alignnone wp-image-1498\" src=\"https:\/\/artisansignages.com\/wp-content\/uploads\/2025\/02\/eb9358aaeb76bcff9cc61233144dd5e-e1738724636345-300x225.jpg\" alt=\"\" width=\"1200\" height=\"900\" srcset=\"https:\/\/artisansignages.com\/wp-content\/uploads\/2025\/02\/eb9358aaeb76bcff9cc61233144dd5e-e1738724636345-300x225.jpg 300w, https:\/\/artisansignages.com\/wp-content\/uploads\/2025\/02\/eb9358aaeb76bcff9cc61233144dd5e-e1738724636345-1024x768.jpg 1024w, https:\/\/artisansignages.com\/wp-content\/uploads\/2025\/02\/eb9358aaeb76bcff9cc61233144dd5e-e1738724636345-768x576.jpg 768w, https:\/\/artisansignages.com\/wp-content\/uploads\/2025\/02\/eb9358aaeb76bcff9cc61233144dd5e-e1738724636345-1536x1152.jpg 1536w, https:\/\/artisansignages.com\/wp-content\/uploads\/2025\/02\/eb9358aaeb76bcff9cc61233144dd5e-e1738724636345-16x12.jpg 16w, https:\/\/artisansignages.com\/wp-content\/uploads\/2025\/02\/eb9358aaeb76bcff9cc61233144dd5e-e1738724636345-600x450.jpg 600w, https:\/\/artisansignages.com\/wp-content\/uploads\/2025\/02\/eb9358aaeb76bcff9cc61233144dd5e-e1738724636345.jpg 1706w\" sizes=\"auto, (max-width: 1200px) 100vw, 1200px\" \/><\/p>\n<h6>2. Elija el color de la retroiluminaci\u00f3n.<\/h6>\n<p><img loading=\"lazy\" decoding=\"async\" class=\"alignnone wp-image-1520\" src=\"https:\/\/artisansignages.com\/wp-content\/uploads\/2025\/02\/IMG_7697-300x200.jpg\" alt=\"\" width=\"1200\" height=\"800\" srcset=\"https:\/\/artisansignages.com\/wp-content\/uploads\/2025\/02\/IMG_7697-300x200.jpg 300w, https:\/\/artisansignages.com\/wp-content\/uploads\/2025\/02\/IMG_7697-1024x682.jpg 1024w, https:\/\/artisansignages.com\/wp-content\/uploads\/2025\/02\/IMG_7697-768x512.jpg 768w, https:\/\/artisansignages.com\/wp-content\/uploads\/2025\/02\/IMG_7697-1536x1024.jpg 1536w, https:\/\/artisansignages.com\/wp-content\/uploads\/2025\/02\/IMG_7697-2048x1365.jpg 2048w, https:\/\/artisansignages.com\/wp-content\/uploads\/2025\/02\/IMG_7697-18x12.jpg 18w, https:\/\/artisansignages.com\/wp-content\/uploads\/2025\/02\/IMG_7697-600x400.jpg 600w\" sizes=\"auto, (max-width: 1200px) 100vw, 1200px\" \/><\/p>\n<h6>3. Proceso de producci\u00f3n<\/h6>\n<p><img loading=\"lazy\" decoding=\"async\" class=\"alignnone wp-image-1452\" src=\"https:\/\/artisansignages.com\/wp-content\/uploads\/2022\/03\/\u5de5\u827a\u6d41\u7a0b-300x266.jpg\" alt=\"\" width=\"1200\" height=\"1062\" srcset=\"https:\/\/artisansignages.com\/wp-content\/uploads\/2022\/03\/\u5de5\u827a\u6d41\u7a0b-300x266.jpg 300w, https:\/\/artisansignages.com\/wp-content\/uploads\/2022\/03\/\u5de5\u827a\u6d41\u7a0b-600x531.jpg 600w, https:\/\/artisansignages.com\/wp-content\/uploads\/2022\/03\/\u5de5\u827a\u6d41\u7a0b-14x12.jpg 14w, https:\/\/artisansignages.com\/wp-content\/uploads\/2022\/03\/\u5de5\u827a\u6d41\u7a0b.jpg 750w\" sizes=\"auto, (max-width: 1200px) 100vw, 1200px\" \/><\/p>\n<h6>4. Activar\/desactivar efecto<\/h6>\n<p><img loading=\"lazy\" decoding=\"async\" class=\"alignnone wp-image-1453\" src=\"https:\/\/artisansignages.com\/wp-content\/uploads\/2022\/03\/\u5f00\u706f\u5173\u706f\u5c55\u793a-300x130.jpg\" alt=\"\" width=\"1200\" height=\"518\" srcset=\"https:\/\/artisansignages.com\/wp-content\/uploads\/2022\/03\/\u5f00\u706f\u5173\u706f\u5c55\u793a-300x130.jpg 300w, https:\/\/artisansignages.com\/wp-content\/uploads\/2022\/03\/\u5f00\u706f\u5173\u706f\u5c55\u793a-600x259.jpg 600w, https:\/\/artisansignages.com\/wp-content\/uploads\/2022\/03\/\u5f00\u706f\u5173\u706f\u5c55\u793a-18x8.jpg 18w, https:\/\/artisansignages.com\/wp-content\/uploads\/2022\/03\/\u5f00\u706f\u5173\u706f\u5c55\u793a.jpg 725w\" sizes=\"auto, (max-width: 1200px) 100vw, 1200px\" \/><\/p>\n<h6>5. Detalles del embalaje<\/h6>\n<p><img loading=\"lazy\" decoding=\"async\" class=\"alignnone wp-image-1455\" src=\"https:\/\/artisansignages.com\/wp-content\/uploads\/2022\/03\/\u914d\u4ef6\u6253\u5305\u56fe-300x187.jpg\" alt=\"\" width=\"1200\" height=\"749\" srcset=\"https:\/\/artisansignages.com\/wp-content\/uploads\/2022\/03\/\u914d\u4ef6\u6253\u5305\u56fe-300x187.jpg 300w, https:\/\/artisansignages.com\/wp-content\/uploads\/2022\/03\/\u914d\u4ef6\u6253\u5305\u56fe-600x375.jpg 600w, https:\/\/artisansignages.com\/wp-content\/uploads\/2022\/03\/\u914d\u4ef6\u6253\u5305\u56fe-18x12.jpg 18w, https:\/\/artisansignages.com\/wp-content\/uploads\/2022\/03\/\u914d\u4ef6\u6253\u5305\u56fe.jpg 753w\" sizes=\"auto, (max-width: 1200px) 100vw, 1200px\" \/><\/p>","protected":false},"excerpt":{"rendered":"<p>Art\u00edculos Letreros retroiluminados personalizados de acero inoxidable Tienda comercial Letrero de letras 3D - Estilo retroiluminado de cristal Material #201\/304 Acero inoxidable + acr\u00edlico Tama\u00f1o y forma Dise\u00f1o personalizado Fuente de luz M\u00f3dulos LED a prueba de agua Transformador Marca MeanWell Procesamiento Corte por l\u00e1ser, pulido, pintura y montaje Tiempo de garant\u00eda El acero inoxidable y el acr\u00edlico son de 5 a\u00f1os, el LED y el transformador son de 2 a\u00f1os; Embalaje\u2026<\/p>","protected":false},"featured_media":1518,"comment_status":"closed","ping_status":"closed","template":"","meta":{"_kad_blocks_custom_css":"","_kad_blocks_head_custom_js":"","_kad_blocks_body_custom_js":"","_kad_blocks_footer_custom_js":"","_kadence_starter_templates_imported_post":true,"_kad_post_transparent":"default","_kad_post_title":"","_kad_post_layout":"default","_kad_post_sidebar_id":"","_kad_post_content_style":"default","_kad_post_vertical_padding":"default","_kad_post_feature":"","_kad_post_feature_position":"","_kad_post_header":false,"_kad_post_footer":false},"product_brand":[],"product_cat":[15],"product_tag":[33,30,28,27,29,32,31],"class_list":{"0":"post-1513","1":"product","2":"type-product","3":"status-publish","4":"has-post-thumbnail","6":"product_cat-15","7":"product_tag-3d-sign","8":"product_tag-business-sign","9":"product_tag-channel-letter","10":"product_tag-channel-letters","11":"product_tag-led-sign","12":"product_tag-lightup-sign","13":"product_tag-storefront","15":"first","16":"instock","17":"shipping-taxable","18":"purchasable","19":"product-type-simple","20":"entry","21":"content-bg","22":"loop-entry"},"taxonomy_info":{"product_cat":[{"value":15,"label":"Channel Letter"}],"product_tag":[{"value":33,"label":"3d sign"},{"value":30,"label":"business sign"},{"value":28,"label":"channel letter"},{"value":27,"label":"channel letters"},{"value":29,"label":"led sign"},{"value":32,"label":"lightup sign"},{"value":31,"label":"storefront"}]},"featured_image_src_large":["https:\/\/artisansignages.com\/wp-content\/uploads\/2025\/02\/\u6c34\u6676\u5e95\u80cc\u5149\u5b575-1024x1024.jpg",1024,1024,true],"author_info":[],"comment_info":0,"_links":{"self":[{"href":"https:\/\/artisansignages.com\/es\/wp-json\/wp\/v2\/product\/1513","targetHints":{"allow":["GET"]}}],"collection":[{"href":"https:\/\/artisansignages.com\/es\/wp-json\/wp\/v2\/product"}],"about":[{"href":"https:\/\/artisansignages.com\/es\/wp-json\/wp\/v2\/types\/product"}],"replies":[{"embeddable":true,"href":"https:\/\/artisansignages.com\/es\/wp-json\/wp\/v2\/comments?post=1513"}],"wp:featuredmedia":[{"embeddable":true,"href":"https:\/\/artisansignages.com\/es\/wp-json\/wp\/v2\/media\/1518"}],"wp:attachment":[{"href":"https:\/\/artisansignages.com\/es\/wp-json\/wp\/v2\/media?parent=1513"}],"wp:term":[{"taxonomy":"product_brand","embeddable":true,"href":"https:\/\/artisansignages.com\/es\/wp-json\/wp\/v2\/product_brand?post=1513"},{"taxonomy":"product_cat","embeddable":true,"href":"https:\/\/artisansignages.com\/es\/wp-json\/wp\/v2\/product_cat?post=1513"},{"taxonomy":"product_tag","embeddable":true,"href":"https:\/\/artisansignages.com\/es\/wp-json\/wp\/v2\/product_tag?post=1513"}],"curies":[{"name":"wp","href":"https:\/\/api.w.org\/{rel}","templated":true}]}}