{"id":1602,"date":"2025-02-05T08:33:34","date_gmt":"2025-02-05T08:33:34","guid":{"rendered":"https:\/\/artisansignages.com\/?post_type=product&#038;p=1602"},"modified":"2025-02-05T09:23:57","modified_gmt":"2025-02-05T09:23:57","slug":"ultra-slim-lightbox-on-ground-style","status":"publish","type":"product","link":"https:\/\/artisansignages.com\/es\/producto\/ultra-slim-lightbox-on-ground-style\/","title":{"rendered":"Caja de luz ultradelgada, estilo sobre el suelo"},"content":{"rendered":"<table>\n<tbody>\n<tr>\n<td width=\"85\"><strong><b>Elementos<\/b><\/strong><\/td>\n<td width=\"477\">Caja de luz ultradelgada, estilo sobre el suelo<\/td>\n<\/tr>\n<tr>\n<td width=\"85\"><strong><b>Material<\/b><\/strong><\/td>\n<td width=\"477\">\u00a0Aluminio<\/td>\n<\/tr>\n<tr>\n<td width=\"85\"><strong><b>Tama\u00f1o y forma<\/b><\/strong><\/td>\n<td width=\"477\">Dise\u00f1o personalizado<\/td>\n<\/tr>\n<tr>\n<td width=\"85\"><strong><b>Fuente de luz<\/b><\/strong><\/td>\n<td width=\"477\">M\u00f3dulos LED a prueba de agua<\/td>\n<\/tr>\n<tr>\n<td width=\"85\"><strong><b>Transformador<\/b><\/strong><\/td>\n<td width=\"477\">\u00a0\/<\/td>\n<\/tr>\n<tr>\n<td width=\"85\"><strong><b>Tratamiento<\/b><\/strong><\/td>\n<td width=\"477\">Corte, Montaje<\/td>\n<\/tr>\n<tr>\n<td width=\"85\"><strong><b>Tiempo de garant\u00eda<\/b><\/strong><\/td>\n<td width=\"477\">El LED y el transformador tienen una duraci\u00f3n de 1 a\u00f1o;<\/td>\n<\/tr>\n<tr>\n<td width=\"85\"><strong><b>Embalaje<\/b><\/strong><\/td>\n<td width=\"477\">El interior es de pl\u00e1stico y espuma, el exterior es de embalaje de madera y el exterior de madera con el tubo de metal.<\/td>\n<\/tr>\n<tr>\n<td width=\"85\"><strong><b>Pago<\/b><\/strong><\/td>\n<td width=\"477\">Dep\u00f3sito 50% antes de la producci\u00f3n, saldo 50% antes del env\u00edo; T\/T, Western Union, Paypal<\/td>\n<\/tr>\n<tr>\n<td width=\"85\"><strong><b>Tiempo de producto<\/b><\/strong><\/td>\n<td width=\"477\">Generalmente 5-7 d\u00edas h\u00e1biles, seg\u00fan cantidad.<\/td>\n<\/tr>\n<tr>\n<td rowspan=\"3\" width=\"85\"><strong><b>Env\u00edo<\/b><\/strong><\/td>\n<td width=\"477\">Por expreso: (DHL, FedEx, TNT, UPS, etc.), 3-5 d\u00edas<\/td>\n<\/tr>\n<tr>\n<td width=\"477\">Por aire: 5-7 d\u00edas<\/td>\n<\/tr>\n<tr>\n<td width=\"477\">Por mar: 20-30 d\u00edas<\/td>\n<\/tr>\n<\/tbody>\n<\/table>\n<p><img loading=\"lazy\" decoding=\"async\" class=\"alignnone wp-image-1612\" src=\"https:\/\/artisansignages.com\/wp-content\/uploads\/2025\/02\/\u622a\u5c4f2025-02-05-16.37.51-229x300.png\" alt=\"\" width=\"1200\" height=\"1573\" srcset=\"https:\/\/artisansignages.com\/wp-content\/uploads\/2025\/02\/\u622a\u5c4f2025-02-05-16.37.51-229x300.png 229w, https:\/\/artisansignages.com\/wp-content\/uploads\/2025\/02\/\u622a\u5c4f2025-02-05-16.37.51-781x1024.png 781w, https:\/\/artisansignages.com\/wp-content\/uploads\/2025\/02\/\u622a\u5c4f2025-02-05-16.37.51-768x1007.png 768w, https:\/\/artisansignages.com\/wp-content\/uploads\/2025\/02\/\u622a\u5c4f2025-02-05-16.37.51-1172x1536.png 1172w, https:\/\/artisansignages.com\/wp-content\/uploads\/2025\/02\/\u622a\u5c4f2025-02-05-16.37.51.png 1582w\" sizes=\"auto, (max-width: 1200px) 100vw, 1200px\" \/> <img loading=\"lazy\" decoding=\"async\" class=\"alignnone wp-image-1613\" src=\"https:\/\/artisansignages.com\/wp-content\/uploads\/2025\/02\/\u622a\u5c4f2025-02-05-16.38.05-271x300.png\" alt=\"\" width=\"1200\" height=\"1328\" srcset=\"https:\/\/artisansignages.com\/wp-content\/uploads\/2025\/02\/\u622a\u5c4f2025-02-05-16.38.05-271x300.png 271w, https:\/\/artisansignages.com\/wp-content\/uploads\/2025\/02\/\u622a\u5c4f2025-02-05-16.38.05-926x1024.png 926w, https:\/\/artisansignages.com\/wp-content\/uploads\/2025\/02\/\u622a\u5c4f2025-02-05-16.38.05-768x850.png 768w, https:\/\/artisansignages.com\/wp-content\/uploads\/2025\/02\/\u622a\u5c4f2025-02-05-16.38.05-1388x1536.png 1388w, https:\/\/artisansignages.com\/wp-content\/uploads\/2025\/02\/\u622a\u5c4f2025-02-05-16.38.05-11x12.png 11w, https:\/\/artisansignages.com\/wp-content\/uploads\/2025\/02\/\u622a\u5c4f2025-02-05-16.38.05-600x664.png 600w, https:\/\/artisansignages.com\/wp-content\/uploads\/2025\/02\/\u622a\u5c4f2025-02-05-16.38.05.png 1580w\" sizes=\"auto, (max-width: 1200px) 100vw, 1200px\" \/> <img loading=\"lazy\" decoding=\"async\" class=\"alignnone wp-image-1614\" src=\"https:\/\/artisansignages.com\/wp-content\/uploads\/2025\/02\/\u622a\u5c4f2025-02-05-16.38.20-204x300.png\" alt=\"\" width=\"1200\" height=\"1762\" srcset=\"https:\/\/artisansignages.com\/wp-content\/uploads\/2025\/02\/\u622a\u5c4f2025-02-05-16.38.20-204x300.png 204w, https:\/\/artisansignages.com\/wp-content\/uploads\/2025\/02\/\u622a\u5c4f2025-02-05-16.38.20-697x1024.png 697w, https:\/\/artisansignages.com\/wp-content\/uploads\/2025\/02\/\u622a\u5c4f2025-02-05-16.38.20-768x1128.png 768w, https:\/\/artisansignages.com\/wp-content\/uploads\/2025\/02\/\u622a\u5c4f2025-02-05-16.38.20-1046x1536.png 1046w, https:\/\/artisansignages.com\/wp-content\/uploads\/2025\/02\/\u622a\u5c4f2025-02-05-16.38.20-1395x2048.png 1395w, https:\/\/artisansignages.com\/wp-content\/uploads\/2025\/02\/\u622a\u5c4f2025-02-05-16.38.20-8x12.png 8w, https:\/\/artisansignages.com\/wp-content\/uploads\/2025\/02\/\u622a\u5c4f2025-02-05-16.38.20-600x881.png 600w, https:\/\/artisansignages.com\/wp-content\/uploads\/2025\/02\/\u622a\u5c4f2025-02-05-16.38.20.png 1580w\" sizes=\"auto, (max-width: 1200px) 100vw, 1200px\" \/> <img loading=\"lazy\" decoding=\"async\" class=\"alignnone wp-image-1619\" src=\"https:\/\/artisansignages.com\/wp-content\/uploads\/2025\/02\/\u622a\u5c4f2025-02-05-16.38.31-300x260.png\" alt=\"\" width=\"1200\" height=\"1040\" srcset=\"https:\/\/artisansignages.com\/wp-content\/uploads\/2025\/02\/\u622a\u5c4f2025-02-05-16.38.31-300x260.png 300w, https:\/\/artisansignages.com\/wp-content\/uploads\/2025\/02\/\u622a\u5c4f2025-02-05-16.38.31-1024x888.png 1024w, https:\/\/artisansignages.com\/wp-content\/uploads\/2025\/02\/\u622a\u5c4f2025-02-05-16.38.31-768x666.png 768w, https:\/\/artisansignages.com\/wp-content\/uploads\/2025\/02\/\u622a\u5c4f2025-02-05-16.38.31-1536x1331.png 1536w, https:\/\/artisansignages.com\/wp-content\/uploads\/2025\/02\/\u622a\u5c4f2025-02-05-16.38.31-14x12.png 14w, https:\/\/artisansignages.com\/wp-content\/uploads\/2025\/02\/\u622a\u5c4f2025-02-05-16.38.31-600x520.png 600w, https:\/\/artisansignages.com\/wp-content\/uploads\/2025\/02\/\u622a\u5c4f2025-02-05-16.38.31.png 1576w\" sizes=\"auto, (max-width: 1200px) 100vw, 1200px\" \/> <img loading=\"lazy\" decoding=\"async\" class=\"alignnone wp-image-1587\" src=\"https:\/\/artisansignages.com\/wp-content\/uploads\/2025\/02\/47-1-298x300.jpg\" alt=\"\" width=\"1200\" height=\"1207\" srcset=\"https:\/\/artisansignages.com\/wp-content\/uploads\/2025\/02\/47-1-298x300.jpg 298w, https:\/\/artisansignages.com\/wp-content\/uploads\/2025\/02\/47-1-1018x1024.jpg 1018w, https:\/\/artisansignages.com\/wp-content\/uploads\/2025\/02\/47-1-150x150.jpg 150w, https:\/\/artisansignages.com\/wp-content\/uploads\/2025\/02\/47-1-768x773.jpg 768w, https:\/\/artisansignages.com\/wp-content\/uploads\/2025\/02\/47-1-12x12.jpg 12w, https:\/\/artisansignages.com\/wp-content\/uploads\/2025\/02\/47-1-600x604.jpg 600w, https:\/\/artisansignages.com\/wp-content\/uploads\/2025\/02\/47-1-100x100.jpg 100w, https:\/\/artisansignages.com\/wp-content\/uploads\/2025\/02\/47-1.jpg 1161w\" sizes=\"auto, (max-width: 1200px) 100vw, 1200px\" \/><\/p>\n<p>&nbsp;<\/p>","protected":false},"excerpt":{"rendered":"<p>Art\u00edculos Caja de luz ultradelgada estilo sobre el suelo Material Aluminio Tama\u00f1o y forma Dise\u00f1o personalizado Fuente de luz M\u00f3dulos LED a prueba de agua Transformador \/ Procesamiento Corte, ensamblaje Tiempo de garant\u00eda El LED y el transformador son de 1 a\u00f1o; Embalaje El interior es de pl\u00e1stico y espuma, el exterior es de madera; el exterior es de madera con el tubo de metal. Pago 50% dep\u00f3sito antes de producir, 50% saldo\u2026<\/p>","protected":false},"featured_media":1616,"comment_status":"closed","ping_status":"closed","template":"","meta":{"_kad_blocks_custom_css":"","_kad_blocks_head_custom_js":"","_kad_blocks_body_custom_js":"","_kad_blocks_footer_custom_js":"","_kadence_starter_templates_imported_post":true,"_kad_post_transparent":"default","_kad_post_title":"","_kad_post_layout":"default","_kad_post_sidebar_id":"","_kad_post_content_style":"default","_kad_post_vertical_padding":"default","_kad_post_feature":"","_kad_post_feature_position":"","_kad_post_header":false,"_kad_post_footer":false},"product_brand":[],"product_cat":[17],"product_tag":[33,30,28,27,29,34,32,31],"class_list":{"0":"post-1602","1":"product","2":"type-product","3":"status-publish","4":"has-post-thumbnail","6":"product_cat-17","7":"product_tag-3d-sign","8":"product_tag-business-sign","9":"product_tag-channel-letter","10":"product_tag-channel-letters","11":"product_tag-led-sign","12":"product_tag-lightbox","13":"product_tag-lightup-sign","14":"product_tag-storefront","16":"first","17":"instock","18":"shipping-taxable","19":"purchasable","20":"product-type-variable","21":"entry","22":"content-bg","23":"loop-entry"},"taxonomy_info":{"product_cat":[{"value":17,"label":"Lightbox"}],"product_tag":[{"value":33,"label":"3d sign"},{"value":30,"label":"business sign"},{"value":28,"label":"channel letter"},{"value":27,"label":"channel letters"},{"value":29,"label":"led sign"},{"value":34,"label":"lightbox"},{"value":32,"label":"lightup sign"},{"value":31,"label":"storefront"}]},"featured_image_src_large":["https:\/\/artisansignages.com\/wp-content\/uploads\/2025\/02\/\u622a\u5c4f2025-02-05-16.37.51-1-781x1024.png",781,1024,true],"author_info":[],"comment_info":0,"_links":{"self":[{"href":"https:\/\/artisansignages.com\/es\/wp-json\/wp\/v2\/product\/1602","targetHints":{"allow":["GET"]}}],"collection":[{"href":"https:\/\/artisansignages.com\/es\/wp-json\/wp\/v2\/product"}],"about":[{"href":"https:\/\/artisansignages.com\/es\/wp-json\/wp\/v2\/types\/product"}],"replies":[{"embeddable":true,"href":"https:\/\/artisansignages.com\/es\/wp-json\/wp\/v2\/comments?post=1602"}],"wp:featuredmedia":[{"embeddable":true,"href":"https:\/\/artisansignages.com\/es\/wp-json\/wp\/v2\/media\/1616"}],"wp:attachment":[{"href":"https:\/\/artisansignages.com\/es\/wp-json\/wp\/v2\/media?parent=1602"}],"wp:term":[{"taxonomy":"product_brand","embeddable":true,"href":"https:\/\/artisansignages.com\/es\/wp-json\/wp\/v2\/product_brand?post=1602"},{"taxonomy":"product_cat","embeddable":true,"href":"https:\/\/artisansignages.com\/es\/wp-json\/wp\/v2\/product_cat?post=1602"},{"taxonomy":"product_tag","embeddable":true,"href":"https:\/\/artisansignages.com\/es\/wp-json\/wp\/v2\/product_tag?post=1602"}],"curies":[{"name":"wp","href":"https:\/\/api.w.org\/{rel}","templated":true}]}}