{"id":1193,"date":"2022-03-07T21:03:39","date_gmt":"2022-03-07T21:03:39","guid":{"rendered":"https:\/\/startertemplatecloud.com\/g38\/?post_type=product&#038;p=1193"},"modified":"2025-02-04T17:07:57","modified_gmt":"2025-02-04T17:07:57","slug":"frontlit-led-sign","status":"publish","type":"product","link":"https:\/\/artisansignages.com\/fr\/produit\/frontlit-led-sign\/","title":{"rendered":"Panneau publicitaire d&#039;entreprise sur mesure avec logo LED \u00e9clair\u00e9 \u00e0 l&#039;avant - Style de cadre visible"},"content":{"rendered":"<table>\n<tbody>\n<tr>\n<td width=\"85\"><strong><b>Articles<\/b><\/strong><\/td>\n<td width=\"477\">Panneau publicitaire d&#039;entreprise sur mesure avec logo LED \u00e9clair\u00e9 \u00e0 l&#039;avant - Style de cadre visible<\/td>\n<\/tr>\n<tr>\n<td width=\"85\"><strong><b>Mat\u00e9riel<\/b><\/strong><\/td>\n<td width=\"477\">Acrylique 3MM\/5MM\/8MM, acier inoxydable de qualit\u00e9 304\/316\/aluminium<\/td>\n<\/tr>\n<tr>\n<td width=\"85\"><strong><b>Taille et forme<\/b><\/strong><\/td>\n<td width=\"477\">Conception personnalis\u00e9e<\/td>\n<\/tr>\n<tr>\n<td width=\"85\"><strong><b>Source de lumi\u00e8re<\/b><\/strong><\/td>\n<td width=\"477\">Modules LED \u00e9tanches<\/td>\n<\/tr>\n<tr>\n<td width=\"85\"><strong><b>Transformateur<\/b><\/strong><\/td>\n<td width=\"477\">Marque MeanWell<\/td>\n<\/tr>\n<tr>\n<td width=\"85\"><strong><b>Traitement<\/b><\/strong><\/td>\n<td width=\"477\">D\u00e9coupe laser, polissage, peinture et assemblage<\/td>\n<\/tr>\n<tr>\n<td width=\"85\"><strong><b>Dur\u00e9e de la garantie<\/b><\/strong><\/td>\n<td width=\"477\">L&#039;acier inoxydable et l&#039;acrylique sont garantis 5 ans, les LED et le transformateur sont garantis 2 ans ;<\/td>\n<\/tr>\n<tr>\n<td width=\"85\"><strong><b>Emballage<\/b><\/strong><\/td>\n<td width=\"477\">L&#039;int\u00e9rieur est en plastique et en mousse, l&#039;ext\u00e9rieur est en bois ; l&#039;ext\u00e9rieur est en bois avec le tube en m\u00e9tal.<\/td>\n<\/tr>\n<tr>\n<td width=\"85\"><strong><b>Paiement<\/b><\/strong><\/td>\n<td width=\"477\">D\u00e9p\u00f4t 50% avant la production, solde 50% avant l&#039;exp\u00e9dition ; T\/T, Western Union, Paypal<\/td>\n<\/tr>\n<tr>\n<td width=\"85\"><strong><b>Heure du produit<\/b><\/strong><\/td>\n<td width=\"477\">G\u00e9n\u00e9ralement 5 \u00e0 7 jours ouvrables, selon la quantit\u00e9.<\/td>\n<\/tr>\n<tr>\n<td rowspan=\"3\" width=\"85\"><strong><b>Exp\u00e9dition<\/b><\/strong><\/td>\n<td width=\"477\">Par express : (DHL, FedEx, TNT, UPS etc.), 3 \u00e0 5 jours<\/td>\n<\/tr>\n<tr>\n<td width=\"477\">Par avion : 5-7 jours<\/td>\n<\/tr>\n<tr>\n<td width=\"477\">Par mer : 20-30 jours<\/td>\n<\/tr>\n<\/tbody>\n<\/table>\n<p><img loading=\"lazy\" decoding=\"async\" class=\"alignnone wp-image-1461\" src=\"https:\/\/artisansignages.com\/wp-content\/uploads\/2022\/03\/sooya-1024x1024.png\" alt=\"\" width=\"1200\" height=\"1200\" srcset=\"https:\/\/artisansignages.com\/wp-content\/uploads\/2022\/03\/sooya-1024x1024.png 1024w, https:\/\/artisansignages.com\/wp-content\/uploads\/2022\/03\/sooya-100x100.png 100w, https:\/\/artisansignages.com\/wp-content\/uploads\/2022\/03\/sooya-600x600.png 600w, https:\/\/artisansignages.com\/wp-content\/uploads\/2022\/03\/sooya-300x300.png 300w, https:\/\/artisansignages.com\/wp-content\/uploads\/2022\/03\/sooya-150x150.png 150w, https:\/\/artisansignages.com\/wp-content\/uploads\/2022\/03\/sooya-768x768.png 768w, https:\/\/artisansignages.com\/wp-content\/uploads\/2022\/03\/sooya-12x12.png 12w, https:\/\/artisansignages.com\/wp-content\/uploads\/2022\/03\/sooya-170x170.png 170w, https:\/\/artisansignages.com\/wp-content\/uploads\/2022\/03\/sooya-85x85.png 85w, https:\/\/artisansignages.com\/wp-content\/uploads\/2022\/03\/sooya.png 1100w\" sizes=\"auto, (max-width: 1200px) 100vw, 1200px\" \/> <img loading=\"lazy\" decoding=\"async\" class=\"alignnone wp-image-1459\" src=\"https:\/\/artisansignages.com\/wp-content\/uploads\/2022\/03\/BURGER-300x300.jpg\" alt=\"\" width=\"1200\" height=\"1200\" srcset=\"https:\/\/artisansignages.com\/wp-content\/uploads\/2022\/03\/BURGER-300x300.jpg 300w, https:\/\/artisansignages.com\/wp-content\/uploads\/2022\/03\/BURGER-100x100.jpg 100w, https:\/\/artisansignages.com\/wp-content\/uploads\/2022\/03\/BURGER-600x600.jpg 600w, https:\/\/artisansignages.com\/wp-content\/uploads\/2022\/03\/BURGER-150x150.jpg 150w, https:\/\/artisansignages.com\/wp-content\/uploads\/2022\/03\/BURGER-12x12.jpg 12w, https:\/\/artisansignages.com\/wp-content\/uploads\/2022\/03\/BURGER-170x170.jpg 170w, https:\/\/artisansignages.com\/wp-content\/uploads\/2022\/03\/BURGER-85x85.jpg 85w, https:\/\/artisansignages.com\/wp-content\/uploads\/2022\/03\/BURGER.jpg 640w\" sizes=\"auto, (max-width: 1200px) 100vw, 1200px\" \/><\/p>\n<ol>\n<li>\n<h6>Choisissez la couleur du panneau avant<\/h6>\n<\/li>\n<\/ol>\n<p><img loading=\"lazy\" decoding=\"async\" class=\"alignnone wp-image-1457\" src=\"https:\/\/artisansignages.com\/wp-content\/uploads\/2022\/03\/AAA-300x300.png\" alt=\"\" width=\"1200\" height=\"1200\" srcset=\"https:\/\/artisansignages.com\/wp-content\/uploads\/2022\/03\/AAA-300x300.png 300w, https:\/\/artisansignages.com\/wp-content\/uploads\/2022\/03\/AAA-100x100.png 100w, https:\/\/artisansignages.com\/wp-content\/uploads\/2022\/03\/AAA-600x600.png 600w, https:\/\/artisansignages.com\/wp-content\/uploads\/2022\/03\/AAA-150x150.png 150w, https:\/\/artisansignages.com\/wp-content\/uploads\/2022\/03\/AAA-768x768.png 768w, https:\/\/artisansignages.com\/wp-content\/uploads\/2022\/03\/AAA-12x12.png 12w, https:\/\/artisansignages.com\/wp-content\/uploads\/2022\/03\/AAA-170x170.png 170w, https:\/\/artisansignages.com\/wp-content\/uploads\/2022\/03\/AAA-85x85.png 85w, https:\/\/artisansignages.com\/wp-content\/uploads\/2022\/03\/AAA.png 800w\" sizes=\"auto, (max-width: 1200px) 100vw, 1200px\" \/><\/p>\n<p><img loading=\"lazy\" decoding=\"async\" class=\"alignnone wp-image-1454\" src=\"https:\/\/artisansignages.com\/wp-content\/uploads\/2022\/03\/\u9762\u677f\u989c\u8272-300x184.jpg\" alt=\"\" width=\"1200\" height=\"734\" srcset=\"https:\/\/artisansignages.com\/wp-content\/uploads\/2022\/03\/\u9762\u677f\u989c\u8272-300x184.jpg 300w, https:\/\/artisansignages.com\/wp-content\/uploads\/2022\/03\/\u9762\u677f\u989c\u8272-600x367.jpg 600w, https:\/\/artisansignages.com\/wp-content\/uploads\/2022\/03\/\u9762\u677f\u989c\u8272-18x12.jpg 18w, https:\/\/artisansignages.com\/wp-content\/uploads\/2022\/03\/\u9762\u677f\u989c\u8272.jpg 724w\" sizes=\"auto, (max-width: 1200px) 100vw, 1200px\" \/><\/p>\n<h6>2. Choisissez la couleur de l&#039;acier inoxydable.\uff08<span style=\"color: #ff0000;\"><strong>D&#039;autres couleurs peuvent \u00eatre peintes<\/strong><\/span>\uff09<\/h6>\n<p><img loading=\"lazy\" decoding=\"async\" class=\"alignnone wp-image-1450\" style=\"font-family: var(--global-body-font-family);\" src=\"https:\/\/artisansignages.com\/wp-content\/uploads\/2022\/03\/\u4e0d\u9508\u94a2\u989c\u8272-300x283.jpg\" alt=\"\" width=\"1200\" height=\"1133\" srcset=\"https:\/\/artisansignages.com\/wp-content\/uploads\/2022\/03\/\u4e0d\u9508\u94a2\u989c\u8272-300x283.jpg 300w, https:\/\/artisansignages.com\/wp-content\/uploads\/2022\/03\/\u4e0d\u9508\u94a2\u989c\u8272-600x567.jpg 600w, https:\/\/artisansignages.com\/wp-content\/uploads\/2022\/03\/\u4e0d\u9508\u94a2\u989c\u8272-768x725.jpg 768w, https:\/\/artisansignages.com\/wp-content\/uploads\/2022\/03\/\u4e0d\u9508\u94a2\u989c\u8272-13x12.jpg 13w, https:\/\/artisansignages.com\/wp-content\/uploads\/2022\/03\/\u4e0d\u9508\u94a2\u989c\u8272.jpg 772w\" sizes=\"auto, (max-width: 1200px) 100vw, 1200px\" \/><\/p>\n<h6>3. Processus de production<\/h6>\n<p><img loading=\"lazy\" decoding=\"async\" class=\"alignnone wp-image-1452\" src=\"https:\/\/artisansignages.com\/wp-content\/uploads\/2022\/03\/\u5de5\u827a\u6d41\u7a0b-300x266.jpg\" alt=\"\" width=\"1200\" height=\"1062\" srcset=\"https:\/\/artisansignages.com\/wp-content\/uploads\/2022\/03\/\u5de5\u827a\u6d41\u7a0b-300x266.jpg 300w, https:\/\/artisansignages.com\/wp-content\/uploads\/2022\/03\/\u5de5\u827a\u6d41\u7a0b-600x531.jpg 600w, https:\/\/artisansignages.com\/wp-content\/uploads\/2022\/03\/\u5de5\u827a\u6d41\u7a0b-14x12.jpg 14w, https:\/\/artisansignages.com\/wp-content\/uploads\/2022\/03\/\u5de5\u827a\u6d41\u7a0b.jpg 750w\" sizes=\"auto, (max-width: 1200px) 100vw, 1200px\" \/><\/p>\n<h6>4. Activer\/d\u00e9sactiver l&#039;effet<\/h6>\n<p><img loading=\"lazy\" decoding=\"async\" class=\"alignnone wp-image-1453\" src=\"https:\/\/artisansignages.com\/wp-content\/uploads\/2022\/03\/\u5f00\u706f\u5173\u706f\u5c55\u793a-300x130.jpg\" alt=\"\" width=\"1200\" height=\"518\" srcset=\"https:\/\/artisansignages.com\/wp-content\/uploads\/2022\/03\/\u5f00\u706f\u5173\u706f\u5c55\u793a-300x130.jpg 300w, https:\/\/artisansignages.com\/wp-content\/uploads\/2022\/03\/\u5f00\u706f\u5173\u706f\u5c55\u793a-600x259.jpg 600w, https:\/\/artisansignages.com\/wp-content\/uploads\/2022\/03\/\u5f00\u706f\u5173\u706f\u5c55\u793a-18x8.jpg 18w, https:\/\/artisansignages.com\/wp-content\/uploads\/2022\/03\/\u5f00\u706f\u5173\u706f\u5c55\u793a.jpg 725w\" sizes=\"auto, (max-width: 1200px) 100vw, 1200px\" \/><\/p>\n<h6>5. D\u00e9tails de l&#039;emballage<\/h6>\n<p><img loading=\"lazy\" decoding=\"async\" class=\"alignnone wp-image-1455\" src=\"https:\/\/artisansignages.com\/wp-content\/uploads\/2022\/03\/\u914d\u4ef6\u6253\u5305\u56fe-300x187.jpg\" alt=\"\" width=\"1200\" height=\"749\" srcset=\"https:\/\/artisansignages.com\/wp-content\/uploads\/2022\/03\/\u914d\u4ef6\u6253\u5305\u56fe-300x187.jpg 300w, https:\/\/artisansignages.com\/wp-content\/uploads\/2022\/03\/\u914d\u4ef6\u6253\u5305\u56fe-600x375.jpg 600w, https:\/\/artisansignages.com\/wp-content\/uploads\/2022\/03\/\u914d\u4ef6\u6253\u5305\u56fe-18x12.jpg 18w, https:\/\/artisansignages.com\/wp-content\/uploads\/2022\/03\/\u914d\u4ef6\u6253\u5305\u56fe.jpg 753w\" sizes=\"auto, (max-width: 1200px) 100vw, 1200px\" \/><\/p>","protected":false},"excerpt":{"rendered":"<p>Panneau publicitaire d&#039;entreprise sur mesure avec logo LED \u00e9clair\u00e9 \u00e0 l&#039;avant - Style de cadre visible Mat\u00e9riau Acrylique 3MM\/5MM\/8MM, acier inoxydable\/aluminium de qualit\u00e9 304\/316 Taille et forme Conception personnalis\u00e9e Source lumineuse Modules LED \u00e9tanches Transformateur Marque MeanWell Traitement D\u00e9coupe laser, polissage, peinture et assemblage Dur\u00e9e de garantie L&#039;acier inoxydable et l&#039;acrylique sont de 5 ans, la LED et le transformateur sont de 2 ans ;\u2026<\/p>","protected":false},"featured_media":1457,"comment_status":"closed","ping_status":"closed","template":"","meta":{"_kad_blocks_custom_css":"","_kad_blocks_head_custom_js":"","_kad_blocks_body_custom_js":"","_kad_blocks_footer_custom_js":"","_kadence_starter_templates_imported_post":true,"_kad_post_transparent":"default","_kad_post_title":"","_kad_post_layout":"default","_kad_post_sidebar_id":"","_kad_post_content_style":"default","_kad_post_vertical_padding":"default","_kad_post_feature":"","_kad_post_feature_position":"","_kad_post_header":false,"_kad_post_footer":false},"product_brand":[],"product_cat":[15],"product_tag":[33,30,28,27,29,32,31],"class_list":{"0":"post-1193","1":"product","2":"type-product","3":"status-publish","4":"has-post-thumbnail","6":"product_cat-15","7":"product_tag-3d-sign","8":"product_tag-business-sign","9":"product_tag-channel-letter","10":"product_tag-channel-letters","11":"product_tag-led-sign","12":"product_tag-lightup-sign","13":"product_tag-storefront","15":"first","16":"instock","17":"shipping-taxable","18":"purchasable","19":"product-type-simple","20":"entry","21":"content-bg","22":"loop-entry"},"taxonomy_info":{"product_cat":[{"value":15,"label":"Channel Letter"}],"product_tag":[{"value":33,"label":"3d sign"},{"value":30,"label":"business sign"},{"value":28,"label":"channel letter"},{"value":27,"label":"channel letters"},{"value":29,"label":"led sign"},{"value":32,"label":"lightup sign"},{"value":31,"label":"storefront"}]},"featured_image_src_large":["https:\/\/artisansignages.com\/wp-content\/uploads\/2022\/03\/AAA.png",800,800,false],"author_info":[],"comment_info":0,"_links":{"self":[{"href":"https:\/\/artisansignages.com\/fr\/wp-json\/wp\/v2\/product\/1193","targetHints":{"allow":["GET"]}}],"collection":[{"href":"https:\/\/artisansignages.com\/fr\/wp-json\/wp\/v2\/product"}],"about":[{"href":"https:\/\/artisansignages.com\/fr\/wp-json\/wp\/v2\/types\/product"}],"replies":[{"embeddable":true,"href":"https:\/\/artisansignages.com\/fr\/wp-json\/wp\/v2\/comments?post=1193"}],"wp:featuredmedia":[{"embeddable":true,"href":"https:\/\/artisansignages.com\/fr\/wp-json\/wp\/v2\/media\/1457"}],"wp:attachment":[{"href":"https:\/\/artisansignages.com\/fr\/wp-json\/wp\/v2\/media?parent=1193"}],"wp:term":[{"taxonomy":"product_brand","embeddable":true,"href":"https:\/\/artisansignages.com\/fr\/wp-json\/wp\/v2\/product_brand?post=1193"},{"taxonomy":"product_cat","embeddable":true,"href":"https:\/\/artisansignages.com\/fr\/wp-json\/wp\/v2\/product_cat?post=1193"},{"taxonomy":"product_tag","embeddable":true,"href":"https:\/\/artisansignages.com\/fr\/wp-json\/wp\/v2\/product_tag?post=1193"}],"curies":[{"name":"wp","href":"https:\/\/api.w.org\/{rel}","templated":true}]}}