{"id":1530,"date":"2025-02-05T03:56:38","date_gmt":"2025-02-05T03:56:38","guid":{"rendered":"https:\/\/artisansignages.com\/?post_type=product&#038;p=1530"},"modified":"2025-02-05T05:24:36","modified_gmt":"2025-02-05T05:24:36","slug":"custom-acrylic-lightbox","status":"publish","type":"product","link":"https:\/\/artisansignages.com\/fr\/produit\/custom-acrylic-lightbox\/","title":{"rendered":"Caisson lumineux en acrylique personnalis\u00e9"},"content":{"rendered":"<table>\n<tbody>\n<tr>\n<td width=\"85\"><strong><b>Articles<\/b><\/strong><\/td>\n<td width=\"477\">Caisson lumineux en acrylique personnalis\u00e9<\/td>\n<\/tr>\n<tr>\n<td width=\"85\"><strong><b>Mat\u00e9riel<\/b><\/strong><\/td>\n<td width=\"477\">\u00a0Acrylique<\/td>\n<\/tr>\n<tr>\n<td width=\"85\"><strong><b>Taille et forme<\/b><\/strong><\/td>\n<td width=\"477\">Conception personnalis\u00e9e<\/td>\n<\/tr>\n<tr>\n<td width=\"85\"><strong><b>Source de lumi\u00e8re<\/b><\/strong><\/td>\n<td width=\"477\">Modules LED \u00e9tanches<\/td>\n<\/tr>\n<tr>\n<td width=\"85\"><strong><b>Transformateur<\/b><\/strong><\/td>\n<td width=\"477\">Marque MeanWell<\/td>\n<\/tr>\n<tr>\n<td width=\"85\"><strong><b>Traitement<\/b><\/strong><\/td>\n<td width=\"477\">Gravure, Assemblage<\/td>\n<\/tr>\n<tr>\n<td width=\"85\"><strong><b>Dur\u00e9e de la garantie<\/b><\/strong><\/td>\n<td width=\"477\">La LED et le transformateur sont garantis 1 an ;<\/td>\n<\/tr>\n<tr>\n<td width=\"85\"><strong><b>Emballage<\/b><\/strong><\/td>\n<td width=\"477\">L&#039;int\u00e9rieur est en plastique et en mousse, l&#039;ext\u00e9rieur est en bois ; l&#039;ext\u00e9rieur est en bois avec le tube en m\u00e9tal.<\/td>\n<\/tr>\n<tr>\n<td width=\"85\"><strong><b>Paiement<\/b><\/strong><\/td>\n<td width=\"477\">D\u00e9p\u00f4t 50% avant la production, solde 50% avant l&#039;exp\u00e9dition ; T\/T, Western Union, Paypal<\/td>\n<\/tr>\n<tr>\n<td width=\"85\"><strong><b>Heure du produit<\/b><\/strong><\/td>\n<td width=\"477\">G\u00e9n\u00e9ralement 5 \u00e0 7 jours ouvrables, selon la quantit\u00e9.<\/td>\n<\/tr>\n<tr>\n<td rowspan=\"3\" width=\"85\"><strong><b>Exp\u00e9dition<\/b><\/strong><\/td>\n<td width=\"477\">Par express : (DHL, FedEx, TNT, UPS etc.), 3 \u00e0 5 jours<\/td>\n<\/tr>\n<tr>\n<td width=\"477\">Par avion : 5-7 jours<\/td>\n<\/tr>\n<tr>\n<td width=\"477\">Par mer : 20-30 jours<\/td>\n<\/tr>\n<\/tbody>\n<\/table>\n<p><img loading=\"lazy\" decoding=\"async\" class=\"alignnone wp-image-1534\" src=\"https:\/\/artisansignages.com\/wp-content\/uploads\/2025\/02\/34-300x300.jpg\" alt=\"\" width=\"1200\" height=\"1200\" srcset=\"https:\/\/artisansignages.com\/wp-content\/uploads\/2025\/02\/34-300x300.jpg 300w, https:\/\/artisansignages.com\/wp-content\/uploads\/2025\/02\/34-150x150.jpg 150w, https:\/\/artisansignages.com\/wp-content\/uploads\/2025\/02\/34-768x768.jpg 768w, https:\/\/artisansignages.com\/wp-content\/uploads\/2025\/02\/34-12x12.jpg 12w, https:\/\/artisansignages.com\/wp-content\/uploads\/2025\/02\/34-600x600.jpg 600w, https:\/\/artisansignages.com\/wp-content\/uploads\/2025\/02\/34-100x100.jpg 100w, https:\/\/artisansignages.com\/wp-content\/uploads\/2025\/02\/34-170x170.jpg 170w, https:\/\/artisansignages.com\/wp-content\/uploads\/2025\/02\/34-85x85.jpg 85w, https:\/\/artisansignages.com\/wp-content\/uploads\/2025\/02\/34.jpg 800w\" sizes=\"auto, (max-width: 1200px) 100vw, 1200px\" \/> <img loading=\"lazy\" decoding=\"async\" class=\"alignnone wp-image-1533\" src=\"https:\/\/artisansignages.com\/wp-content\/uploads\/2025\/02\/33-300x300.jpg\" alt=\"\" width=\"1200\" height=\"1200\" srcset=\"https:\/\/artisansignages.com\/wp-content\/uploads\/2025\/02\/33-300x300.jpg 300w, https:\/\/artisansignages.com\/wp-content\/uploads\/2025\/02\/33-150x150.jpg 150w, https:\/\/artisansignages.com\/wp-content\/uploads\/2025\/02\/33-12x12.jpg 12w, https:\/\/artisansignages.com\/wp-content\/uploads\/2025\/02\/33-600x600.jpg 600w, https:\/\/artisansignages.com\/wp-content\/uploads\/2025\/02\/33-100x100.jpg 100w, https:\/\/artisansignages.com\/wp-content\/uploads\/2025\/02\/33-170x170.jpg 170w, https:\/\/artisansignages.com\/wp-content\/uploads\/2025\/02\/33-85x85.jpg 85w, https:\/\/artisansignages.com\/wp-content\/uploads\/2025\/02\/33.jpg 750w\" sizes=\"auto, (max-width: 1200px) 100vw, 1200px\" \/> <img loading=\"lazy\" decoding=\"async\" class=\"alignnone wp-image-1537\" src=\"https:\/\/artisansignages.com\/wp-content\/uploads\/2025\/02\/37-300x300.jpg\" alt=\"\" width=\"1200\" height=\"1200\" srcset=\"https:\/\/artisansignages.com\/wp-content\/uploads\/2025\/02\/37-300x300.jpg 300w, https:\/\/artisansignages.com\/wp-content\/uploads\/2025\/02\/37-150x150.jpg 150w, https:\/\/artisansignages.com\/wp-content\/uploads\/2025\/02\/37-768x768.jpg 768w, https:\/\/artisansignages.com\/wp-content\/uploads\/2025\/02\/37-12x12.jpg 12w, https:\/\/artisansignages.com\/wp-content\/uploads\/2025\/02\/37-600x600.jpg 600w, https:\/\/artisansignages.com\/wp-content\/uploads\/2025\/02\/37-100x100.jpg 100w, https:\/\/artisansignages.com\/wp-content\/uploads\/2025\/02\/37-170x170.jpg 170w, https:\/\/artisansignages.com\/wp-content\/uploads\/2025\/02\/37-85x85.jpg 85w, https:\/\/artisansignages.com\/wp-content\/uploads\/2025\/02\/37.jpg 800w\" sizes=\"auto, (max-width: 1200px) 100vw, 1200px\" \/> <img loading=\"lazy\" decoding=\"async\" class=\"alignnone wp-image-1538\" src=\"https:\/\/artisansignages.com\/wp-content\/uploads\/2025\/02\/38-240x300.jpg\" alt=\"\" width=\"1200\" height=\"1500\" srcset=\"https:\/\/artisansignages.com\/wp-content\/uploads\/2025\/02\/38-240x300.jpg 240w, https:\/\/artisansignages.com\/wp-content\/uploads\/2025\/02\/38-819x1024.jpg 819w, https:\/\/artisansignages.com\/wp-content\/uploads\/2025\/02\/38-768x960.jpg 768w, https:\/\/artisansignages.com\/wp-content\/uploads\/2025\/02\/38-10x12.jpg 10w, https:\/\/artisansignages.com\/wp-content\/uploads\/2025\/02\/38-600x750.jpg 600w, https:\/\/artisansignages.com\/wp-content\/uploads\/2025\/02\/38.jpg 1080w\" sizes=\"auto, (max-width: 1200px) 100vw, 1200px\" \/><\/p>\n<h6>1. Choisissez la couleur du r\u00e9tro\u00e9clairage.<\/h6>\n<p><img loading=\"lazy\" decoding=\"async\" class=\"alignnone wp-image-1520\" src=\"https:\/\/artisansignages.com\/wp-content\/uploads\/2025\/02\/IMG_7697-300x200.jpg\" alt=\"\" width=\"1200\" height=\"800\" srcset=\"https:\/\/artisansignages.com\/wp-content\/uploads\/2025\/02\/IMG_7697-300x200.jpg 300w, https:\/\/artisansignages.com\/wp-content\/uploads\/2025\/02\/IMG_7697-1024x682.jpg 1024w, https:\/\/artisansignages.com\/wp-content\/uploads\/2025\/02\/IMG_7697-768x512.jpg 768w, https:\/\/artisansignages.com\/wp-content\/uploads\/2025\/02\/IMG_7697-1536x1024.jpg 1536w, https:\/\/artisansignages.com\/wp-content\/uploads\/2025\/02\/IMG_7697-2048x1365.jpg 2048w, https:\/\/artisansignages.com\/wp-content\/uploads\/2025\/02\/IMG_7697-18x12.jpg 18w, https:\/\/artisansignages.com\/wp-content\/uploads\/2025\/02\/IMG_7697-600x400.jpg 600w\" sizes=\"auto, (max-width: 1200px) 100vw, 1200px\" \/><\/p>\n<h6>2. Processus de production<\/h6>\n<p><img loading=\"lazy\" decoding=\"async\" class=\"alignnone wp-image-1452\" src=\"https:\/\/artisansignages.com\/wp-content\/uploads\/2022\/03\/\u5de5\u827a\u6d41\u7a0b-300x266.jpg\" alt=\"\" width=\"1200\" height=\"1062\" srcset=\"https:\/\/artisansignages.com\/wp-content\/uploads\/2022\/03\/\u5de5\u827a\u6d41\u7a0b-300x266.jpg 300w, https:\/\/artisansignages.com\/wp-content\/uploads\/2022\/03\/\u5de5\u827a\u6d41\u7a0b-600x531.jpg 600w, https:\/\/artisansignages.com\/wp-content\/uploads\/2022\/03\/\u5de5\u827a\u6d41\u7a0b-14x12.jpg 14w, https:\/\/artisansignages.com\/wp-content\/uploads\/2022\/03\/\u5de5\u827a\u6d41\u7a0b.jpg 750w\" sizes=\"auto, (max-width: 1200px) 100vw, 1200px\" \/><\/p>\n<h6>3. D\u00e9tails de l&#039;emballage<\/h6>\n<p><img loading=\"lazy\" decoding=\"async\" class=\"alignnone wp-image-1455\" src=\"https:\/\/artisansignages.com\/wp-content\/uploads\/2022\/03\/\u914d\u4ef6\u6253\u5305\u56fe-300x187.jpg\" alt=\"\" width=\"1200\" height=\"749\" srcset=\"https:\/\/artisansignages.com\/wp-content\/uploads\/2022\/03\/\u914d\u4ef6\u6253\u5305\u56fe-300x187.jpg 300w, https:\/\/artisansignages.com\/wp-content\/uploads\/2022\/03\/\u914d\u4ef6\u6253\u5305\u56fe-600x375.jpg 600w, https:\/\/artisansignages.com\/wp-content\/uploads\/2022\/03\/\u914d\u4ef6\u6253\u5305\u56fe-18x12.jpg 18w, https:\/\/artisansignages.com\/wp-content\/uploads\/2022\/03\/\u914d\u4ef6\u6253\u5305\u56fe.jpg 753w\" sizes=\"auto, (max-width: 1200px) 100vw, 1200px\" \/><\/p>","protected":false},"excerpt":{"rendered":"<p>Articles Caisson lumineux en acrylique personnalis\u00e9 Mat\u00e9riau Acrylique Taille et forme Conception personnalis\u00e9e Source lumineuse Modules LED \u00e9tanches Transformateur Marque MeanWell Traitement Gravure, assemblage Dur\u00e9e de garantie La LED et le transformateur sont de 1 an ; Emballage L&#039;int\u00e9rieur est en plastique et en mousse, l&#039;ext\u00e9rieur est en bois ; \u00e0 l&#039;ext\u00e9rieur le bois avec le tube en m\u00e9tal. Paiement 50% d\u00e9p\u00f4t avant production, 50% solde avant\u2026<\/p>","protected":false},"featured_media":1536,"comment_status":"closed","ping_status":"closed","template":"","meta":{"_kad_blocks_custom_css":"","_kad_blocks_head_custom_js":"","_kad_blocks_body_custom_js":"","_kad_blocks_footer_custom_js":"","_kadence_starter_templates_imported_post":true,"_kad_post_transparent":"default","_kad_post_title":"","_kad_post_layout":"default","_kad_post_sidebar_id":"","_kad_post_content_style":"default","_kad_post_vertical_padding":"default","_kad_post_feature":"","_kad_post_feature_position":"","_kad_post_header":false,"_kad_post_footer":false},"product_brand":[],"product_cat":[17],"product_tag":[33,30,28,27,29,34,32,31],"class_list":{"0":"post-1530","1":"product","2":"type-product","3":"status-publish","4":"has-post-thumbnail","6":"product_cat-17","7":"product_tag-3d-sign","8":"product_tag-business-sign","9":"product_tag-channel-letter","10":"product_tag-channel-letters","11":"product_tag-led-sign","12":"product_tag-lightbox","13":"product_tag-lightup-sign","14":"product_tag-storefront","16":"first","17":"instock","18":"shipping-taxable","19":"purchasable","20":"product-type-simple","21":"entry","22":"content-bg","23":"loop-entry"},"taxonomy_info":{"product_cat":[{"value":17,"label":"Lightbox"}],"product_tag":[{"value":33,"label":"3d sign"},{"value":30,"label":"business sign"},{"value":28,"label":"channel letter"},{"value":27,"label":"channel letters"},{"value":29,"label":"led sign"},{"value":34,"label":"lightbox"},{"value":32,"label":"lightup sign"},{"value":31,"label":"storefront"}]},"featured_image_src_large":["https:\/\/artisansignages.com\/wp-content\/uploads\/2025\/02\/36.jpg",800,800,false],"author_info":[],"comment_info":0,"_links":{"self":[{"href":"https:\/\/artisansignages.com\/fr\/wp-json\/wp\/v2\/product\/1530","targetHints":{"allow":["GET"]}}],"collection":[{"href":"https:\/\/artisansignages.com\/fr\/wp-json\/wp\/v2\/product"}],"about":[{"href":"https:\/\/artisansignages.com\/fr\/wp-json\/wp\/v2\/types\/product"}],"replies":[{"embeddable":true,"href":"https:\/\/artisansignages.com\/fr\/wp-json\/wp\/v2\/comments?post=1530"}],"wp:featuredmedia":[{"embeddable":true,"href":"https:\/\/artisansignages.com\/fr\/wp-json\/wp\/v2\/media\/1536"}],"wp:attachment":[{"href":"https:\/\/artisansignages.com\/fr\/wp-json\/wp\/v2\/media?parent=1530"}],"wp:term":[{"taxonomy":"product_brand","embeddable":true,"href":"https:\/\/artisansignages.com\/fr\/wp-json\/wp\/v2\/product_brand?post=1530"},{"taxonomy":"product_cat","embeddable":true,"href":"https:\/\/artisansignages.com\/fr\/wp-json\/wp\/v2\/product_cat?post=1530"},{"taxonomy":"product_tag","embeddable":true,"href":"https:\/\/artisansignages.com\/fr\/wp-json\/wp\/v2\/product_tag?post=1530"}],"curies":[{"name":"wp","href":"https:\/\/api.w.org\/{rel}","templated":true}]}}