{"id":1477,"date":"2025-02-05T02:23:26","date_gmt":"2025-02-05T02:23:26","guid":{"rendered":"https:\/\/artisansignages.com\/?post_type=product&#038;p=1477"},"modified":"2025-02-05T02:43:59","modified_gmt":"2025-02-05T02:43:59","slug":"custom-made-business-advertising-frontlit-led-logo-sign-conspicuous-frame-style","status":"publish","type":"product","link":"https:\/\/artisansignages.com\/pt\/produto\/custom-made-business-advertising-frontlit-led-logo-sign-conspicuous-frame-style\/","title":{"rendered":"Placa de logotipo de LED com ilumina\u00e7\u00e3o frontal para publicidade comercial personalizada \u2013 Estilo com ilumina\u00e7\u00e3o lateral"},"content":{"rendered":"<table>\n<tbody>\n<tr>\n<td width=\"85\"><strong><b>Unid<\/b><\/strong><\/td>\n<td width=\"477\">Placa de logotipo de LED com ilumina\u00e7\u00e3o frontal para publicidade comercial personalizada \u2013 Estilo com ilumina\u00e7\u00e3o lateral<\/td>\n<\/tr>\n<tr>\n<td width=\"85\"><strong><b>Material<\/b><\/strong><\/td>\n<td width=\"477\">Acr\u00edlico 3MM\/5MM\/8MM, a\u00e7o inoxid\u00e1vel grau 304\/316<\/td>\n<\/tr>\n<tr>\n<td width=\"85\"><strong><b>Tamanho e forma<\/b><\/strong><\/td>\n<td width=\"477\">Design personalizado<\/td>\n<\/tr>\n<tr>\n<td width=\"85\"><strong><b>Fonte de luz<\/b><\/strong><\/td>\n<td width=\"477\">M\u00f3dulos Led \u00e0 prova d&#039;\u00e1gua<\/td>\n<\/tr>\n<tr>\n<td width=\"85\"><strong><b>Transformador<\/b><\/strong><\/td>\n<td width=\"477\">Marca MeanWell<\/td>\n<\/tr>\n<tr>\n<td width=\"85\"><strong><b>Processamento<\/b><\/strong><\/td>\n<td width=\"477\">Corte a laser, polimento, pintura e montagem<\/td>\n<\/tr>\n<tr>\n<td width=\"85\"><strong><b>Tempo de garantia<\/b><\/strong><\/td>\n<td width=\"477\">A\u00e7o inoxid\u00e1vel e acr\u00edlico t\u00eam 5 anos, LED e transformador t\u00eam 2 anos;<\/td>\n<\/tr>\n<tr>\n<td width=\"85\"><strong><b>Embalagem<\/b><\/strong><\/td>\n<td width=\"477\">O interior \u00e9 de pl\u00e1stico e espuma, o exterior \u00e9 de madeira; o exterior \u00e9 de madeira com tubo de metal.<\/td>\n<\/tr>\n<tr>\n<td width=\"85\"><strong><b>Pagamento<\/b><\/strong><\/td>\n<td width=\"477\">50% dep\u00f3sito antes da produ\u00e7\u00e3o, 50% saldo antes do envio; T\/T, Western Union, Paypal<\/td>\n<\/tr>\n<tr>\n<td width=\"85\"><strong><b>Tempo do produto<\/b><\/strong><\/td>\n<td width=\"477\">Geralmente de 5 a 7 dias \u00fateis, dependendo da quantidade.<\/td>\n<\/tr>\n<tr>\n<td rowspan=\"3\" width=\"85\"><strong><b>Envio<\/b><\/strong><\/td>\n<td width=\"477\">Por expresso: (DHL, FedEx, TNT, UPS etc.), 3-5 dias<\/td>\n<\/tr>\n<tr>\n<td width=\"477\">Por via a\u00e9rea: 5-7 dias<\/td>\n<\/tr>\n<tr>\n<td width=\"477\">Por mar: 20-30 dias<\/td>\n<\/tr>\n<\/tbody>\n<\/table>\n<p><img loading=\"lazy\" decoding=\"async\" class=\"alignnone wp-image-1479\" src=\"https:\/\/artisansignages.com\/wp-content\/uploads\/2025\/02\/\u4fa7\u8fb9\u51b2\u5b54\u5e73\u9762\u5b572-1-225x300.png\" alt=\"\" width=\"1200\" height=\"1600\" srcset=\"https:\/\/artisansignages.com\/wp-content\/uploads\/2025\/02\/\u4fa7\u8fb9\u51b2\u5b54\u5e73\u9762\u5b572-1-225x300.png 225w, https:\/\/artisansignages.com\/wp-content\/uploads\/2025\/02\/\u4fa7\u8fb9\u51b2\u5b54\u5e73\u9762\u5b572-1-768x1024.png 768w, https:\/\/artisansignages.com\/wp-content\/uploads\/2025\/02\/\u4fa7\u8fb9\u51b2\u5b54\u5e73\u9762\u5b572-1-1152x1536.png 1152w, https:\/\/artisansignages.com\/wp-content\/uploads\/2025\/02\/\u4fa7\u8fb9\u51b2\u5b54\u5e73\u9762\u5b572-1-1536x2048.png 1536w, https:\/\/artisansignages.com\/wp-content\/uploads\/2025\/02\/\u4fa7\u8fb9\u51b2\u5b54\u5e73\u9762\u5b572-1-9x12.png 9w\" sizes=\"auto, (max-width: 1200px) 100vw, 1200px\" \/> <img loading=\"lazy\" decoding=\"async\" class=\"alignnone wp-image-1481\" src=\"https:\/\/artisansignages.com\/wp-content\/uploads\/2025\/02\/\u4fa7\u8fb9\u51b2\u5b54\u5e73\u9762\u5b574-225x300.png\" alt=\"\" width=\"1200\" height=\"1600\" srcset=\"https:\/\/artisansignages.com\/wp-content\/uploads\/2025\/02\/\u4fa7\u8fb9\u51b2\u5b54\u5e73\u9762\u5b574-225x300.png 225w, https:\/\/artisansignages.com\/wp-content\/uploads\/2025\/02\/\u4fa7\u8fb9\u51b2\u5b54\u5e73\u9762\u5b574-768x1024.png 768w, https:\/\/artisansignages.com\/wp-content\/uploads\/2025\/02\/\u4fa7\u8fb9\u51b2\u5b54\u5e73\u9762\u5b574-1152x1536.png 1152w, https:\/\/artisansignages.com\/wp-content\/uploads\/2025\/02\/\u4fa7\u8fb9\u51b2\u5b54\u5e73\u9762\u5b574-1536x2048.png 1536w, https:\/\/artisansignages.com\/wp-content\/uploads\/2025\/02\/\u4fa7\u8fb9\u51b2\u5b54\u5e73\u9762\u5b574-9x12.png 9w\" sizes=\"auto, (max-width: 1200px) 100vw, 1200px\" \/> <img loading=\"lazy\" decoding=\"async\" class=\"alignnone wp-image-1482\" src=\"https:\/\/artisansignages.com\/wp-content\/uploads\/2025\/02\/\u4fa7\u8fb9\u51b2\u5b54\u5e73\u9762\u5b575-225x300.png\" alt=\"\" width=\"1200\" height=\"1600\" \/><\/p>\n<ol>\n<li>\n<h6>Escolha a cor do painel frontal<\/h6>\n<\/li>\n<\/ol>\n<p><img loading=\"lazy\" decoding=\"async\" class=\"alignnone wp-image-1457\" src=\"https:\/\/artisansignages.com\/wp-content\/uploads\/2022\/03\/AAA-300x300.png\" alt=\"\" width=\"1200\" height=\"1200\" srcset=\"https:\/\/artisansignages.com\/wp-content\/uploads\/2022\/03\/AAA-300x300.png 300w, https:\/\/artisansignages.com\/wp-content\/uploads\/2022\/03\/AAA-100x100.png 100w, https:\/\/artisansignages.com\/wp-content\/uploads\/2022\/03\/AAA-600x600.png 600w, https:\/\/artisansignages.com\/wp-content\/uploads\/2022\/03\/AAA-150x150.png 150w, https:\/\/artisansignages.com\/wp-content\/uploads\/2022\/03\/AAA-768x768.png 768w, https:\/\/artisansignages.com\/wp-content\/uploads\/2022\/03\/AAA-12x12.png 12w, https:\/\/artisansignages.com\/wp-content\/uploads\/2022\/03\/AAA-170x170.png 170w, https:\/\/artisansignages.com\/wp-content\/uploads\/2022\/03\/AAA-85x85.png 85w, https:\/\/artisansignages.com\/wp-content\/uploads\/2022\/03\/AAA.png 800w\" sizes=\"auto, (max-width: 1200px) 100vw, 1200px\" \/><\/p>\n<p><img loading=\"lazy\" decoding=\"async\" class=\"alignnone wp-image-1454\" src=\"https:\/\/artisansignages.com\/wp-content\/uploads\/2022\/03\/\u9762\u677f\u989c\u8272-300x184.jpg\" alt=\"\" width=\"1200\" height=\"734\" srcset=\"https:\/\/artisansignages.com\/wp-content\/uploads\/2022\/03\/\u9762\u677f\u989c\u8272-300x184.jpg 300w, https:\/\/artisansignages.com\/wp-content\/uploads\/2022\/03\/\u9762\u677f\u989c\u8272-600x367.jpg 600w, https:\/\/artisansignages.com\/wp-content\/uploads\/2022\/03\/\u9762\u677f\u989c\u8272-18x12.jpg 18w, https:\/\/artisansignages.com\/wp-content\/uploads\/2022\/03\/\u9762\u677f\u989c\u8272.jpg 724w\" sizes=\"auto, (max-width: 1200px) 100vw, 1200px\" \/><\/p>\n<h6>2. Escolha a cor do a\u00e7o inoxid\u00e1vel.<\/h6>\n<p><img loading=\"lazy\" decoding=\"async\" class=\"alignnone wp-image-1450\" style=\"font-family: var(--global-body-font-family);\" src=\"https:\/\/artisansignages.com\/wp-content\/uploads\/2022\/03\/\u4e0d\u9508\u94a2\u989c\u8272-300x283.jpg\" alt=\"\" width=\"1200\" height=\"1133\" srcset=\"https:\/\/artisansignages.com\/wp-content\/uploads\/2022\/03\/\u4e0d\u9508\u94a2\u989c\u8272-300x283.jpg 300w, https:\/\/artisansignages.com\/wp-content\/uploads\/2022\/03\/\u4e0d\u9508\u94a2\u989c\u8272-600x567.jpg 600w, https:\/\/artisansignages.com\/wp-content\/uploads\/2022\/03\/\u4e0d\u9508\u94a2\u989c\u8272-768x725.jpg 768w, https:\/\/artisansignages.com\/wp-content\/uploads\/2022\/03\/\u4e0d\u9508\u94a2\u989c\u8272-13x12.jpg 13w, https:\/\/artisansignages.com\/wp-content\/uploads\/2022\/03\/\u4e0d\u9508\u94a2\u989c\u8272.jpg 772w\" sizes=\"auto, (max-width: 1200px) 100vw, 1200px\" \/><\/p>\n<h6>3. Processo de produ\u00e7\u00e3o<\/h6>\n<p><img loading=\"lazy\" decoding=\"async\" class=\"alignnone wp-image-1452\" src=\"https:\/\/artisansignages.com\/wp-content\/uploads\/2022\/03\/\u5de5\u827a\u6d41\u7a0b-300x266.jpg\" alt=\"\" width=\"1200\" height=\"1062\" srcset=\"https:\/\/artisansignages.com\/wp-content\/uploads\/2022\/03\/\u5de5\u827a\u6d41\u7a0b-300x266.jpg 300w, https:\/\/artisansignages.com\/wp-content\/uploads\/2022\/03\/\u5de5\u827a\u6d41\u7a0b-600x531.jpg 600w, https:\/\/artisansignages.com\/wp-content\/uploads\/2022\/03\/\u5de5\u827a\u6d41\u7a0b-14x12.jpg 14w, https:\/\/artisansignages.com\/wp-content\/uploads\/2022\/03\/\u5de5\u827a\u6d41\u7a0b.jpg 750w\" sizes=\"auto, (max-width: 1200px) 100vw, 1200px\" \/><\/p>\n<h6>4. Ligar\/desligar efeito<\/h6>\n<p><img loading=\"lazy\" decoding=\"async\" class=\"alignnone wp-image-1453\" src=\"https:\/\/artisansignages.com\/wp-content\/uploads\/2022\/03\/\u5f00\u706f\u5173\u706f\u5c55\u793a-300x130.jpg\" alt=\"\" width=\"1200\" height=\"518\" srcset=\"https:\/\/artisansignages.com\/wp-content\/uploads\/2022\/03\/\u5f00\u706f\u5173\u706f\u5c55\u793a-300x130.jpg 300w, https:\/\/artisansignages.com\/wp-content\/uploads\/2022\/03\/\u5f00\u706f\u5173\u706f\u5c55\u793a-600x259.jpg 600w, https:\/\/artisansignages.com\/wp-content\/uploads\/2022\/03\/\u5f00\u706f\u5173\u706f\u5c55\u793a-18x8.jpg 18w, https:\/\/artisansignages.com\/wp-content\/uploads\/2022\/03\/\u5f00\u706f\u5173\u706f\u5c55\u793a.jpg 725w\" sizes=\"auto, (max-width: 1200px) 100vw, 1200px\" \/><\/p>\n<h6>5. Detalhes da embalagem<\/h6>\n<p><img loading=\"lazy\" decoding=\"async\" class=\"alignnone wp-image-1455\" src=\"https:\/\/artisansignages.com\/wp-content\/uploads\/2022\/03\/\u914d\u4ef6\u6253\u5305\u56fe-300x187.jpg\" alt=\"\" width=\"1200\" height=\"749\" srcset=\"https:\/\/artisansignages.com\/wp-content\/uploads\/2022\/03\/\u914d\u4ef6\u6253\u5305\u56fe-300x187.jpg 300w, https:\/\/artisansignages.com\/wp-content\/uploads\/2022\/03\/\u914d\u4ef6\u6253\u5305\u56fe-600x375.jpg 600w, https:\/\/artisansignages.com\/wp-content\/uploads\/2022\/03\/\u914d\u4ef6\u6253\u5305\u56fe-18x12.jpg 18w, https:\/\/artisansignages.com\/wp-content\/uploads\/2022\/03\/\u914d\u4ef6\u6253\u5305\u56fe.jpg 753w\" sizes=\"auto, (max-width: 1200px) 100vw, 1200px\" \/><\/p>","protected":false},"excerpt":{"rendered":"<p>Itens Placa de logotipo de LED com ilumina\u00e7\u00e3o frontal para publicidade comercial feita sob medida - Estilo com ilumina\u00e7\u00e3o lateral Material Acr\u00edlico de 3 mm\/5 mm\/8 mm, a\u00e7o inoxid\u00e1vel grau 304\/316 Tamanho e formato Design personalizado Fonte de luz M\u00f3dulos de LED \u00e0 prova d&#039;\u00e1gua Transformador Marca MeanWell Processamento Corte a laser, polimento, pintura e montagem Tempo de garantia A\u00e7o inoxid\u00e1vel e acr\u00edlico t\u00eam 5 anos, LED e transformador t\u00eam 2 anos;\u2026<\/p>","protected":false},"featured_media":1481,"comment_status":"closed","ping_status":"closed","template":"","meta":{"_kad_blocks_custom_css":"","_kad_blocks_head_custom_js":"","_kad_blocks_body_custom_js":"","_kad_blocks_footer_custom_js":"","_kadence_starter_templates_imported_post":true,"_kad_post_transparent":"default","_kad_post_title":"","_kad_post_layout":"default","_kad_post_sidebar_id":"","_kad_post_content_style":"default","_kad_post_vertical_padding":"default","_kad_post_feature":"","_kad_post_feature_position":"","_kad_post_header":false,"_kad_post_footer":false},"product_brand":[],"product_cat":[15],"product_tag":[33,30,28,27,29,32,31],"class_list":{"0":"post-1477","1":"product","2":"type-product","3":"status-publish","4":"has-post-thumbnail","6":"product_cat-15","7":"product_tag-3d-sign","8":"product_tag-business-sign","9":"product_tag-channel-letter","10":"product_tag-channel-letters","11":"product_tag-led-sign","12":"product_tag-lightup-sign","13":"product_tag-storefront","15":"first","16":"instock","17":"shipping-taxable","18":"purchasable","19":"product-type-simple","20":"entry","21":"content-bg","22":"loop-entry"},"taxonomy_info":{"product_cat":[{"value":15,"label":"Channel Letter"}],"product_tag":[{"value":33,"label":"3d sign"},{"value":30,"label":"business sign"},{"value":28,"label":"channel letter"},{"value":27,"label":"channel letters"},{"value":29,"label":"led sign"},{"value":32,"label":"lightup sign"},{"value":31,"label":"storefront"}]},"featured_image_src_large":["https:\/\/artisansignages.com\/wp-content\/uploads\/2025\/02\/\u4fa7\u8fb9\u51b2\u5b54\u5e73\u9762\u5b574-768x1024.png",768,1024,true],"author_info":[],"comment_info":0,"_links":{"self":[{"href":"https:\/\/artisansignages.com\/pt\/wp-json\/wp\/v2\/product\/1477","targetHints":{"allow":["GET"]}}],"collection":[{"href":"https:\/\/artisansignages.com\/pt\/wp-json\/wp\/v2\/product"}],"about":[{"href":"https:\/\/artisansignages.com\/pt\/wp-json\/wp\/v2\/types\/product"}],"replies":[{"embeddable":true,"href":"https:\/\/artisansignages.com\/pt\/wp-json\/wp\/v2\/comments?post=1477"}],"wp:featuredmedia":[{"embeddable":true,"href":"https:\/\/artisansignages.com\/pt\/wp-json\/wp\/v2\/media\/1481"}],"wp:attachment":[{"href":"https:\/\/artisansignages.com\/pt\/wp-json\/wp\/v2\/media?parent=1477"}],"wp:term":[{"taxonomy":"product_brand","embeddable":true,"href":"https:\/\/artisansignages.com\/pt\/wp-json\/wp\/v2\/product_brand?post=1477"},{"taxonomy":"product_cat","embeddable":true,"href":"https:\/\/artisansignages.com\/pt\/wp-json\/wp\/v2\/product_cat?post=1477"},{"taxonomy":"product_tag","embeddable":true,"href":"https:\/\/artisansignages.com\/pt\/wp-json\/wp\/v2\/product_tag?post=1477"}],"curies":[{"name":"wp","href":"https:\/\/api.w.org\/{rel}","templated":true}]}}