{"id":1522,"date":"2025-02-05T03:42:50","date_gmt":"2025-02-05T03:42:50","guid":{"rendered":"https:\/\/artisansignages.com\/?post_type=product&#038;p=1522"},"modified":"2025-02-05T03:55:32","modified_gmt":"2025-02-05T03:55:32","slug":"custom-stainless-steel-backlit-signs-letter-signage-floating-backlit-style","status":"publish","type":"product","link":"https:\/\/artisansignages.com\/pt\/produto\/custom-stainless-steel-backlit-signs-letter-signage-floating-backlit-style\/","title":{"rendered":"Placas de a\u00e7o inoxid\u00e1vel personalizadas com luz de fundo, sinaliza\u00e7\u00e3o de letras - estilo com luz de fundo flutuante"},"content":{"rendered":"<table>\n<tbody>\n<tr>\n<td width=\"85\"><strong><b>Unid<\/b><\/strong><\/td>\n<td width=\"477\">Sinais retroiluminados personalizados, loja de neg\u00f3cios de a\u00e7o inoxid\u00e1vel, sinaliza\u00e7\u00e3o de letras 3D - estilo retroiluminado flutuante<\/td>\n<\/tr>\n<tr>\n<td width=\"85\"><strong><b>Material<\/b><\/strong><\/td>\n<td width=\"477\">#201\/304 A\u00e7o Inoxid\u00e1vel + Acr\u00edlico<\/td>\n<\/tr>\n<tr>\n<td width=\"85\"><strong><b>Tamanho e forma<\/b><\/strong><\/td>\n<td width=\"477\">Design personalizado<\/td>\n<\/tr>\n<tr>\n<td width=\"85\"><strong><b>Fonte de luz<\/b><\/strong><\/td>\n<td width=\"477\">M\u00f3dulos Led \u00e0 prova d&#039;\u00e1gua<\/td>\n<\/tr>\n<tr>\n<td width=\"85\"><strong><b>Transformador<\/b><\/strong><\/td>\n<td width=\"477\">Marca MeanWell<\/td>\n<\/tr>\n<tr>\n<td width=\"85\"><strong><b>Processamento<\/b><\/strong><\/td>\n<td width=\"477\">Corte a laser, polimento, pintura e montagem<\/td>\n<\/tr>\n<tr>\n<td width=\"85\"><strong><b>Tempo de garantia<\/b><\/strong><\/td>\n<td width=\"477\">A\u00e7o inoxid\u00e1vel e acr\u00edlico t\u00eam 5 anos, LED e transformador t\u00eam 2 anos;<\/td>\n<\/tr>\n<tr>\n<td width=\"85\"><strong><b>Embalagem<\/b><\/strong><\/td>\n<td width=\"477\">O interior \u00e9 de pl\u00e1stico e espuma, o exterior \u00e9 de madeira; o exterior \u00e9 de madeira com tubo de metal.<\/td>\n<\/tr>\n<tr>\n<td width=\"85\"><strong><b>Pagamento<\/b><\/strong><\/td>\n<td width=\"477\">50% dep\u00f3sito antes da produ\u00e7\u00e3o, 50% saldo antes do envio; T\/T, Western Union, Paypal<\/td>\n<\/tr>\n<tr>\n<td width=\"85\"><strong><b>Tempo do produto<\/b><\/strong><\/td>\n<td width=\"477\">Geralmente de 5 a 7 dias \u00fateis, dependendo da quantidade.<\/td>\n<\/tr>\n<tr>\n<td rowspan=\"3\" width=\"85\"><strong><b>Envio<\/b><\/strong><\/td>\n<td width=\"477\">Por expresso: (DHL, FedEx, TNT, UPS etc.), 3-5 dias<\/td>\n<\/tr>\n<tr>\n<td width=\"477\">Por via a\u00e9rea: 5-7 dias<\/td>\n<\/tr>\n<tr>\n<td width=\"477\">Por mar: 20-30 dias<\/td>\n<\/tr>\n<\/tbody>\n<\/table>\n<p><img loading=\"lazy\" decoding=\"async\" class=\"alignnone wp-image-1529\" src=\"https:\/\/artisansignages.com\/wp-content\/uploads\/2025\/02\/27-167x300.jpg\" alt=\"\" width=\"1200\" height=\"2162\" srcset=\"https:\/\/artisansignages.com\/wp-content\/uploads\/2025\/02\/27-167x300.jpg 167w, https:\/\/artisansignages.com\/wp-content\/uploads\/2025\/02\/27-568x1024.jpg 568w, https:\/\/artisansignages.com\/wp-content\/uploads\/2025\/02\/27-768x1383.jpg 768w, https:\/\/artisansignages.com\/wp-content\/uploads\/2025\/02\/27-853x1536.jpg 853w, https:\/\/artisansignages.com\/wp-content\/uploads\/2025\/02\/27-7x12.jpg 7w, https:\/\/artisansignages.com\/wp-content\/uploads\/2025\/02\/27-600x1081.jpg 600w, https:\/\/artisansignages.com\/wp-content\/uploads\/2025\/02\/27.jpg 946w\" sizes=\"auto, (max-width: 1200px) 100vw, 1200px\" \/><\/p>\n<p><img loading=\"lazy\" decoding=\"async\" class=\"alignnone wp-image-1526\" src=\"https:\/\/artisansignages.com\/wp-content\/uploads\/2025\/02\/24-237x300.jpg\" alt=\"\" width=\"1200\" height=\"1518\" srcset=\"https:\/\/artisansignages.com\/wp-content\/uploads\/2025\/02\/24-237x300.jpg 237w, https:\/\/artisansignages.com\/wp-content\/uploads\/2025\/02\/24-9x12.jpg 9w, https:\/\/artisansignages.com\/wp-content\/uploads\/2025\/02\/24-600x759.jpg 600w, https:\/\/artisansignages.com\/wp-content\/uploads\/2025\/02\/24.jpg 626w\" sizes=\"auto, (max-width: 1200px) 100vw, 1200px\" \/><\/p>\n<ol>\n<li>\n<h6>Escolha a cor do a\u00e7o inoxid\u00e1vel. (Outra cor pode ser pintada)<\/h6>\n<\/li>\n<\/ol>\n<p><img loading=\"lazy\" decoding=\"async\" class=\"alignnone wp-image-1498\" src=\"https:\/\/artisansignages.com\/wp-content\/uploads\/2025\/02\/eb9358aaeb76bcff9cc61233144dd5e-e1738724636345-300x225.jpg\" alt=\"\" width=\"1200\" height=\"900\" srcset=\"https:\/\/artisansignages.com\/wp-content\/uploads\/2025\/02\/eb9358aaeb76bcff9cc61233144dd5e-e1738724636345-300x225.jpg 300w, https:\/\/artisansignages.com\/wp-content\/uploads\/2025\/02\/eb9358aaeb76bcff9cc61233144dd5e-e1738724636345-1024x768.jpg 1024w, https:\/\/artisansignages.com\/wp-content\/uploads\/2025\/02\/eb9358aaeb76bcff9cc61233144dd5e-e1738724636345-768x576.jpg 768w, https:\/\/artisansignages.com\/wp-content\/uploads\/2025\/02\/eb9358aaeb76bcff9cc61233144dd5e-e1738724636345-1536x1152.jpg 1536w, https:\/\/artisansignages.com\/wp-content\/uploads\/2025\/02\/eb9358aaeb76bcff9cc61233144dd5e-e1738724636345-16x12.jpg 16w, https:\/\/artisansignages.com\/wp-content\/uploads\/2025\/02\/eb9358aaeb76bcff9cc61233144dd5e-e1738724636345-600x450.jpg 600w, https:\/\/artisansignages.com\/wp-content\/uploads\/2025\/02\/eb9358aaeb76bcff9cc61233144dd5e-e1738724636345.jpg 1706w\" sizes=\"auto, (max-width: 1200px) 100vw, 1200px\" \/><\/p>\n<h6>2. Escolha a cor da luz de fundo.<\/h6>\n<p><img loading=\"lazy\" decoding=\"async\" class=\"alignnone wp-image-1520\" src=\"https:\/\/artisansignages.com\/wp-content\/uploads\/2025\/02\/IMG_7697-300x200.jpg\" alt=\"\" width=\"1200\" height=\"800\" srcset=\"https:\/\/artisansignages.com\/wp-content\/uploads\/2025\/02\/IMG_7697-300x200.jpg 300w, https:\/\/artisansignages.com\/wp-content\/uploads\/2025\/02\/IMG_7697-1024x682.jpg 1024w, https:\/\/artisansignages.com\/wp-content\/uploads\/2025\/02\/IMG_7697-768x512.jpg 768w, https:\/\/artisansignages.com\/wp-content\/uploads\/2025\/02\/IMG_7697-1536x1024.jpg 1536w, https:\/\/artisansignages.com\/wp-content\/uploads\/2025\/02\/IMG_7697-2048x1365.jpg 2048w, https:\/\/artisansignages.com\/wp-content\/uploads\/2025\/02\/IMG_7697-18x12.jpg 18w, https:\/\/artisansignages.com\/wp-content\/uploads\/2025\/02\/IMG_7697-600x400.jpg 600w\" sizes=\"auto, (max-width: 1200px) 100vw, 1200px\" \/><\/p>\n<h6>3. Processo de produ\u00e7\u00e3o<\/h6>\n<p><img loading=\"lazy\" decoding=\"async\" class=\"alignnone wp-image-1452\" src=\"https:\/\/artisansignages.com\/wp-content\/uploads\/2022\/03\/\u5de5\u827a\u6d41\u7a0b-300x266.jpg\" alt=\"\" width=\"1200\" height=\"1062\" srcset=\"https:\/\/artisansignages.com\/wp-content\/uploads\/2022\/03\/\u5de5\u827a\u6d41\u7a0b-300x266.jpg 300w, https:\/\/artisansignages.com\/wp-content\/uploads\/2022\/03\/\u5de5\u827a\u6d41\u7a0b-600x531.jpg 600w, https:\/\/artisansignages.com\/wp-content\/uploads\/2022\/03\/\u5de5\u827a\u6d41\u7a0b-14x12.jpg 14w, https:\/\/artisansignages.com\/wp-content\/uploads\/2022\/03\/\u5de5\u827a\u6d41\u7a0b.jpg 750w\" sizes=\"auto, (max-width: 1200px) 100vw, 1200px\" \/><\/p>\n<h6>4. Ligar\/desligar efeito<\/h6>\n<p><img loading=\"lazy\" decoding=\"async\" class=\"alignnone wp-image-1524\" src=\"https:\/\/artisansignages.com\/wp-content\/uploads\/2025\/02\/22-300x240.jpg\" alt=\"\" width=\"1200\" height=\"960\" srcset=\"https:\/\/artisansignages.com\/wp-content\/uploads\/2025\/02\/22-300x240.jpg 300w, https:\/\/artisansignages.com\/wp-content\/uploads\/2025\/02\/22-1024x819.jpg 1024w, https:\/\/artisansignages.com\/wp-content\/uploads\/2025\/02\/22-768x614.jpg 768w, https:\/\/artisansignages.com\/wp-content\/uploads\/2025\/02\/22-1536x1229.jpg 1536w, https:\/\/artisansignages.com\/wp-content\/uploads\/2025\/02\/22-15x12.jpg 15w, https:\/\/artisansignages.com\/wp-content\/uploads\/2025\/02\/22-600x480.jpg 600w, https:\/\/artisansignages.com\/wp-content\/uploads\/2025\/02\/22.jpg 1600w\" sizes=\"auto, (max-width: 1200px) 100vw, 1200px\" \/> <img loading=\"lazy\" decoding=\"async\" class=\"alignnone wp-image-1523\" src=\"https:\/\/artisansignages.com\/wp-content\/uploads\/2025\/02\/21-300x240.jpg\" alt=\"\" width=\"1200\" height=\"960\" srcset=\"https:\/\/artisansignages.com\/wp-content\/uploads\/2025\/02\/21-300x240.jpg 300w, https:\/\/artisansignages.com\/wp-content\/uploads\/2025\/02\/21-1024x819.jpg 1024w, https:\/\/artisansignages.com\/wp-content\/uploads\/2025\/02\/21-768x614.jpg 768w, https:\/\/artisansignages.com\/wp-content\/uploads\/2025\/02\/21-1536x1229.jpg 1536w, https:\/\/artisansignages.com\/wp-content\/uploads\/2025\/02\/21-15x12.jpg 15w, https:\/\/artisansignages.com\/wp-content\/uploads\/2025\/02\/21-600x480.jpg 600w, https:\/\/artisansignages.com\/wp-content\/uploads\/2025\/02\/21.jpg 1600w\" sizes=\"auto, (max-width: 1200px) 100vw, 1200px\" \/><\/p>\n<h6>5. Detalhes da embalagem<\/h6>\n<p><img loading=\"lazy\" decoding=\"async\" class=\"alignnone wp-image-1455\" src=\"https:\/\/artisansignages.com\/wp-content\/uploads\/2022\/03\/\u914d\u4ef6\u6253\u5305\u56fe-300x187.jpg\" alt=\"\" width=\"1200\" height=\"749\" srcset=\"https:\/\/artisansignages.com\/wp-content\/uploads\/2022\/03\/\u914d\u4ef6\u6253\u5305\u56fe-300x187.jpg 300w, https:\/\/artisansignages.com\/wp-content\/uploads\/2022\/03\/\u914d\u4ef6\u6253\u5305\u56fe-600x375.jpg 600w, https:\/\/artisansignages.com\/wp-content\/uploads\/2022\/03\/\u914d\u4ef6\u6253\u5305\u56fe-18x12.jpg 18w, https:\/\/artisansignages.com\/wp-content\/uploads\/2022\/03\/\u914d\u4ef6\u6253\u5305\u56fe.jpg 753w\" sizes=\"auto, (max-width: 1200px) 100vw, 1200px\" \/><\/p>","protected":false},"excerpt":{"rendered":"<p>Itens Placas personalizadas com luz de fundo Loja de neg\u00f3cios de a\u00e7o inoxid\u00e1vel Sinaliza\u00e7\u00e3o de letras 3D - Estilo de luz de fundo flutuante Material #201\/304 A\u00e7o inoxid\u00e1vel + acr\u00edlico Tamanho e formato Design personalizado Fonte de luz M\u00f3dulos de LED \u00e0 prova d&#039;\u00e1gua Transformador Marca MeanWell Processamento Corte a laser, polimento, pintura e montagem Tempo de garantia A\u00e7o inoxid\u00e1vel e acr\u00edlico s\u00e3o 5 anos, LED e transformador s\u00e3o 2 anos; Embalagem\u2026<\/p>","protected":false},"featured_media":1527,"comment_status":"closed","ping_status":"closed","template":"","meta":{"_kad_blocks_custom_css":"","_kad_blocks_head_custom_js":"","_kad_blocks_body_custom_js":"","_kad_blocks_footer_custom_js":"","_kadence_starter_templates_imported_post":true,"_kad_post_transparent":"default","_kad_post_title":"","_kad_post_layout":"default","_kad_post_sidebar_id":"","_kad_post_content_style":"default","_kad_post_vertical_padding":"default","_kad_post_feature":"","_kad_post_feature_position":"","_kad_post_header":false,"_kad_post_footer":false},"product_brand":[],"product_cat":[15],"product_tag":[33,30,28,27,29,32,31],"class_list":{"0":"post-1522","1":"product","2":"type-product","3":"status-publish","4":"has-post-thumbnail","6":"product_cat-15","7":"product_tag-3d-sign","8":"product_tag-business-sign","9":"product_tag-channel-letter","10":"product_tag-channel-letters","11":"product_tag-led-sign","12":"product_tag-lightup-sign","13":"product_tag-storefront","15":"first","16":"instock","17":"shipping-taxable","18":"purchasable","19":"product-type-simple","20":"entry","21":"content-bg","22":"loop-entry"},"taxonomy_info":{"product_cat":[{"value":15,"label":"Channel Letter"}],"product_tag":[{"value":33,"label":"3d sign"},{"value":30,"label":"business sign"},{"value":28,"label":"channel letter"},{"value":27,"label":"channel letters"},{"value":29,"label":"led sign"},{"value":32,"label":"lightup sign"},{"value":31,"label":"storefront"}]},"featured_image_src_large":["https:\/\/artisansignages.com\/wp-content\/uploads\/2025\/02\/25.jpg",810,810,false],"author_info":[],"comment_info":0,"_links":{"self":[{"href":"https:\/\/artisansignages.com\/pt\/wp-json\/wp\/v2\/product\/1522","targetHints":{"allow":["GET"]}}],"collection":[{"href":"https:\/\/artisansignages.com\/pt\/wp-json\/wp\/v2\/product"}],"about":[{"href":"https:\/\/artisansignages.com\/pt\/wp-json\/wp\/v2\/types\/product"}],"replies":[{"embeddable":true,"href":"https:\/\/artisansignages.com\/pt\/wp-json\/wp\/v2\/comments?post=1522"}],"wp:featuredmedia":[{"embeddable":true,"href":"https:\/\/artisansignages.com\/pt\/wp-json\/wp\/v2\/media\/1527"}],"wp:attachment":[{"href":"https:\/\/artisansignages.com\/pt\/wp-json\/wp\/v2\/media?parent=1522"}],"wp:term":[{"taxonomy":"product_brand","embeddable":true,"href":"https:\/\/artisansignages.com\/pt\/wp-json\/wp\/v2\/product_brand?post=1522"},{"taxonomy":"product_cat","embeddable":true,"href":"https:\/\/artisansignages.com\/pt\/wp-json\/wp\/v2\/product_cat?post=1522"},{"taxonomy":"product_tag","embeddable":true,"href":"https:\/\/artisansignages.com\/pt\/wp-json\/wp\/v2\/product_tag?post=1522"}],"curies":[{"name":"wp","href":"https:\/\/api.w.org\/{rel}","templated":true}]}}