{"id":1476,"date":"2025-02-05T02:20:12","date_gmt":"2025-02-05T02:20:12","guid":{"rendered":"https:\/\/artisansignages.com\/?post_type=product&#038;p=1476"},"modified":"2025-02-05T03:15:10","modified_gmt":"2025-02-05T03:15:10","slug":"custom-stainless-steel-letters-for-commercial-sign-advertising-production","status":"publish","type":"product","link":"https:\/\/artisansignages.com\/vi\/san-pham\/custom-stainless-steel-letters-for-commercial-sign-advertising-production\/","title":{"rendered":"Ch\u1eef c\u00e1i b\u1eb1ng th\u00e9p kh\u00f4ng g\u1ec9 t\u00f9y ch\u1ec9nh cho s\u1ea3n xu\u1ea5t qu\u1ea3ng c\u00e1o bi\u1ec3n hi\u1ec7u th\u01b0\u01a1ng m\u1ea1i"},"content":{"rendered":"<table>\n<tbody>\n<tr>\n<td width=\"85\"><strong><b>M\u1eb7t h\u00e0ng<\/b><\/strong><\/td>\n<td width=\"477\">Ch\u1eef c\u00e1i b\u1eb1ng th\u00e9p kh\u00f4ng g\u1ec9 t\u00f9y ch\u1ec9nh cho s\u1ea3n xu\u1ea5t qu\u1ea3ng c\u00e1o bi\u1ec3n hi\u1ec7u th\u01b0\u01a1ng m\u1ea1i<\/td>\n<\/tr>\n<tr>\n<td width=\"85\"><strong><b>V\u1eadt li\u1ec7u<\/b><\/strong><\/td>\n<td width=\"477\">Th\u00e9p kh\u00f4ng g\u1ec9 c\u1ea5p 201\/304\/316<\/td>\n<\/tr>\n<tr>\n<td width=\"85\"><strong><b>K\u00edch th\u01b0\u1edbc v\u00e0 h\u00ecnh d\u1ea1ng<\/b><\/strong><\/td>\n<td width=\"477\">Thi\u1ebft k\u1ebf t\u00f9y ch\u1ec9nh<\/td>\n<\/tr>\n<tr>\n<td width=\"85\"><strong><b>Ngu\u1ed3n s\u00e1ng<\/b><\/strong><\/td>\n<td width=\"477\">\u00a0\/<\/td>\n<\/tr>\n<tr>\n<td width=\"85\"><strong><b>M\u00e1y bi\u1ebfn \u00e1p<\/b><\/strong><\/td>\n<td width=\"477\">\u00a0\/<\/td>\n<\/tr>\n<tr>\n<td width=\"85\"><strong><b>X\u1eed l\u00fd<\/b><\/strong><\/td>\n<td width=\"477\">C\u1eaft laser, H\u00e0n, \u0110\u00e1nh b\u00f3ng, S\u01a1n &amp; L\u1eafp r\u00e1p<\/td>\n<\/tr>\n<tr>\n<td width=\"85\"><strong><b>Th\u1eddi gian b\u1ea3o h\u00e0nh<\/b><\/strong><\/td>\n<td width=\"477\">Th\u00e9p kh\u00f4ng g\u1ec9 v\u00e0 acrylic l\u00e0 5 n\u0103m<\/td>\n<\/tr>\n<tr>\n<td width=\"85\"><strong><b>\u0110\u00f3ng g\u00f3i<\/b><\/strong><\/td>\n<td width=\"477\">B\u00ean trong l\u00e0 nh\u1ef1a v\u00e0 x\u1ed1p, b\u00ean ngo\u00e0i l\u00e0 g\u1ed7 \u0111\u1ec7m; b\u00ean ngo\u00e0i l\u00e0 g\u1ed7 v\u1edbi \u1ed1ng kim lo\u1ea1i.<\/td>\n<\/tr>\n<tr>\n<td width=\"85\"><strong><b>S\u1ef1 chi tr\u1ea3<\/b><\/strong><\/td>\n<td width=\"477\">50% \u0111\u1eb7t c\u1ecdc tr\u01b0\u1edbc khi s\u1ea3n xu\u1ea5t, 50% s\u1ed1 d\u01b0 tr\u01b0\u1edbc khi v\u1eadn chuy\u1ec3n; T\/T, Western Union, Paypal<\/td>\n<\/tr>\n<tr>\n<td width=\"85\"><strong><b>Th\u1eddi gian s\u1ea3n ph\u1ea9m<\/b><\/strong><\/td>\n<td width=\"477\">Th\u00f4ng th\u01b0\u1eddng l\u00e0 5-7 ng\u00e0y l\u00e0m vi\u1ec7c, t\u00f9y theo s\u1ed1 l\u01b0\u1ee3ng.<\/td>\n<\/tr>\n<tr>\n<td rowspan=\"3\" width=\"85\"><strong><b>V\u1eadn chuy\u1ec3n<\/b><\/strong><\/td>\n<td width=\"477\">B\u1eb1ng c\u00e1ch chuy\u1ec3n ph\u00e1t nhanh: (DHL, FedEx, TNT, UPS, v.v.), 3-5 ng\u00e0y<\/td>\n<\/tr>\n<tr>\n<td width=\"477\">B\u1eb1ng \u0111\u01b0\u1eddng h\u00e0ng kh\u00f4ng: 5-7 ng\u00e0y<\/td>\n<\/tr>\n<tr>\n<td width=\"477\">\u0110\u01b0\u1eddng bi\u1ec3n: 20-30 ng\u00e0y<\/td>\n<\/tr>\n<\/tbody>\n<\/table>\n<p><img loading=\"lazy\" decoding=\"async\" class=\"alignnone wp-image-1494\" src=\"https:\/\/artisansignages.com\/wp-content\/uploads\/2025\/02\/59-300x225.jpg\" alt=\"\" width=\"1200\" height=\"900\" srcset=\"https:\/\/artisansignages.com\/wp-content\/uploads\/2025\/02\/59-300x225.jpg 300w, https:\/\/artisansignages.com\/wp-content\/uploads\/2025\/02\/59-1024x768.jpg 1024w, https:\/\/artisansignages.com\/wp-content\/uploads\/2025\/02\/59-768x576.jpg 768w, https:\/\/artisansignages.com\/wp-content\/uploads\/2025\/02\/59-16x12.jpg 16w, https:\/\/artisansignages.com\/wp-content\/uploads\/2025\/02\/59-600x450.jpg 600w, https:\/\/artisansignages.com\/wp-content\/uploads\/2025\/02\/59.jpg 1440w\" sizes=\"auto, (max-width: 1200px) 100vw, 1200px\" \/> <img loading=\"lazy\" decoding=\"async\" class=\"alignnone wp-image-1496\" src=\"https:\/\/artisansignages.com\/wp-content\/uploads\/2025\/02\/511-300x225.jpg\" alt=\"\" width=\"1200\" height=\"900\" srcset=\"https:\/\/artisansignages.com\/wp-content\/uploads\/2025\/02\/511-300x225.jpg 300w, https:\/\/artisansignages.com\/wp-content\/uploads\/2025\/02\/511-1024x768.jpg 1024w, https:\/\/artisansignages.com\/wp-content\/uploads\/2025\/02\/511-768x576.jpg 768w, https:\/\/artisansignages.com\/wp-content\/uploads\/2025\/02\/511-16x12.jpg 16w, https:\/\/artisansignages.com\/wp-content\/uploads\/2025\/02\/511-600x450.jpg 600w, https:\/\/artisansignages.com\/wp-content\/uploads\/2025\/02\/511.jpg 1440w\" sizes=\"auto, (max-width: 1200px) 100vw, 1200px\" \/> <img loading=\"lazy\" decoding=\"async\" class=\"alignnone wp-image-1492\" src=\"https:\/\/artisansignages.com\/wp-content\/uploads\/2025\/02\/57-300x225.jpg\" alt=\"\" width=\"1200\" height=\"900\" srcset=\"https:\/\/artisansignages.com\/wp-content\/uploads\/2025\/02\/57-300x225.jpg 300w, https:\/\/artisansignages.com\/wp-content\/uploads\/2025\/02\/57-1024x768.jpg 1024w, https:\/\/artisansignages.com\/wp-content\/uploads\/2025\/02\/57-768x576.jpg 768w, https:\/\/artisansignages.com\/wp-content\/uploads\/2025\/02\/57-16x12.jpg 16w, https:\/\/artisansignages.com\/wp-content\/uploads\/2025\/02\/57-600x450.jpg 600w, https:\/\/artisansignages.com\/wp-content\/uploads\/2025\/02\/57.jpg 1440w\" sizes=\"auto, (max-width: 1200px) 100vw, 1200px\" \/><\/p>\n<h6>1. Ch\u1ecdn m\u00e0u th\u00e9p kh\u00f4ng g\u1ec9.\uff08<span style=\"color: #ff0000;\"><strong>C\u00f3 th\u1ec3 s\u01a1n m\u00e0u kh\u00e1c<\/strong><\/span>)<\/h6>\n<p><img loading=\"lazy\" decoding=\"async\" class=\"alignnone wp-image-1498\" src=\"https:\/\/artisansignages.com\/wp-content\/uploads\/2025\/02\/eb9358aaeb76bcff9cc61233144dd5e-e1738724636345-300x225.jpg\" alt=\"\" width=\"1200\" height=\"900\" srcset=\"https:\/\/artisansignages.com\/wp-content\/uploads\/2025\/02\/eb9358aaeb76bcff9cc61233144dd5e-e1738724636345-300x225.jpg 300w, https:\/\/artisansignages.com\/wp-content\/uploads\/2025\/02\/eb9358aaeb76bcff9cc61233144dd5e-e1738724636345-1024x768.jpg 1024w, https:\/\/artisansignages.com\/wp-content\/uploads\/2025\/02\/eb9358aaeb76bcff9cc61233144dd5e-e1738724636345-768x576.jpg 768w, https:\/\/artisansignages.com\/wp-content\/uploads\/2025\/02\/eb9358aaeb76bcff9cc61233144dd5e-e1738724636345-1536x1152.jpg 1536w, https:\/\/artisansignages.com\/wp-content\/uploads\/2025\/02\/eb9358aaeb76bcff9cc61233144dd5e-e1738724636345-16x12.jpg 16w, https:\/\/artisansignages.com\/wp-content\/uploads\/2025\/02\/eb9358aaeb76bcff9cc61233144dd5e-e1738724636345-600x450.jpg 600w, https:\/\/artisansignages.com\/wp-content\/uploads\/2025\/02\/eb9358aaeb76bcff9cc61233144dd5e-e1738724636345.jpg 1706w\" sizes=\"auto, (max-width: 1200px) 100vw, 1200px\" \/><\/p>\n<h6>2. Quy tr\u00ecnh s\u1ea3n xu\u1ea5t<\/h6>\n<p><img loading=\"lazy\" decoding=\"async\" class=\"alignnone wp-image-1452\" src=\"https:\/\/artisansignages.com\/wp-content\/uploads\/2022\/03\/\u5de5\u827a\u6d41\u7a0b-300x266.jpg\" alt=\"\" width=\"1200\" height=\"1062\" srcset=\"https:\/\/artisansignages.com\/wp-content\/uploads\/2022\/03\/\u5de5\u827a\u6d41\u7a0b-300x266.jpg 300w, https:\/\/artisansignages.com\/wp-content\/uploads\/2022\/03\/\u5de5\u827a\u6d41\u7a0b-600x531.jpg 600w, https:\/\/artisansignages.com\/wp-content\/uploads\/2022\/03\/\u5de5\u827a\u6d41\u7a0b-14x12.jpg 14w, https:\/\/artisansignages.com\/wp-content\/uploads\/2022\/03\/\u5de5\u827a\u6d41\u7a0b.jpg 750w\" sizes=\"auto, (max-width: 1200px) 100vw, 1200px\" \/><\/p>\n<h6>4. B\u1eadt\/t\u1eaft hi\u1ec7u \u1ee9ng<\/h6>\n<p><img loading=\"lazy\" decoding=\"async\" class=\"alignnone wp-image-1453\" src=\"https:\/\/artisansignages.com\/wp-content\/uploads\/2022\/03\/\u5f00\u706f\u5173\u706f\u5c55\u793a-300x130.jpg\" alt=\"\" width=\"1200\" height=\"518\" srcset=\"https:\/\/artisansignages.com\/wp-content\/uploads\/2022\/03\/\u5f00\u706f\u5173\u706f\u5c55\u793a-300x130.jpg 300w, https:\/\/artisansignages.com\/wp-content\/uploads\/2022\/03\/\u5f00\u706f\u5173\u706f\u5c55\u793a-600x259.jpg 600w, https:\/\/artisansignages.com\/wp-content\/uploads\/2022\/03\/\u5f00\u706f\u5173\u706f\u5c55\u793a-18x8.jpg 18w, https:\/\/artisansignages.com\/wp-content\/uploads\/2022\/03\/\u5f00\u706f\u5173\u706f\u5c55\u793a.jpg 725w\" sizes=\"auto, (max-width: 1200px) 100vw, 1200px\" \/><\/p>\n<h6>5. Chi ti\u1ebft \u0111\u00f3ng g\u00f3i<\/h6>\n<p><img loading=\"lazy\" decoding=\"async\" class=\"alignnone wp-image-1455\" src=\"https:\/\/artisansignages.com\/wp-content\/uploads\/2022\/03\/\u914d\u4ef6\u6253\u5305\u56fe-300x187.jpg\" alt=\"\" width=\"1200\" height=\"749\" srcset=\"https:\/\/artisansignages.com\/wp-content\/uploads\/2022\/03\/\u914d\u4ef6\u6253\u5305\u56fe-300x187.jpg 300w, https:\/\/artisansignages.com\/wp-content\/uploads\/2022\/03\/\u914d\u4ef6\u6253\u5305\u56fe-600x375.jpg 600w, https:\/\/artisansignages.com\/wp-content\/uploads\/2022\/03\/\u914d\u4ef6\u6253\u5305\u56fe-18x12.jpg 18w, https:\/\/artisansignages.com\/wp-content\/uploads\/2022\/03\/\u914d\u4ef6\u6253\u5305\u56fe.jpg 753w\" sizes=\"auto, (max-width: 1200px) 100vw, 1200px\" \/><\/p>","protected":false},"excerpt":{"rendered":"<p>M\u1eb7t h\u00e0ng Ch\u1eef th\u00e9p kh\u00f4ng g\u1ec9 t\u00f9y ch\u1ec9nh cho s\u1ea3n xu\u1ea5t bi\u1ec3n qu\u1ea3ng c\u00e1o th\u01b0\u01a1ng m\u1ea1i V\u1eadt li\u1ec7u Th\u00e9p kh\u00f4ng g\u1ec9 c\u1ea5p 201\/304\/316 K\u00edch th\u01b0\u1edbc v\u00e0 h\u00ecnh d\u1ea1ng Thi\u1ebft k\u1ebf t\u00f9y ch\u1ec9nh Ngu\u1ed3n s\u00e1ng \/ M\u00e1y bi\u1ebfn \u00e1p \/ X\u1eed l\u00fd C\u1eaft laser, H\u00e0n, \u0110\u00e1nh b\u00f3ng, S\u01a1n &amp; L\u1eafp r\u00e1p Th\u1eddi gian b\u1ea3o h\u00e0nh Th\u00e9p kh\u00f4ng g\u1ec9 v\u00e0 acrylic l\u00e0 5 n\u0103m \u0110\u00f3ng g\u00f3i B\u00ean trong l\u00e0 nh\u1ef1a v\u00e0 x\u1ed1p, b\u00ean ngo\u00e0i l\u00e0 bao b\u00ec g\u1ed7; b\u00ean ngo\u00e0i l\u00e0 g\u1ed7\u2026<\/p>","protected":false},"featured_media":1495,"comment_status":"closed","ping_status":"closed","template":"","meta":{"_kad_blocks_custom_css":"","_kad_blocks_head_custom_js":"","_kad_blocks_body_custom_js":"","_kad_blocks_footer_custom_js":"","_kadence_starter_templates_imported_post":true,"_kad_post_transparent":"default","_kad_post_title":"","_kad_post_layout":"default","_kad_post_sidebar_id":"","_kad_post_content_style":"default","_kad_post_vertical_padding":"default","_kad_post_feature":"","_kad_post_feature_position":"","_kad_post_header":false,"_kad_post_footer":false},"product_brand":[],"product_cat":[15],"product_tag":[33,30,28,27,29,32,31],"class_list":{"0":"post-1476","1":"product","2":"type-product","3":"status-publish","4":"has-post-thumbnail","6":"product_cat-15","7":"product_tag-3d-sign","8":"product_tag-business-sign","9":"product_tag-channel-letter","10":"product_tag-channel-letters","11":"product_tag-led-sign","12":"product_tag-lightup-sign","13":"product_tag-storefront","15":"first","16":"instock","17":"shipping-taxable","18":"purchasable","19":"product-type-simple","20":"entry","21":"content-bg","22":"loop-entry"},"taxonomy_info":{"product_cat":[{"value":15,"label":"Channel Letter"}],"product_tag":[{"value":33,"label":"3d sign"},{"value":30,"label":"business sign"},{"value":28,"label":"channel letter"},{"value":27,"label":"channel letters"},{"value":29,"label":"led sign"},{"value":32,"label":"lightup sign"},{"value":31,"label":"storefront"}]},"featured_image_src_large":["https:\/\/artisansignages.com\/wp-content\/uploads\/2025\/02\/510-1-1024x768.jpg",1024,768,true],"author_info":[],"comment_info":0,"_links":{"self":[{"href":"https:\/\/artisansignages.com\/vi\/wp-json\/wp\/v2\/product\/1476","targetHints":{"allow":["GET"]}}],"collection":[{"href":"https:\/\/artisansignages.com\/vi\/wp-json\/wp\/v2\/product"}],"about":[{"href":"https:\/\/artisansignages.com\/vi\/wp-json\/wp\/v2\/types\/product"}],"replies":[{"embeddable":true,"href":"https:\/\/artisansignages.com\/vi\/wp-json\/wp\/v2\/comments?post=1476"}],"wp:featuredmedia":[{"embeddable":true,"href":"https:\/\/artisansignages.com\/vi\/wp-json\/wp\/v2\/media\/1495"}],"wp:attachment":[{"href":"https:\/\/artisansignages.com\/vi\/wp-json\/wp\/v2\/media?parent=1476"}],"wp:term":[{"taxonomy":"product_brand","embeddable":true,"href":"https:\/\/artisansignages.com\/vi\/wp-json\/wp\/v2\/product_brand?post=1476"},{"taxonomy":"product_cat","embeddable":true,"href":"https:\/\/artisansignages.com\/vi\/wp-json\/wp\/v2\/product_cat?post=1476"},{"taxonomy":"product_tag","embeddable":true,"href":"https:\/\/artisansignages.com\/vi\/wp-json\/wp\/v2\/product_tag?post=1476"}],"curies":[{"name":"wp","href":"https:\/\/api.w.org\/{rel}","templated":true}]}}