{"id":1477,"date":"2025-02-05T02:23:26","date_gmt":"2025-02-05T02:23:26","guid":{"rendered":"https:\/\/artisansignages.com\/?post_type=product&#038;p=1477"},"modified":"2025-02-05T02:43:59","modified_gmt":"2025-02-05T02:43:59","slug":"custom-made-business-advertising-frontlit-led-logo-sign-conspicuous-frame-style","status":"publish","type":"product","link":"https:\/\/artisansignages.com\/vi\/san-pham\/custom-made-business-advertising-frontlit-led-logo-sign-conspicuous-frame-style\/","title":{"rendered":"Bi\u1ec3n hi\u1ec7u logo led qu\u1ea3ng c\u00e1o doanh nghi\u1ec7p t\u00f9y ch\u1ec9nh c\u00f3 \u0111\u00e8n chi\u1ebfu s\u00e1ng ph\u00eda tr\u01b0\u1edbc \u2013 Ki\u1ec3u \u0111\u00e8n chi\u1ebfu s\u00e1ng b\u00ean h\u00f4ng"},"content":{"rendered":"<table>\n<tbody>\n<tr>\n<td width=\"85\"><strong><b>M\u1eb7t h\u00e0ng<\/b><\/strong><\/td>\n<td width=\"477\">Bi\u1ec3n hi\u1ec7u logo led qu\u1ea3ng c\u00e1o doanh nghi\u1ec7p t\u00f9y ch\u1ec9nh c\u00f3 \u0111\u00e8n chi\u1ebfu s\u00e1ng ph\u00eda tr\u01b0\u1edbc \u2013 Ki\u1ec3u \u0111\u00e8n chi\u1ebfu s\u00e1ng b\u00ean h\u00f4ng<\/td>\n<\/tr>\n<tr>\n<td width=\"85\"><strong><b>V\u1eadt li\u1ec7u<\/b><\/strong><\/td>\n<td width=\"477\">Acrylic 3MM\/5MM\/8MM, th\u00e9p kh\u00f4ng g\u1ec9 c\u1ea5p 304\/316<\/td>\n<\/tr>\n<tr>\n<td width=\"85\"><strong><b>K\u00edch th\u01b0\u1edbc v\u00e0 h\u00ecnh d\u1ea1ng<\/b><\/strong><\/td>\n<td width=\"477\">Thi\u1ebft k\u1ebf t\u00f9y ch\u1ec9nh<\/td>\n<\/tr>\n<tr>\n<td width=\"85\"><strong><b>Ngu\u1ed3n s\u00e1ng<\/b><\/strong><\/td>\n<td width=\"477\">M\u00f4-\u0111un Led ch\u1ed1ng n\u01b0\u1edbc<\/td>\n<\/tr>\n<tr>\n<td width=\"85\"><strong><b>M\u00e1y bi\u1ebfn \u00e1p<\/b><\/strong><\/td>\n<td width=\"477\">Th\u01b0\u01a1ng hi\u1ec7u MeanWell<\/td>\n<\/tr>\n<tr>\n<td width=\"85\"><strong><b>X\u1eed l\u00fd<\/b><\/strong><\/td>\n<td width=\"477\">C\u1eaft laser, \u0111\u00e1nh b\u00f3ng, s\u01a1n v\u00e0 l\u1eafp r\u00e1p<\/td>\n<\/tr>\n<tr>\n<td width=\"85\"><strong><b>Th\u1eddi gian b\u1ea3o h\u00e0nh<\/b><\/strong><\/td>\n<td width=\"477\">Th\u00e9p kh\u00f4ng g\u1ec9 v\u00e0 acrylic l\u00e0 5 n\u0103m, \u0111\u00e8n LED v\u00e0 m\u00e1y bi\u1ebfn \u00e1p l\u00e0 2 n\u0103m;<\/td>\n<\/tr>\n<tr>\n<td width=\"85\"><strong><b>\u0110\u00f3ng g\u00f3i<\/b><\/strong><\/td>\n<td width=\"477\">B\u00ean trong l\u00e0 nh\u1ef1a v\u00e0 x\u1ed1p, b\u00ean ngo\u00e0i l\u00e0 g\u1ed7 \u0111\u1ec7m; b\u00ean ngo\u00e0i l\u00e0 g\u1ed7 v\u1edbi \u1ed1ng kim lo\u1ea1i.<\/td>\n<\/tr>\n<tr>\n<td width=\"85\"><strong><b>S\u1ef1 chi tr\u1ea3<\/b><\/strong><\/td>\n<td width=\"477\">50% \u0111\u1eb7t c\u1ecdc tr\u01b0\u1edbc khi s\u1ea3n xu\u1ea5t, 50% s\u1ed1 d\u01b0 tr\u01b0\u1edbc khi v\u1eadn chuy\u1ec3n; T\/T, Western Union, Paypal<\/td>\n<\/tr>\n<tr>\n<td width=\"85\"><strong><b>Th\u1eddi gian s\u1ea3n ph\u1ea9m<\/b><\/strong><\/td>\n<td width=\"477\">Th\u00f4ng th\u01b0\u1eddng l\u00e0 5-7 ng\u00e0y l\u00e0m vi\u1ec7c, t\u00f9y theo s\u1ed1 l\u01b0\u1ee3ng.<\/td>\n<\/tr>\n<tr>\n<td rowspan=\"3\" width=\"85\"><strong><b>V\u1eadn chuy\u1ec3n<\/b><\/strong><\/td>\n<td width=\"477\">B\u1eb1ng c\u00e1ch chuy\u1ec3n ph\u00e1t nhanh: (DHL, FedEx, TNT, UPS, v.v.), 3-5 ng\u00e0y<\/td>\n<\/tr>\n<tr>\n<td width=\"477\">B\u1eb1ng \u0111\u01b0\u1eddng h\u00e0ng kh\u00f4ng: 5-7 ng\u00e0y<\/td>\n<\/tr>\n<tr>\n<td width=\"477\">\u0110\u01b0\u1eddng bi\u1ec3n: 20-30 ng\u00e0y<\/td>\n<\/tr>\n<\/tbody>\n<\/table>\n<p><img loading=\"lazy\" decoding=\"async\" class=\"alignnone wp-image-1479\" src=\"https:\/\/artisansignages.com\/wp-content\/uploads\/2025\/02\/\u4fa7\u8fb9\u51b2\u5b54\u5e73\u9762\u5b572-1-225x300.png\" alt=\"\" width=\"1200\" height=\"1600\" srcset=\"https:\/\/artisansignages.com\/wp-content\/uploads\/2025\/02\/\u4fa7\u8fb9\u51b2\u5b54\u5e73\u9762\u5b572-1-225x300.png 225w, https:\/\/artisansignages.com\/wp-content\/uploads\/2025\/02\/\u4fa7\u8fb9\u51b2\u5b54\u5e73\u9762\u5b572-1-768x1024.png 768w, https:\/\/artisansignages.com\/wp-content\/uploads\/2025\/02\/\u4fa7\u8fb9\u51b2\u5b54\u5e73\u9762\u5b572-1-1152x1536.png 1152w, https:\/\/artisansignages.com\/wp-content\/uploads\/2025\/02\/\u4fa7\u8fb9\u51b2\u5b54\u5e73\u9762\u5b572-1-1536x2048.png 1536w, https:\/\/artisansignages.com\/wp-content\/uploads\/2025\/02\/\u4fa7\u8fb9\u51b2\u5b54\u5e73\u9762\u5b572-1-9x12.png 9w\" sizes=\"auto, (max-width: 1200px) 100vw, 1200px\" \/> <img loading=\"lazy\" decoding=\"async\" class=\"alignnone wp-image-1481\" src=\"https:\/\/artisansignages.com\/wp-content\/uploads\/2025\/02\/\u4fa7\u8fb9\u51b2\u5b54\u5e73\u9762\u5b574-225x300.png\" alt=\"\" width=\"1200\" height=\"1600\" srcset=\"https:\/\/artisansignages.com\/wp-content\/uploads\/2025\/02\/\u4fa7\u8fb9\u51b2\u5b54\u5e73\u9762\u5b574-225x300.png 225w, https:\/\/artisansignages.com\/wp-content\/uploads\/2025\/02\/\u4fa7\u8fb9\u51b2\u5b54\u5e73\u9762\u5b574-768x1024.png 768w, https:\/\/artisansignages.com\/wp-content\/uploads\/2025\/02\/\u4fa7\u8fb9\u51b2\u5b54\u5e73\u9762\u5b574-1152x1536.png 1152w, https:\/\/artisansignages.com\/wp-content\/uploads\/2025\/02\/\u4fa7\u8fb9\u51b2\u5b54\u5e73\u9762\u5b574-1536x2048.png 1536w, https:\/\/artisansignages.com\/wp-content\/uploads\/2025\/02\/\u4fa7\u8fb9\u51b2\u5b54\u5e73\u9762\u5b574-9x12.png 9w\" sizes=\"auto, (max-width: 1200px) 100vw, 1200px\" \/> <img loading=\"lazy\" decoding=\"async\" class=\"alignnone wp-image-1482\" src=\"https:\/\/artisansignages.com\/wp-content\/uploads\/2025\/02\/\u4fa7\u8fb9\u51b2\u5b54\u5e73\u9762\u5b575-225x300.png\" alt=\"\" width=\"1200\" height=\"1600\" \/><\/p>\n<ol>\n<li>\n<h6>Ch\u1ecdn m\u00e0u c\u1ee7a t\u1ea5m ch\u1eafn ph\u00eda tr\u01b0\u1edbc<\/h6>\n<\/li>\n<\/ol>\n<p><img loading=\"lazy\" decoding=\"async\" class=\"alignnone wp-image-1457\" src=\"https:\/\/artisansignages.com\/wp-content\/uploads\/2022\/03\/AAA-300x300.png\" alt=\"\" width=\"1200\" height=\"1200\" srcset=\"https:\/\/artisansignages.com\/wp-content\/uploads\/2022\/03\/AAA-300x300.png 300w, https:\/\/artisansignages.com\/wp-content\/uploads\/2022\/03\/AAA-100x100.png 100w, https:\/\/artisansignages.com\/wp-content\/uploads\/2022\/03\/AAA-600x600.png 600w, https:\/\/artisansignages.com\/wp-content\/uploads\/2022\/03\/AAA-150x150.png 150w, https:\/\/artisansignages.com\/wp-content\/uploads\/2022\/03\/AAA-768x768.png 768w, https:\/\/artisansignages.com\/wp-content\/uploads\/2022\/03\/AAA-12x12.png 12w, https:\/\/artisansignages.com\/wp-content\/uploads\/2022\/03\/AAA-170x170.png 170w, https:\/\/artisansignages.com\/wp-content\/uploads\/2022\/03\/AAA-85x85.png 85w, https:\/\/artisansignages.com\/wp-content\/uploads\/2022\/03\/AAA.png 800w\" sizes=\"auto, (max-width: 1200px) 100vw, 1200px\" \/><\/p>\n<p><img loading=\"lazy\" decoding=\"async\" class=\"alignnone wp-image-1454\" src=\"https:\/\/artisansignages.com\/wp-content\/uploads\/2022\/03\/\u9762\u677f\u989c\u8272-300x184.jpg\" alt=\"\" width=\"1200\" height=\"734\" srcset=\"https:\/\/artisansignages.com\/wp-content\/uploads\/2022\/03\/\u9762\u677f\u989c\u8272-300x184.jpg 300w, https:\/\/artisansignages.com\/wp-content\/uploads\/2022\/03\/\u9762\u677f\u989c\u8272-600x367.jpg 600w, https:\/\/artisansignages.com\/wp-content\/uploads\/2022\/03\/\u9762\u677f\u989c\u8272-18x12.jpg 18w, https:\/\/artisansignages.com\/wp-content\/uploads\/2022\/03\/\u9762\u677f\u989c\u8272.jpg 724w\" sizes=\"auto, (max-width: 1200px) 100vw, 1200px\" \/><\/p>\n<h6>2. Ch\u1ecdn m\u00e0u th\u00e9p kh\u00f4ng g\u1ec9.<\/h6>\n<p><img loading=\"lazy\" decoding=\"async\" class=\"alignnone wp-image-1450\" style=\"font-family: var(--global-body-font-family);\" src=\"https:\/\/artisansignages.com\/wp-content\/uploads\/2022\/03\/\u4e0d\u9508\u94a2\u989c\u8272-300x283.jpg\" alt=\"\" width=\"1200\" height=\"1133\" srcset=\"https:\/\/artisansignages.com\/wp-content\/uploads\/2022\/03\/\u4e0d\u9508\u94a2\u989c\u8272-300x283.jpg 300w, https:\/\/artisansignages.com\/wp-content\/uploads\/2022\/03\/\u4e0d\u9508\u94a2\u989c\u8272-600x567.jpg 600w, https:\/\/artisansignages.com\/wp-content\/uploads\/2022\/03\/\u4e0d\u9508\u94a2\u989c\u8272-768x725.jpg 768w, https:\/\/artisansignages.com\/wp-content\/uploads\/2022\/03\/\u4e0d\u9508\u94a2\u989c\u8272-13x12.jpg 13w, https:\/\/artisansignages.com\/wp-content\/uploads\/2022\/03\/\u4e0d\u9508\u94a2\u989c\u8272.jpg 772w\" sizes=\"auto, (max-width: 1200px) 100vw, 1200px\" \/><\/p>\n<h6>3. Quy tr\u00ecnh s\u1ea3n xu\u1ea5t<\/h6>\n<p><img loading=\"lazy\" decoding=\"async\" class=\"alignnone wp-image-1452\" src=\"https:\/\/artisansignages.com\/wp-content\/uploads\/2022\/03\/\u5de5\u827a\u6d41\u7a0b-300x266.jpg\" alt=\"\" width=\"1200\" height=\"1062\" srcset=\"https:\/\/artisansignages.com\/wp-content\/uploads\/2022\/03\/\u5de5\u827a\u6d41\u7a0b-300x266.jpg 300w, https:\/\/artisansignages.com\/wp-content\/uploads\/2022\/03\/\u5de5\u827a\u6d41\u7a0b-600x531.jpg 600w, https:\/\/artisansignages.com\/wp-content\/uploads\/2022\/03\/\u5de5\u827a\u6d41\u7a0b-14x12.jpg 14w, https:\/\/artisansignages.com\/wp-content\/uploads\/2022\/03\/\u5de5\u827a\u6d41\u7a0b.jpg 750w\" sizes=\"auto, (max-width: 1200px) 100vw, 1200px\" \/><\/p>\n<h6>4. B\u1eadt\/t\u1eaft hi\u1ec7u \u1ee9ng<\/h6>\n<p><img loading=\"lazy\" decoding=\"async\" class=\"alignnone wp-image-1453\" src=\"https:\/\/artisansignages.com\/wp-content\/uploads\/2022\/03\/\u5f00\u706f\u5173\u706f\u5c55\u793a-300x130.jpg\" alt=\"\" width=\"1200\" height=\"518\" srcset=\"https:\/\/artisansignages.com\/wp-content\/uploads\/2022\/03\/\u5f00\u706f\u5173\u706f\u5c55\u793a-300x130.jpg 300w, https:\/\/artisansignages.com\/wp-content\/uploads\/2022\/03\/\u5f00\u706f\u5173\u706f\u5c55\u793a-600x259.jpg 600w, https:\/\/artisansignages.com\/wp-content\/uploads\/2022\/03\/\u5f00\u706f\u5173\u706f\u5c55\u793a-18x8.jpg 18w, https:\/\/artisansignages.com\/wp-content\/uploads\/2022\/03\/\u5f00\u706f\u5173\u706f\u5c55\u793a.jpg 725w\" sizes=\"auto, (max-width: 1200px) 100vw, 1200px\" \/><\/p>\n<h6>5. Chi ti\u1ebft \u0111\u00f3ng g\u00f3i<\/h6>\n<p><img loading=\"lazy\" decoding=\"async\" class=\"alignnone wp-image-1455\" src=\"https:\/\/artisansignages.com\/wp-content\/uploads\/2022\/03\/\u914d\u4ef6\u6253\u5305\u56fe-300x187.jpg\" alt=\"\" width=\"1200\" height=\"749\" srcset=\"https:\/\/artisansignages.com\/wp-content\/uploads\/2022\/03\/\u914d\u4ef6\u6253\u5305\u56fe-300x187.jpg 300w, https:\/\/artisansignages.com\/wp-content\/uploads\/2022\/03\/\u914d\u4ef6\u6253\u5305\u56fe-600x375.jpg 600w, https:\/\/artisansignages.com\/wp-content\/uploads\/2022\/03\/\u914d\u4ef6\u6253\u5305\u56fe-18x12.jpg 18w, https:\/\/artisansignages.com\/wp-content\/uploads\/2022\/03\/\u914d\u4ef6\u6253\u5305\u56fe.jpg 753w\" sizes=\"auto, (max-width: 1200px) 100vw, 1200px\" \/><\/p>","protected":false},"excerpt":{"rendered":"<p>M\u1eb7t h\u00e0ng Bi\u1ec3n qu\u1ea3ng c\u00e1o doanh nghi\u1ec7p t\u00f9y ch\u1ec9nh c\u00f3 logo \u0111\u00e8n led chi\u1ebfu s\u00e1ng m\u1eb7t tr\u01b0\u1edbc \u2013 \u0110\u00e8n chi\u1ebfu s\u00e1ng b\u00ean h\u00f4ng Ki\u1ec3u d\u00e1ng V\u1eadt li\u1ec7u Acrylic 3MM\/5MM\/8MM, th\u00e9p kh\u00f4ng g\u1ec9 c\u1ea5p 304\/316 K\u00edch th\u01b0\u1edbc v\u00e0 h\u00ecnh d\u1ea1ng Thi\u1ebft k\u1ebf t\u00f9y ch\u1ec9nh Ngu\u1ed3n s\u00e1ng M\u00f4-\u0111un \u0111\u00e8n LED ch\u1ed1ng th\u1ea5m n\u01b0\u1edbc Bi\u1ebfn \u00e1p Th\u01b0\u01a1ng hi\u1ec7u MeanWell Gia c\u00f4ng C\u1eaft laser, \u0110\u00e1nh b\u00f3ng, S\u01a1n v\u00e0 L\u1eafp r\u00e1p Th\u1eddi gian b\u1ea3o h\u00e0nh Th\u00e9p kh\u00f4ng g\u1ec9 v\u00e0 acrylic l\u00e0 5 n\u0103m, LED v\u00e0 bi\u1ebfn \u00e1p l\u00e0 2 n\u0103m;\u2026<\/p>","protected":false},"featured_media":1481,"comment_status":"closed","ping_status":"closed","template":"","meta":{"_kad_blocks_custom_css":"","_kad_blocks_head_custom_js":"","_kad_blocks_body_custom_js":"","_kad_blocks_footer_custom_js":"","_kadence_starter_templates_imported_post":true,"_kad_post_transparent":"default","_kad_post_title":"","_kad_post_layout":"default","_kad_post_sidebar_id":"","_kad_post_content_style":"default","_kad_post_vertical_padding":"default","_kad_post_feature":"","_kad_post_feature_position":"","_kad_post_header":false,"_kad_post_footer":false},"product_brand":[],"product_cat":[15],"product_tag":[33,30,28,27,29,32,31],"class_list":{"0":"post-1477","1":"product","2":"type-product","3":"status-publish","4":"has-post-thumbnail","6":"product_cat-15","7":"product_tag-3d-sign","8":"product_tag-business-sign","9":"product_tag-channel-letter","10":"product_tag-channel-letters","11":"product_tag-led-sign","12":"product_tag-lightup-sign","13":"product_tag-storefront","15":"first","16":"instock","17":"shipping-taxable","18":"purchasable","19":"product-type-simple","20":"entry","21":"content-bg","22":"loop-entry"},"taxonomy_info":{"product_cat":[{"value":15,"label":"Channel Letter"}],"product_tag":[{"value":33,"label":"3d sign"},{"value":30,"label":"business sign"},{"value":28,"label":"channel letter"},{"value":27,"label":"channel letters"},{"value":29,"label":"led sign"},{"value":32,"label":"lightup sign"},{"value":31,"label":"storefront"}]},"featured_image_src_large":["https:\/\/artisansignages.com\/wp-content\/uploads\/2025\/02\/\u4fa7\u8fb9\u51b2\u5b54\u5e73\u9762\u5b574-768x1024.png",768,1024,true],"author_info":[],"comment_info":0,"_links":{"self":[{"href":"https:\/\/artisansignages.com\/vi\/wp-json\/wp\/v2\/product\/1477","targetHints":{"allow":["GET"]}}],"collection":[{"href":"https:\/\/artisansignages.com\/vi\/wp-json\/wp\/v2\/product"}],"about":[{"href":"https:\/\/artisansignages.com\/vi\/wp-json\/wp\/v2\/types\/product"}],"replies":[{"embeddable":true,"href":"https:\/\/artisansignages.com\/vi\/wp-json\/wp\/v2\/comments?post=1477"}],"wp:featuredmedia":[{"embeddable":true,"href":"https:\/\/artisansignages.com\/vi\/wp-json\/wp\/v2\/media\/1481"}],"wp:attachment":[{"href":"https:\/\/artisansignages.com\/vi\/wp-json\/wp\/v2\/media?parent=1477"}],"wp:term":[{"taxonomy":"product_brand","embeddable":true,"href":"https:\/\/artisansignages.com\/vi\/wp-json\/wp\/v2\/product_brand?post=1477"},{"taxonomy":"product_cat","embeddable":true,"href":"https:\/\/artisansignages.com\/vi\/wp-json\/wp\/v2\/product_cat?post=1477"},{"taxonomy":"product_tag","embeddable":true,"href":"https:\/\/artisansignages.com\/vi\/wp-json\/wp\/v2\/product_tag?post=1477"}],"curies":[{"name":"wp","href":"https:\/\/api.w.org\/{rel}","templated":true}]}}