{"id":1522,"date":"2025-02-05T03:42:50","date_gmt":"2025-02-05T03:42:50","guid":{"rendered":"https:\/\/artisansignages.com\/?post_type=product&#038;p=1522"},"modified":"2025-02-05T03:55:32","modified_gmt":"2025-02-05T03:55:32","slug":"custom-stainless-steel-backlit-signs-letter-signage-floating-backlit-style","status":"publish","type":"product","link":"https:\/\/artisansignages.com\/vi\/san-pham\/custom-stainless-steel-backlit-signs-letter-signage-floating-backlit-style\/","title":{"rendered":"Bi\u1ec3n b\u00e1o ch\u1eef n\u1ed5i b\u1eb1ng th\u00e9p kh\u00f4ng g\u1ec9 c\u00f3 \u0111\u00e8n n\u1ec1n t\u00f9y ch\u1ec9nh - Ki\u1ec3u \u0111\u00e8n n\u1ec1n n\u1ed5i"},"content":{"rendered":"<table>\n<tbody>\n<tr>\n<td width=\"85\"><strong><b>M\u1eb7t h\u00e0ng<\/b><\/strong><\/td>\n<td width=\"477\">Bi\u1ec3n hi\u1ec7u \u0111\u00e8n n\u1ec1n t\u00f9y ch\u1ec9nh C\u1eeda h\u00e0ng kinh doanh b\u1eb1ng th\u00e9p kh\u00f4ng g\u1ec9 Bi\u1ec3n hi\u1ec7u ch\u1eef 3D - Phong c\u00e1ch \u0111\u00e8n n\u1ec1n n\u1ed5i<\/td>\n<\/tr>\n<tr>\n<td width=\"85\"><strong><b>V\u1eadt li\u1ec7u<\/b><\/strong><\/td>\n<td width=\"477\">#201\/304 Th\u00e9p kh\u00f4ng g\u1ec9 + Acrylic<\/td>\n<\/tr>\n<tr>\n<td width=\"85\"><strong><b>K\u00edch th\u01b0\u1edbc v\u00e0 h\u00ecnh d\u1ea1ng<\/b><\/strong><\/td>\n<td width=\"477\">Thi\u1ebft k\u1ebf t\u00f9y ch\u1ec9nh<\/td>\n<\/tr>\n<tr>\n<td width=\"85\"><strong><b>Ngu\u1ed3n s\u00e1ng<\/b><\/strong><\/td>\n<td width=\"477\">M\u00f4-\u0111un Led ch\u1ed1ng n\u01b0\u1edbc<\/td>\n<\/tr>\n<tr>\n<td width=\"85\"><strong><b>M\u00e1y bi\u1ebfn \u00e1p<\/b><\/strong><\/td>\n<td width=\"477\">Th\u01b0\u01a1ng hi\u1ec7u MeanWell<\/td>\n<\/tr>\n<tr>\n<td width=\"85\"><strong><b>X\u1eed l\u00fd<\/b><\/strong><\/td>\n<td width=\"477\">C\u1eaft Laser, \u0110\u00e1nh B\u00f3ng, S\u01a1n &amp; L\u1eafp R\u00e1p<\/td>\n<\/tr>\n<tr>\n<td width=\"85\"><strong><b>Th\u1eddi gian b\u1ea3o h\u00e0nh<\/b><\/strong><\/td>\n<td width=\"477\">Th\u00e9p kh\u00f4ng g\u1ec9 v\u00e0 acrylic l\u00e0 5 n\u0103m, \u0111\u00e8n LED v\u00e0 m\u00e1y bi\u1ebfn \u00e1p l\u00e0 2 n\u0103m;<\/td>\n<\/tr>\n<tr>\n<td width=\"85\"><strong><b>\u0110\u00f3ng g\u00f3i<\/b><\/strong><\/td>\n<td width=\"477\">B\u00ean trong l\u00e0 nh\u1ef1a v\u00e0 x\u1ed1p, b\u00ean ngo\u00e0i l\u00e0 g\u1ed7 \u0111\u1ec7m; b\u00ean ngo\u00e0i l\u00e0 g\u1ed7 v\u1edbi \u1ed1ng kim lo\u1ea1i.<\/td>\n<\/tr>\n<tr>\n<td width=\"85\"><strong><b>S\u1ef1 chi tr\u1ea3<\/b><\/strong><\/td>\n<td width=\"477\">50% \u0111\u1eb7t c\u1ecdc tr\u01b0\u1edbc khi s\u1ea3n xu\u1ea5t, 50% s\u1ed1 d\u01b0 tr\u01b0\u1edbc khi v\u1eadn chuy\u1ec3n; T\/T, Western Union, Paypal<\/td>\n<\/tr>\n<tr>\n<td width=\"85\"><strong><b>Th\u1eddi gian s\u1ea3n ph\u1ea9m<\/b><\/strong><\/td>\n<td width=\"477\">Th\u00f4ng th\u01b0\u1eddng l\u00e0 5-7 ng\u00e0y l\u00e0m vi\u1ec7c, t\u00f9y theo s\u1ed1 l\u01b0\u1ee3ng.<\/td>\n<\/tr>\n<tr>\n<td rowspan=\"3\" width=\"85\"><strong><b>V\u1eadn chuy\u1ec3n<\/b><\/strong><\/td>\n<td width=\"477\">B\u1eb1ng c\u00e1ch chuy\u1ec3n ph\u00e1t nhanh: (DHL, FedEx, TNT, UPS, v.v.), 3-5 ng\u00e0y<\/td>\n<\/tr>\n<tr>\n<td width=\"477\">B\u1eb1ng \u0111\u01b0\u1eddng h\u00e0ng kh\u00f4ng: 5-7 ng\u00e0y<\/td>\n<\/tr>\n<tr>\n<td width=\"477\">\u0110\u01b0\u1eddng bi\u1ec3n: 20-30 ng\u00e0y<\/td>\n<\/tr>\n<\/tbody>\n<\/table>\n<p><img loading=\"lazy\" decoding=\"async\" class=\"alignnone wp-image-1529\" src=\"https:\/\/artisansignages.com\/wp-content\/uploads\/2025\/02\/27-167x300.jpg\" alt=\"\" width=\"1200\" height=\"2162\" srcset=\"https:\/\/artisansignages.com\/wp-content\/uploads\/2025\/02\/27-167x300.jpg 167w, https:\/\/artisansignages.com\/wp-content\/uploads\/2025\/02\/27-568x1024.jpg 568w, https:\/\/artisansignages.com\/wp-content\/uploads\/2025\/02\/27-768x1383.jpg 768w, https:\/\/artisansignages.com\/wp-content\/uploads\/2025\/02\/27-853x1536.jpg 853w, https:\/\/artisansignages.com\/wp-content\/uploads\/2025\/02\/27-7x12.jpg 7w, https:\/\/artisansignages.com\/wp-content\/uploads\/2025\/02\/27-600x1081.jpg 600w, https:\/\/artisansignages.com\/wp-content\/uploads\/2025\/02\/27.jpg 946w\" sizes=\"auto, (max-width: 1200px) 100vw, 1200px\" \/><\/p>\n<p><img loading=\"lazy\" decoding=\"async\" class=\"alignnone wp-image-1526\" src=\"https:\/\/artisansignages.com\/wp-content\/uploads\/2025\/02\/24-237x300.jpg\" alt=\"\" width=\"1200\" height=\"1518\" srcset=\"https:\/\/artisansignages.com\/wp-content\/uploads\/2025\/02\/24-237x300.jpg 237w, https:\/\/artisansignages.com\/wp-content\/uploads\/2025\/02\/24-9x12.jpg 9w, https:\/\/artisansignages.com\/wp-content\/uploads\/2025\/02\/24-600x759.jpg 600w, https:\/\/artisansignages.com\/wp-content\/uploads\/2025\/02\/24.jpg 626w\" sizes=\"auto, (max-width: 1200px) 100vw, 1200px\" \/><\/p>\n<ol>\n<li>\n<h6>Ch\u1ecdn m\u00e0u th\u00e9p kh\u00f4ng g\u1ec9. (C\u00f3 th\u1ec3 s\u01a1n m\u00e0u kh\u00e1c)<\/h6>\n<\/li>\n<\/ol>\n<p><img loading=\"lazy\" decoding=\"async\" class=\"alignnone wp-image-1498\" src=\"https:\/\/artisansignages.com\/wp-content\/uploads\/2025\/02\/eb9358aaeb76bcff9cc61233144dd5e-e1738724636345-300x225.jpg\" alt=\"\" width=\"1200\" height=\"900\" srcset=\"https:\/\/artisansignages.com\/wp-content\/uploads\/2025\/02\/eb9358aaeb76bcff9cc61233144dd5e-e1738724636345-300x225.jpg 300w, https:\/\/artisansignages.com\/wp-content\/uploads\/2025\/02\/eb9358aaeb76bcff9cc61233144dd5e-e1738724636345-1024x768.jpg 1024w, https:\/\/artisansignages.com\/wp-content\/uploads\/2025\/02\/eb9358aaeb76bcff9cc61233144dd5e-e1738724636345-768x576.jpg 768w, https:\/\/artisansignages.com\/wp-content\/uploads\/2025\/02\/eb9358aaeb76bcff9cc61233144dd5e-e1738724636345-1536x1152.jpg 1536w, https:\/\/artisansignages.com\/wp-content\/uploads\/2025\/02\/eb9358aaeb76bcff9cc61233144dd5e-e1738724636345-16x12.jpg 16w, https:\/\/artisansignages.com\/wp-content\/uploads\/2025\/02\/eb9358aaeb76bcff9cc61233144dd5e-e1738724636345-600x450.jpg 600w, https:\/\/artisansignages.com\/wp-content\/uploads\/2025\/02\/eb9358aaeb76bcff9cc61233144dd5e-e1738724636345.jpg 1706w\" sizes=\"auto, (max-width: 1200px) 100vw, 1200px\" \/><\/p>\n<h6>2. Ch\u1ecdn m\u00e0u \u0111\u00e8n n\u1ec1n.<\/h6>\n<p><img loading=\"lazy\" decoding=\"async\" class=\"alignnone wp-image-1520\" src=\"https:\/\/artisansignages.com\/wp-content\/uploads\/2025\/02\/IMG_7697-300x200.jpg\" alt=\"\" width=\"1200\" height=\"800\" srcset=\"https:\/\/artisansignages.com\/wp-content\/uploads\/2025\/02\/IMG_7697-300x200.jpg 300w, https:\/\/artisansignages.com\/wp-content\/uploads\/2025\/02\/IMG_7697-1024x682.jpg 1024w, https:\/\/artisansignages.com\/wp-content\/uploads\/2025\/02\/IMG_7697-768x512.jpg 768w, https:\/\/artisansignages.com\/wp-content\/uploads\/2025\/02\/IMG_7697-1536x1024.jpg 1536w, https:\/\/artisansignages.com\/wp-content\/uploads\/2025\/02\/IMG_7697-2048x1365.jpg 2048w, https:\/\/artisansignages.com\/wp-content\/uploads\/2025\/02\/IMG_7697-18x12.jpg 18w, https:\/\/artisansignages.com\/wp-content\/uploads\/2025\/02\/IMG_7697-600x400.jpg 600w\" sizes=\"auto, (max-width: 1200px) 100vw, 1200px\" \/><\/p>\n<h6>3. Quy tr\u00ecnh s\u1ea3n xu\u1ea5t<\/h6>\n<p><img loading=\"lazy\" decoding=\"async\" class=\"alignnone wp-image-1452\" src=\"https:\/\/artisansignages.com\/wp-content\/uploads\/2022\/03\/\u5de5\u827a\u6d41\u7a0b-300x266.jpg\" alt=\"\" width=\"1200\" height=\"1062\" srcset=\"https:\/\/artisansignages.com\/wp-content\/uploads\/2022\/03\/\u5de5\u827a\u6d41\u7a0b-300x266.jpg 300w, https:\/\/artisansignages.com\/wp-content\/uploads\/2022\/03\/\u5de5\u827a\u6d41\u7a0b-600x531.jpg 600w, https:\/\/artisansignages.com\/wp-content\/uploads\/2022\/03\/\u5de5\u827a\u6d41\u7a0b-14x12.jpg 14w, https:\/\/artisansignages.com\/wp-content\/uploads\/2022\/03\/\u5de5\u827a\u6d41\u7a0b.jpg 750w\" sizes=\"auto, (max-width: 1200px) 100vw, 1200px\" \/><\/p>\n<h6>4. B\u1eadt\/t\u1eaft hi\u1ec7u \u1ee9ng<\/h6>\n<p><img loading=\"lazy\" decoding=\"async\" class=\"alignnone wp-image-1524\" src=\"https:\/\/artisansignages.com\/wp-content\/uploads\/2025\/02\/22-300x240.jpg\" alt=\"\" width=\"1200\" height=\"960\" srcset=\"https:\/\/artisansignages.com\/wp-content\/uploads\/2025\/02\/22-300x240.jpg 300w, https:\/\/artisansignages.com\/wp-content\/uploads\/2025\/02\/22-1024x819.jpg 1024w, https:\/\/artisansignages.com\/wp-content\/uploads\/2025\/02\/22-768x614.jpg 768w, https:\/\/artisansignages.com\/wp-content\/uploads\/2025\/02\/22-1536x1229.jpg 1536w, https:\/\/artisansignages.com\/wp-content\/uploads\/2025\/02\/22-15x12.jpg 15w, https:\/\/artisansignages.com\/wp-content\/uploads\/2025\/02\/22-600x480.jpg 600w, https:\/\/artisansignages.com\/wp-content\/uploads\/2025\/02\/22.jpg 1600w\" sizes=\"auto, (max-width: 1200px) 100vw, 1200px\" \/> <img loading=\"lazy\" decoding=\"async\" class=\"alignnone wp-image-1523\" src=\"https:\/\/artisansignages.com\/wp-content\/uploads\/2025\/02\/21-300x240.jpg\" alt=\"\" width=\"1200\" height=\"960\" srcset=\"https:\/\/artisansignages.com\/wp-content\/uploads\/2025\/02\/21-300x240.jpg 300w, https:\/\/artisansignages.com\/wp-content\/uploads\/2025\/02\/21-1024x819.jpg 1024w, https:\/\/artisansignages.com\/wp-content\/uploads\/2025\/02\/21-768x614.jpg 768w, https:\/\/artisansignages.com\/wp-content\/uploads\/2025\/02\/21-1536x1229.jpg 1536w, https:\/\/artisansignages.com\/wp-content\/uploads\/2025\/02\/21-15x12.jpg 15w, https:\/\/artisansignages.com\/wp-content\/uploads\/2025\/02\/21-600x480.jpg 600w, https:\/\/artisansignages.com\/wp-content\/uploads\/2025\/02\/21.jpg 1600w\" sizes=\"auto, (max-width: 1200px) 100vw, 1200px\" \/><\/p>\n<h6>5. Chi ti\u1ebft \u0111\u00f3ng g\u00f3i<\/h6>\n<p><img loading=\"lazy\" decoding=\"async\" class=\"alignnone wp-image-1455\" src=\"https:\/\/artisansignages.com\/wp-content\/uploads\/2022\/03\/\u914d\u4ef6\u6253\u5305\u56fe-300x187.jpg\" alt=\"\" width=\"1200\" height=\"749\" srcset=\"https:\/\/artisansignages.com\/wp-content\/uploads\/2022\/03\/\u914d\u4ef6\u6253\u5305\u56fe-300x187.jpg 300w, https:\/\/artisansignages.com\/wp-content\/uploads\/2022\/03\/\u914d\u4ef6\u6253\u5305\u56fe-600x375.jpg 600w, https:\/\/artisansignages.com\/wp-content\/uploads\/2022\/03\/\u914d\u4ef6\u6253\u5305\u56fe-18x12.jpg 18w, https:\/\/artisansignages.com\/wp-content\/uploads\/2022\/03\/\u914d\u4ef6\u6253\u5305\u56fe.jpg 753w\" sizes=\"auto, (max-width: 1200px) 100vw, 1200px\" \/><\/p>","protected":false},"excerpt":{"rendered":"<p>M\u1eb7t h\u00e0ng Bi\u1ec3n hi\u1ec7u \u0111\u00e8n n\u1ec1n t\u00f9y ch\u1ec9nh C\u1eeda h\u00e0ng kinh doanh b\u1eb1ng th\u00e9p kh\u00f4ng g\u1ec9 Bi\u1ec3n hi\u1ec7u ch\u1eef 3D - Phong c\u00e1ch \u0111\u00e8n n\u1ec1n n\u1ed5i Ch\u1ea5t li\u1ec7u #201\/304 Th\u00e9p kh\u00f4ng g\u1ec9 + Acrylic K\u00edch th\u01b0\u1edbc v\u00e0 h\u00ecnh d\u1ea1ng Thi\u1ebft k\u1ebf t\u00f9y ch\u1ec9nh Ngu\u1ed3n s\u00e1ng M\u00f4-\u0111un \u0111\u00e8n LED ch\u1ed1ng th\u1ea5m n\u01b0\u1edbc Bi\u1ebfn \u00e1p Th\u01b0\u01a1ng hi\u1ec7u MeanWell Gia c\u00f4ng C\u1eaft laser, \u0111\u00e1nh b\u00f3ng, s\u01a1n v\u00e0 l\u1eafp r\u00e1p Th\u1eddi gian b\u1ea3o h\u00e0nh Th\u00e9p kh\u00f4ng g\u1ec9 v\u00e0 acrylic l\u00e0 5 n\u0103m, \u0111\u00e8n LED v\u00e0 bi\u1ebfn \u00e1p l\u00e0 2 n\u0103m; \u0110\u00f3ng g\u00f3i\u2026<\/p>","protected":false},"featured_media":1527,"comment_status":"closed","ping_status":"closed","template":"","meta":{"_kad_blocks_custom_css":"","_kad_blocks_head_custom_js":"","_kad_blocks_body_custom_js":"","_kad_blocks_footer_custom_js":"","_kadence_starter_templates_imported_post":true,"_kad_post_transparent":"default","_kad_post_title":"","_kad_post_layout":"default","_kad_post_sidebar_id":"","_kad_post_content_style":"default","_kad_post_vertical_padding":"default","_kad_post_feature":"","_kad_post_feature_position":"","_kad_post_header":false,"_kad_post_footer":false},"product_brand":[],"product_cat":[15],"product_tag":[33,30,28,27,29,32,31],"class_list":{"0":"post-1522","1":"product","2":"type-product","3":"status-publish","4":"has-post-thumbnail","6":"product_cat-15","7":"product_tag-3d-sign","8":"product_tag-business-sign","9":"product_tag-channel-letter","10":"product_tag-channel-letters","11":"product_tag-led-sign","12":"product_tag-lightup-sign","13":"product_tag-storefront","15":"first","16":"instock","17":"shipping-taxable","18":"purchasable","19":"product-type-simple","20":"entry","21":"content-bg","22":"loop-entry"},"taxonomy_info":{"product_cat":[{"value":15,"label":"Channel Letter"}],"product_tag":[{"value":33,"label":"3d sign"},{"value":30,"label":"business sign"},{"value":28,"label":"channel letter"},{"value":27,"label":"channel letters"},{"value":29,"label":"led sign"},{"value":32,"label":"lightup sign"},{"value":31,"label":"storefront"}]},"featured_image_src_large":["https:\/\/artisansignages.com\/wp-content\/uploads\/2025\/02\/25.jpg",810,810,false],"author_info":[],"comment_info":0,"_links":{"self":[{"href":"https:\/\/artisansignages.com\/vi\/wp-json\/wp\/v2\/product\/1522","targetHints":{"allow":["GET"]}}],"collection":[{"href":"https:\/\/artisansignages.com\/vi\/wp-json\/wp\/v2\/product"}],"about":[{"href":"https:\/\/artisansignages.com\/vi\/wp-json\/wp\/v2\/types\/product"}],"replies":[{"embeddable":true,"href":"https:\/\/artisansignages.com\/vi\/wp-json\/wp\/v2\/comments?post=1522"}],"wp:featuredmedia":[{"embeddable":true,"href":"https:\/\/artisansignages.com\/vi\/wp-json\/wp\/v2\/media\/1527"}],"wp:attachment":[{"href":"https:\/\/artisansignages.com\/vi\/wp-json\/wp\/v2\/media?parent=1522"}],"wp:term":[{"taxonomy":"product_brand","embeddable":true,"href":"https:\/\/artisansignages.com\/vi\/wp-json\/wp\/v2\/product_brand?post=1522"},{"taxonomy":"product_cat","embeddable":true,"href":"https:\/\/artisansignages.com\/vi\/wp-json\/wp\/v2\/product_cat?post=1522"},{"taxonomy":"product_tag","embeddable":true,"href":"https:\/\/artisansignages.com\/vi\/wp-json\/wp\/v2\/product_tag?post=1522"}],"curies":[{"name":"wp","href":"https:\/\/api.w.org\/{rel}","templated":true}]}}