{"id":1636,"date":"2025-02-06T05:30:33","date_gmt":"2025-02-06T05:30:33","guid":{"rendered":"https:\/\/artisansignages.com\/?post_type=product&#038;p=1636"},"modified":"2025-02-06T05:39:52","modified_gmt":"2025-02-06T05:39:52","slug":"custom-neon-sign","status":"publish","type":"product","link":"https:\/\/artisansignages.com\/vi\/san-pham\/custom-neon-sign\/","title":{"rendered":"Bi\u1ec3n b\u00e1o Neon t\u00f9y ch\u1ec9nh"},"content":{"rendered":"<table>\n<tbody>\n<tr>\n<td width=\"85\"><strong><b>M\u1eb7t h\u00e0ng<\/b><\/strong><\/td>\n<td width=\"477\">Bi\u1ec3n b\u00e1o Neon t\u00f9y ch\u1ec9nh<\/td>\n<\/tr>\n<tr>\n<td width=\"85\"><strong><b>V\u1eadt li\u1ec7u<\/b><\/strong><\/td>\n<td width=\"477\">\u00a0Acrylic<\/td>\n<\/tr>\n<tr>\n<td width=\"85\"><strong><b>K\u00edch th\u01b0\u1edbc v\u00e0 h\u00ecnh d\u1ea1ng<\/b><\/strong><\/td>\n<td width=\"477\">Thi\u1ebft k\u1ebf t\u00f9y ch\u1ec9nh<\/td>\n<\/tr>\n<tr>\n<td width=\"85\"><strong><b>Ngu\u1ed3n s\u00e1ng<\/b><\/strong><\/td>\n<td width=\"477\">M\u00f4-\u0111un Led ch\u1ed1ng n\u01b0\u1edbc<\/td>\n<\/tr>\n<tr>\n<td width=\"85\"><strong><b>M\u00e1y bi\u1ebfn \u00e1p<\/b><\/strong><\/td>\n<td width=\"477\">Th\u01b0\u01a1ng hi\u1ec7u MeanWell<\/td>\n<\/tr>\n<tr>\n<td width=\"85\"><strong><b>X\u1eed l\u00fd<\/b><\/strong><\/td>\n<td width=\"477\">Kh\u1eafc, L\u1eafp r\u00e1p<\/td>\n<\/tr>\n<tr>\n<td width=\"85\"><strong><b>Th\u1eddi gian b\u1ea3o h\u00e0nh<\/b><\/strong><\/td>\n<td width=\"477\">\u0110\u00e8n LED v\u00e0 bi\u1ebfn \u00e1p l\u00e0 1 n\u0103m;<\/td>\n<\/tr>\n<tr>\n<td width=\"85\"><strong><b>\u0110\u00f3ng g\u00f3i<\/b><\/strong><\/td>\n<td width=\"477\">B\u00ean trong l\u00e0 nh\u1ef1a v\u00e0 x\u1ed1p, b\u00ean ngo\u00e0i l\u00e0 g\u1ed7 \u0111\u1ec7m; b\u00ean ngo\u00e0i l\u00e0 g\u1ed7 v\u1edbi \u1ed1ng kim lo\u1ea1i.<\/td>\n<\/tr>\n<tr>\n<td width=\"85\"><strong><b>S\u1ef1 chi tr\u1ea3<\/b><\/strong><\/td>\n<td width=\"477\">50% \u0111\u1eb7t c\u1ecdc tr\u01b0\u1edbc khi s\u1ea3n xu\u1ea5t, 50% s\u1ed1 d\u01b0 tr\u01b0\u1edbc khi v\u1eadn chuy\u1ec3n; T\/T, Western Union, Paypal<\/td>\n<\/tr>\n<tr>\n<td width=\"85\"><strong><b>Th\u1eddi gian s\u1ea3n ph\u1ea9m<\/b><\/strong><\/td>\n<td width=\"477\">Th\u00f4ng th\u01b0\u1eddng l\u00e0 5-7 ng\u00e0y l\u00e0m vi\u1ec7c, t\u00f9y theo s\u1ed1 l\u01b0\u1ee3ng.<\/td>\n<\/tr>\n<tr>\n<td rowspan=\"3\" width=\"85\"><strong><b>V\u1eadn chuy\u1ec3n<\/b><\/strong><\/td>\n<td width=\"477\">B\u1eb1ng c\u00e1ch chuy\u1ec3n ph\u00e1t nhanh: (DHL, FedEx, TNT, UPS, v.v.), 3-5 ng\u00e0y<\/td>\n<\/tr>\n<tr>\n<td width=\"477\">B\u1eb1ng \u0111\u01b0\u1eddng h\u00e0ng kh\u00f4ng: 5-7 ng\u00e0y<\/td>\n<\/tr>\n<tr>\n<td width=\"477\">\u0110\u01b0\u1eddng bi\u1ec3n: 20-30 ng\u00e0y<\/td>\n<\/tr>\n<\/tbody>\n<\/table>\n<p><img loading=\"lazy\" decoding=\"async\" class=\"alignnone wp-image-1637\" src=\"https:\/\/artisansignages.com\/wp-content\/uploads\/2025\/02\/neon1-300x248.jpg\" alt=\"\" width=\"1200\" height=\"991\" srcset=\"https:\/\/artisansignages.com\/wp-content\/uploads\/2025\/02\/neon1-300x248.jpg 300w, https:\/\/artisansignages.com\/wp-content\/uploads\/2025\/02\/neon1-768x635.jpg 768w, https:\/\/artisansignages.com\/wp-content\/uploads\/2025\/02\/neon1-15x12.jpg 15w, https:\/\/artisansignages.com\/wp-content\/uploads\/2025\/02\/neon1-600x496.jpg 600w, https:\/\/artisansignages.com\/wp-content\/uploads\/2025\/02\/neon1.jpg 794w\" sizes=\"auto, (max-width: 1200px) 100vw, 1200px\" \/> <img loading=\"lazy\" decoding=\"async\" class=\"alignnone wp-image-1640\" src=\"https:\/\/artisansignages.com\/wp-content\/uploads\/2025\/02\/NEON4-225x300.jpg\" alt=\"\" width=\"1200\" height=\"1599\" srcset=\"https:\/\/artisansignages.com\/wp-content\/uploads\/2025\/02\/NEON4-225x300.jpg 225w, https:\/\/artisansignages.com\/wp-content\/uploads\/2025\/02\/NEON4-769x1024.jpg 769w, https:\/\/artisansignages.com\/wp-content\/uploads\/2025\/02\/NEON4-768x1023.jpg 768w, https:\/\/artisansignages.com\/wp-content\/uploads\/2025\/02\/NEON4-9x12.jpg 9w, https:\/\/artisansignages.com\/wp-content\/uploads\/2025\/02\/NEON4-600x799.jpg 600w, https:\/\/artisansignages.com\/wp-content\/uploads\/2025\/02\/NEON4.jpg 867w\" sizes=\"auto, (max-width: 1200px) 100vw, 1200px\" \/> <img loading=\"lazy\" decoding=\"async\" class=\"alignnone wp-image-1643\" src=\"https:\/\/artisansignages.com\/wp-content\/uploads\/2025\/02\/neon7-1-300x300.jpg\" alt=\"\" width=\"1200\" height=\"1200\" srcset=\"https:\/\/artisansignages.com\/wp-content\/uploads\/2025\/02\/neon7-1-300x300.jpg 300w, https:\/\/artisansignages.com\/wp-content\/uploads\/2025\/02\/neon7-1-1024x1024.jpg 1024w, https:\/\/artisansignages.com\/wp-content\/uploads\/2025\/02\/neon7-1-150x150.jpg 150w, https:\/\/artisansignages.com\/wp-content\/uploads\/2025\/02\/neon7-1-768x768.jpg 768w, https:\/\/artisansignages.com\/wp-content\/uploads\/2025\/02\/neon7-1-12x12.jpg 12w, https:\/\/artisansignages.com\/wp-content\/uploads\/2025\/02\/neon7-1-1200x1200.jpg 1200w, https:\/\/artisansignages.com\/wp-content\/uploads\/2025\/02\/neon7-1-600x600.jpg 600w, https:\/\/artisansignages.com\/wp-content\/uploads\/2025\/02\/neon7-1-100x100.jpg 100w, https:\/\/artisansignages.com\/wp-content\/uploads\/2025\/02\/neon7-1-170x170.jpg 170w, https:\/\/artisansignages.com\/wp-content\/uploads\/2025\/02\/neon7-1-85x85.jpg 85w, https:\/\/artisansignages.com\/wp-content\/uploads\/2025\/02\/neon7-1.jpg 1500w\" sizes=\"auto, (max-width: 1200px) 100vw, 1200px\" \/> <img loading=\"lazy\" decoding=\"async\" class=\"alignnone wp-image-1642\" src=\"https:\/\/artisansignages.com\/wp-content\/uploads\/2025\/02\/neon6-300x300.jpg\" alt=\"\" width=\"1200\" height=\"1200\" srcset=\"https:\/\/artisansignages.com\/wp-content\/uploads\/2025\/02\/neon6-300x300.jpg 300w, https:\/\/artisansignages.com\/wp-content\/uploads\/2025\/02\/neon6-1024x1024.jpg 1024w, https:\/\/artisansignages.com\/wp-content\/uploads\/2025\/02\/neon6-150x150.jpg 150w, https:\/\/artisansignages.com\/wp-content\/uploads\/2025\/02\/neon6-768x768.jpg 768w, https:\/\/artisansignages.com\/wp-content\/uploads\/2025\/02\/neon6-12x12.jpg 12w, https:\/\/artisansignages.com\/wp-content\/uploads\/2025\/02\/neon6-1200x1200.jpg 1200w, https:\/\/artisansignages.com\/wp-content\/uploads\/2025\/02\/neon6-600x600.jpg 600w, https:\/\/artisansignages.com\/wp-content\/uploads\/2025\/02\/neon6-100x100.jpg 100w, https:\/\/artisansignages.com\/wp-content\/uploads\/2025\/02\/neon6-170x170.jpg 170w, https:\/\/artisansignages.com\/wp-content\/uploads\/2025\/02\/neon6-85x85.jpg 85w, https:\/\/artisansignages.com\/wp-content\/uploads\/2025\/02\/neon6.jpg 1500w\" sizes=\"auto, (max-width: 1200px) 100vw, 1200px\" \/> <img loading=\"lazy\" decoding=\"async\" class=\"alignnone wp-image-1646\" src=\"https:\/\/artisansignages.com\/wp-content\/uploads\/2025\/02\/neon10-300x300.jpg\" alt=\"\" width=\"1200\" height=\"1200\" srcset=\"https:\/\/artisansignages.com\/wp-content\/uploads\/2025\/02\/neon10-300x300.jpg 300w, https:\/\/artisansignages.com\/wp-content\/uploads\/2025\/02\/neon10-1024x1024.jpg 1024w, https:\/\/artisansignages.com\/wp-content\/uploads\/2025\/02\/neon10-150x150.jpg 150w, https:\/\/artisansignages.com\/wp-content\/uploads\/2025\/02\/neon10-768x768.jpg 768w, https:\/\/artisansignages.com\/wp-content\/uploads\/2025\/02\/neon10-12x12.jpg 12w, https:\/\/artisansignages.com\/wp-content\/uploads\/2025\/02\/neon10-1200x1200.jpg 1200w, https:\/\/artisansignages.com\/wp-content\/uploads\/2025\/02\/neon10-600x600.jpg 600w, https:\/\/artisansignages.com\/wp-content\/uploads\/2025\/02\/neon10-100x100.jpg 100w, https:\/\/artisansignages.com\/wp-content\/uploads\/2025\/02\/neon10-170x170.jpg 170w, https:\/\/artisansignages.com\/wp-content\/uploads\/2025\/02\/neon10-85x85.jpg 85w, https:\/\/artisansignages.com\/wp-content\/uploads\/2025\/02\/neon10.jpg 1500w\" sizes=\"auto, (max-width: 1200px) 100vw, 1200px\" \/><\/p>\n<h6>1. Ch\u1ecdn m\u00e0u neon.<\/h6>\n<p><img loading=\"lazy\" decoding=\"async\" class=\"alignnone wp-image-1641\" src=\"https:\/\/artisansignages.com\/wp-content\/uploads\/2025\/02\/NEON5-300x225.jpg\" alt=\"\" width=\"1200\" height=\"900\" srcset=\"https:\/\/artisansignages.com\/wp-content\/uploads\/2025\/02\/NEON5-300x225.jpg 300w, https:\/\/artisansignages.com\/wp-content\/uploads\/2025\/02\/NEON5-1024x768.jpg 1024w, https:\/\/artisansignages.com\/wp-content\/uploads\/2025\/02\/NEON5-768x576.jpg 768w, https:\/\/artisansignages.com\/wp-content\/uploads\/2025\/02\/NEON5-1536x1152.jpg 1536w, https:\/\/artisansignages.com\/wp-content\/uploads\/2025\/02\/NEON5-16x12.jpg 16w, https:\/\/artisansignages.com\/wp-content\/uploads\/2025\/02\/NEON5-600x450.jpg 600w, https:\/\/artisansignages.com\/wp-content\/uploads\/2025\/02\/NEON5.jpg 1706w\" sizes=\"auto, (max-width: 1200px) 100vw, 1200px\" \/><\/p>\n<h6>2. Quy tr\u00ecnh s\u1ea3n xu\u1ea5t<\/h6>\n<p><img loading=\"lazy\" decoding=\"async\" class=\"alignnone wp-image-1452\" src=\"https:\/\/artisansignages.com\/wp-content\/uploads\/2022\/03\/\u5de5\u827a\u6d41\u7a0b-300x266.jpg\" alt=\"\" width=\"1200\" height=\"1062\" srcset=\"https:\/\/artisansignages.com\/wp-content\/uploads\/2022\/03\/\u5de5\u827a\u6d41\u7a0b-300x266.jpg 300w, https:\/\/artisansignages.com\/wp-content\/uploads\/2022\/03\/\u5de5\u827a\u6d41\u7a0b-600x531.jpg 600w, https:\/\/artisansignages.com\/wp-content\/uploads\/2022\/03\/\u5de5\u827a\u6d41\u7a0b-14x12.jpg 14w, https:\/\/artisansignages.com\/wp-content\/uploads\/2022\/03\/\u5de5\u827a\u6d41\u7a0b.jpg 750w\" sizes=\"auto, (max-width: 1200px) 100vw, 1200px\" \/><\/p>\n<h6>3. Chi ti\u1ebft \u0111\u00f3ng g\u00f3i<\/h6>\n<p><img loading=\"lazy\" decoding=\"async\" class=\"alignnone wp-image-1647\" src=\"https:\/\/artisansignages.com\/wp-content\/uploads\/2025\/02\/packing-212x300.png\" alt=\"\" width=\"1200\" height=\"1696\" srcset=\"https:\/\/artisansignages.com\/wp-content\/uploads\/2025\/02\/packing-212x300.png 212w, https:\/\/artisansignages.com\/wp-content\/uploads\/2025\/02\/packing-725x1024.png 725w, https:\/\/artisansignages.com\/wp-content\/uploads\/2025\/02\/packing-8x12.png 8w, https:\/\/artisansignages.com\/wp-content\/uploads\/2025\/02\/packing-600x848.png 600w, https:\/\/artisansignages.com\/wp-content\/uploads\/2025\/02\/packing.png 750w\" sizes=\"auto, (max-width: 1200px) 100vw, 1200px\" \/><\/p>","protected":false},"excerpt":{"rendered":"<p>M\u1eb7t h\u00e0ng Bi\u1ec3n b\u00e1o Neon t\u00f9y ch\u1ec9nh Ch\u1ea5t li\u1ec7u Acrylic K\u00edch th\u01b0\u1edbc v\u00e0 h\u00ecnh d\u1ea1ng Thi\u1ebft k\u1ebf t\u00f9y ch\u1ec9nh Ngu\u1ed3n s\u00e1ng M\u00f4-\u0111un LED ch\u1ed1ng th\u1ea5m n\u01b0\u1edbc Bi\u1ebfn \u00e1p Th\u01b0\u01a1ng hi\u1ec7u MeanWell X\u1eed l\u00fd Kh\u1eafc, L\u1eafp r\u00e1p Th\u1eddi gian b\u1ea3o h\u00e0nh \u0110\u00e8n LED v\u00e0 bi\u1ebfn \u00e1p l\u00e0 1 n\u0103m; \u0110\u00f3ng g\u00f3i B\u00ean trong l\u00e0 nh\u1ef1a v\u00e0 x\u1ed1p, b\u00ean ngo\u00e0i l\u00e0 bao b\u00ec g\u1ed7; b\u00ean ngo\u00e0i l\u00e0 g\u1ed7 v\u1edbi \u1ed1ng kim lo\u1ea1i. Thanh to\u00e1n 50% \u0111\u1eb7t c\u1ecdc tr\u01b0\u1edbc khi s\u1ea3n xu\u1ea5t, s\u1ed1 d\u01b0 50% tr\u01b0\u1edbc khi\u2026<\/p>","protected":false},"featured_media":1637,"comment_status":"closed","ping_status":"closed","template":"","meta":{"_kad_blocks_custom_css":"","_kad_blocks_head_custom_js":"","_kad_blocks_body_custom_js":"","_kad_blocks_footer_custom_js":"","_kadence_starter_templates_imported_post":true,"_kad_post_transparent":"default","_kad_post_title":"","_kad_post_layout":"default","_kad_post_sidebar_id":"","_kad_post_content_style":"default","_kad_post_vertical_padding":"default","_kad_post_feature":"","_kad_post_feature_position":"","_kad_post_header":false,"_kad_post_footer":false},"product_brand":[],"product_cat":[19],"product_tag":[33,30,28,27,29,34,32,31],"class_list":{"0":"post-1636","1":"product","2":"type-product","3":"status-publish","4":"has-post-thumbnail","6":"product_cat-19","7":"product_tag-3d-sign","8":"product_tag-business-sign","9":"product_tag-channel-letter","10":"product_tag-channel-letters","11":"product_tag-led-sign","12":"product_tag-lightbox","13":"product_tag-lightup-sign","14":"product_tag-storefront","16":"first","17":"instock","18":"shipping-taxable","19":"purchasable","20":"product-type-simple","21":"entry","22":"content-bg","23":"loop-entry"},"taxonomy_info":{"product_cat":[{"value":19,"label":"Neon Sign"}],"product_tag":[{"value":33,"label":"3d sign"},{"value":30,"label":"business sign"},{"value":28,"label":"channel letter"},{"value":27,"label":"channel letters"},{"value":29,"label":"led sign"},{"value":34,"label":"lightbox"},{"value":32,"label":"lightup sign"},{"value":31,"label":"storefront"}]},"featured_image_src_large":["https:\/\/artisansignages.com\/wp-content\/uploads\/2025\/02\/neon1.jpg",794,656,false],"author_info":[],"comment_info":0,"_links":{"self":[{"href":"https:\/\/artisansignages.com\/vi\/wp-json\/wp\/v2\/product\/1636","targetHints":{"allow":["GET"]}}],"collection":[{"href":"https:\/\/artisansignages.com\/vi\/wp-json\/wp\/v2\/product"}],"about":[{"href":"https:\/\/artisansignages.com\/vi\/wp-json\/wp\/v2\/types\/product"}],"replies":[{"embeddable":true,"href":"https:\/\/artisansignages.com\/vi\/wp-json\/wp\/v2\/comments?post=1636"}],"wp:featuredmedia":[{"embeddable":true,"href":"https:\/\/artisansignages.com\/vi\/wp-json\/wp\/v2\/media\/1637"}],"wp:attachment":[{"href":"https:\/\/artisansignages.com\/vi\/wp-json\/wp\/v2\/media?parent=1636"}],"wp:term":[{"taxonomy":"product_brand","embeddable":true,"href":"https:\/\/artisansignages.com\/vi\/wp-json\/wp\/v2\/product_brand?post=1636"},{"taxonomy":"product_cat","embeddable":true,"href":"https:\/\/artisansignages.com\/vi\/wp-json\/wp\/v2\/product_cat?post=1636"},{"taxonomy":"product_tag","embeddable":true,"href":"https:\/\/artisansignages.com\/vi\/wp-json\/wp\/v2\/product_tag?post=1636"}],"curies":[{"name":"wp","href":"https:\/\/api.w.org\/{rel}","templated":true}]}}